{"id":913,"date":"2024-11-07T08:55:59","date_gmt":"2024-11-07T07:55:59","guid":{"rendered":"https:\/\/wayunki.com\/?post_type=product&#038;p=913"},"modified":"2025-07-04T16:52:30","modified_gmt":"2025-07-04T14:52:30","slug":"zvonkohra","status":"publish","type":"product","link":"https:\/\/wayunki.com\/es\/producto\/zvonkohra\/","title":{"rendered":"Ambientn\u00ed zvonkohra"},"content":{"rendered":"","protected":false},"excerpt":{"rendered":"<p>Lanko pro pou\u017eit\u00ed Wayunki jako zvonkohry. Vyd\u00e1v\u00e1 zvuk p\u0159i pohybu. M\u016f\u017eete s n\u00ed pohupovat \u010di lehce to\u010dit, co\u017e vytv\u00e1\u0159\u00ed zaj\u00edmav\u00fd zvukov\u00fd efekt &#8211; viz. video:<\/p>\n<div style=\"position: relative; padding-top: 56.25%;\"><iframe style=\"position: absolute; inset: 0px;\" title=\"Wayunki zvonkohra\" src=\"https:\/\/video.algaweb.cz\/videos\/embed\/dc88e061-d23c-4fb3-8380-96fac1ecb04d?title=0&amp;warningTitle=0&amp;peertubeLink=0\" width=\"100%\" height=\"100%\" frameborder=\"0\" sandbox=\"allow-same-origin allow-scripts allow-popups allow-forms\" allowfullscreen=\"allowfullscreen\"><\/iframe><\/div>","protected":false},"featured_media":1388,"comment_status":"open","ping_status":"closed","template":"","meta":[],"product_brand":[],"product_cat":[43],"product_tag":[73],"class_list":{"0":"post-913","1":"product","2":"type-product","3":"status-publish","4":"has-post-thumbnail","6":"product_cat-zvonkohra","7":"product_tag-zvonkohry","9":"first","10":"instock","11":"taxable","12":"shipping-taxable","13":"purchasable","14":"product-type-simple"},"_links":{"self":[{"href":"https:\/\/wayunki.com\/es\/wp-json\/wp\/v2\/product\/913","targetHints":{"allow":["GET"]}}],"collection":[{"href":"https:\/\/wayunki.com\/es\/wp-json\/wp\/v2\/product"}],"about":[{"href":"https:\/\/wayunki.com\/es\/wp-json\/wp\/v2\/types\/product"}],"replies":[{"embeddable":true,"href":"https:\/\/wayunki.com\/es\/wp-json\/wp\/v2\/comments?post=913"}],"wp:featuredmedia":[{"embeddable":true,"href":"https:\/\/wayunki.com\/es\/wp-json\/wp\/v2\/media\/1388"}],"wp:attachment":[{"href":"https:\/\/wayunki.com\/es\/wp-json\/wp\/v2\/media?parent=913"}],"wp:term":[{"taxonomy":"product_brand","embeddable":true,"href":"https:\/\/wayunki.com\/es\/wp-json\/wp\/v2\/product_brand?post=913"},{"taxonomy":"product_cat","embeddable":true,"href":"https:\/\/wayunki.com\/es\/wp-json\/wp\/v2\/product_cat?post=913"},{"taxonomy":"product_tag","embeddable":true,"href":"https:\/\/wayunki.com\/es\/wp-json\/wp\/v2\/product_tag?post=913"}],"curies":[{"name":"wp","href":"https:\/\/api.w.org\/{rel}","templated":true}]}}