{"id":2546,"date":"2025-06-19T12:48:07","date_gmt":"2025-06-19T10:48:07","guid":{"rendered":"https:\/\/wayunki.com\/?post_type=product&#038;p=2546"},"modified":"2026-04-07T17:33:58","modified_gmt":"2026-04-07T15:33:58","slug":"wayunki","status":"publish","type":"product","link":"https:\/\/wayunki.com\/es\/producto\/wayunki\/","title":{"rendered":"Wayunki"},"content":{"rendered":"","protected":false},"excerpt":{"rendered":"<p class=\"translation-block\">Sou\u010d\u00e1st\u00ed balen\u00ed je jedna pali\u010dka. Obal a Ambientn\u00ed zvonkohra <strong>nen\u00ed<\/strong> sou\u010d\u00e1st\u00ed.<\/p>\n<p>El cuerpo de Wayunki s\u00f3lo est\u00e1 disponible en \"aluminio plateado\". Las copas est\u00e1n disponibles en 4 variantes de color con acabado \"ELOX\".<\/p>","protected":false},"featured_media":2200,"comment_status":"open","ping_status":"closed","template":"","meta":[],"product_brand":[],"product_cat":[76],"product_tag":[77],"class_list":{"0":"post-2546","1":"product","2":"type-product","3":"status-publish","4":"has-post-thumbnail","6":"product_cat-wayunki","7":"product_tag-wayunki","9":"first","10":"instock","11":"taxable","12":"shipping-taxable","13":"purchasable","14":"product-type-variable"},"_links":{"self":[{"href":"https:\/\/wayunki.com\/es\/wp-json\/wp\/v2\/product\/2546","targetHints":{"allow":["GET"]}}],"collection":[{"href":"https:\/\/wayunki.com\/es\/wp-json\/wp\/v2\/product"}],"about":[{"href":"https:\/\/wayunki.com\/es\/wp-json\/wp\/v2\/types\/product"}],"replies":[{"embeddable":true,"href":"https:\/\/wayunki.com\/es\/wp-json\/wp\/v2\/comments?post=2546"}],"wp:featuredmedia":[{"embeddable":true,"href":"https:\/\/wayunki.com\/es\/wp-json\/wp\/v2\/media\/2200"}],"wp:attachment":[{"href":"https:\/\/wayunki.com\/es\/wp-json\/wp\/v2\/media?parent=2546"}],"wp:term":[{"taxonomy":"product_brand","embeddable":true,"href":"https:\/\/wayunki.com\/es\/wp-json\/wp\/v2\/product_brand?post=2546"},{"taxonomy":"product_cat","embeddable":true,"href":"https:\/\/wayunki.com\/es\/wp-json\/wp\/v2\/product_cat?post=2546"},{"taxonomy":"product_tag","embeddable":true,"href":"https:\/\/wayunki.com\/es\/wp-json\/wp\/v2\/product_tag?post=2546"}],"curies":[{"name":"wp","href":"https:\/\/api.w.org\/{rel}","templated":true}]}}