{"id":3487,"date":"2025-10-08T11:59:21","date_gmt":"2025-10-08T09:59:21","guid":{"rendered":"https:\/\/wayunki.com\/?page_id=3487"},"modified":"2026-04-14T16:28:21","modified_gmt":"2026-04-14T14:28:21","slug":"ladeni","status":"publish","type":"page","link":"https:\/\/wayunki.com\/es\/ladeni\/","title":{"rendered":"Depuraci\u00f3n"},"content":{"rendered":"<div data-elementor-type=\"wp-page\" data-elementor-id=\"3487\" class=\"elementor elementor-3487\" data-elementor-post-type=\"page\">\n\t\t\t\t<div class=\"elementor-element elementor-element-af25a8a e-con-full e-flex e-con e-child\" data-id=\"af25a8a\" data-element_type=\"container\" data-e-type=\"container\" data-settings=\"{&quot;background_background&quot;:&quot;video&quot;,&quot;background_video_start&quot;:0}\">\n\t\t\t\t<div class=\"elementor-element elementor-element-22d267b elementor-widget elementor-widget-heading\" data-id=\"22d267b\" data-element_type=\"widget\" data-e-type=\"widget\" data-widget_type=\"heading.default\">\n\t\t\t\t<div class=\"elementor-widget-container\">\n\t\t\t\t\t<h1 class=\"elementor-heading-title elementor-size-default\">Depuraci\u00f3n<\/h1>\t\t\t\t<\/div>\n\t\t\t\t<\/div>\n\t\t\t\t<div class=\"elementor-element elementor-element-ac3f304 elementor-align-center elementor-widget elementor-widget-button\" data-id=\"ac3f304\" data-element_type=\"widget\" data-e-type=\"widget\" data-widget_type=\"button.default\">\n\t\t\t\t<div class=\"elementor-widget-container\">\n\t\t\t\t\t\t\t\t\t<div class=\"elementor-button-wrapper\">\n\t\t\t\t\t<a class=\"elementor-button elementor-button-link elementor-size-lg elementor-animation-grow\" href=\"https:\/\/wayunki.com\/en\/product\/wayunki\/\">\n\t\t\t\t\t\t<span class=\"elementor-button-content-wrapper\">\n\t\t\t\t\t\t\t\t\t<span class=\"elementor-button-text\">Tienda electr\u00f3nica<\/span>\n\t\t\t\t\t<\/span>\n\t\t\t\t\t<\/a>\n\t\t\t\t<\/div>\n\t\t\t\t\t\t\t\t<\/div>\n\t\t\t\t<\/div>\n\t\t\t\t<\/div>\n\t\t<div class=\"elementor-element elementor-element-058f288 e-flex e-con-boxed e-con e-parent\" data-id=\"058f288\" data-element_type=\"container\" data-e-type=\"container\">\n\t\t\t\t\t<div class=\"e-con-inner\">\n\t\t\t\t<div class=\"elementor-element elementor-element-a4122ab image-left elementor-widget elementor-widget-image\" data-id=\"a4122ab\" data-element_type=\"widget\" data-e-type=\"widget\" data-widget_type=\"image.default\">\n\t\t\t\t<div class=\"elementor-widget-container\">\n\t\t\t\t\t\t\t\t\t\t\t\t\t\t\t<img fetchpriority=\"high\" decoding=\"async\" width=\"768\" height=\"511\" src=\"https:\/\/wayunki.com\/wp-content\/uploads\/2025\/10\/wayunki_purple_photo-768x511.jpg\" class=\"attachment-medium_large size-medium_large wp-image-3491\" alt=\"\" srcset=\"https:\/\/wayunki.com\/wp-content\/uploads\/2025\/10\/wayunki_purple_photo-768x511.jpg 768w, https:\/\/wayunki.com\/wp-content\/uploads\/2025\/10\/wayunki_purple_photo-300x200.jpg 300w, https:\/\/wayunki.com\/wp-content\/uploads\/2025\/10\/wayunki_purple_photo-18x12.jpg 18w, https:\/\/wayunki.com\/wp-content\/uploads\/2025\/10\/wayunki_purple_photo.jpg 1000w\" sizes=\"(max-width: 768px) 100vw, 768px\" \/>\t\t\t\t\t\t\t\t\t\t\t\t\t\t\t<\/div>\n\t\t\t\t<\/div>\n\t\t<div class=\"elementor-element elementor-element-6ab7639 e-con-full e-flex e-con e-child\" data-id=\"6ab7639\" data-element_type=\"container\" data-e-type=\"container\">\n\t\t\t\t<div class=\"elementor-element elementor-element-8aba988 elementor-widget elementor-widget-text-editor\" data-id=\"8aba988\" data-element_type=\"widget\" data-e-type=\"widget\" data-widget_type=\"text-editor.default\">\n\t\t\t\t<div class=\"elementor-widget-container\">\n\t\t\t\t\t\t\t\t\t<p>Wayunki m\u00e1 nalad\u011bn\u00fdch 6 t\u00f3n\u016f, kter\u00e9 v\u017edy vych\u00e1zej\u00ed z jedn\u00e9 stupnice. Tak je zaru\u010deno, \u017ee cel\u00fd n\u00e1stroj zn\u00ed v jedn\u00e9 harmonii, \u010dili nelze na n\u011bj zahr\u00e1t \u201cfale\u0161n\u00fd\u201d nebo disonantn\u00ed t\u00f3n. I t\u00edm je tento n\u00e1stroj svou jednoduchost\u00ed p\u0159edur\u010den v\u0161em, koho jeho zvuk p\u0159iv\u00e1b\u00ed. Hra je \u010dist\u011b intuitivn\u00ed a zvl\u00e1dne ji \u00fapln\u011b ka\u017ed\u00fd. V\u0161echna lad\u011bn\u00ed, ve kter\u00fdch se Wayunki vyr\u00e1b\u00ed, jsou v\u00fdsledkem intuitivn\u00edho procesu v\u00fdb\u011bru. Ne ka\u017ed\u00fd postup t\u00f3n\u016f, by\u0165 vych\u00e1z\u00ed z jedn\u00e9 stupnice, zn\u00ed na Wayunki lib\u011b a n\u011bkter\u00e9 postupy ani nejdou zrealizovat tak, aby byl v\u00fdsledek uspokojiv\u00fd.<\/p><p>Tud\u00ed\u017e bylo vybr\u00e1no p\u00e1r t\u011bch nejl\u00e9pe zn\u011bj\u00edc\u00edch kombinac\u00ed t\u00f3n\u016f, kter\u00e9 jsou k dispozici. Vzhledem k tomu, \u017ee m\u00e1 Wayunki 6 t\u00f3n\u016f, jsou dan\u00e9 kombinace sp\u00ed\u0161e akordy k vytvo\u0159en\u00ed atmosf\u00e9ry a nalad\u011bn\u00ed, ne\u017e \u017ee by se na n\u011b daly hr\u00e1t n\u011bjak\u00e9 konkr\u00e9tn\u00ed melodie. Ka\u017ed\u00e9 lad\u011bn\u00ed m\u00e1 specifickou n\u00e1ladu a p\u0159in\u00e1\u0161\u00ed r\u016fzn\u00e9 kvality a typy energi\u00ed. Kvalitami r\u016fzn\u00fdch t\u00f3nov\u00fdch postup\u016f se podrobn\u011bji zab\u00fdv\u00e1 indick\u00e1 nauka o r\u00e1g\u00e1ch.<\/p><p>V na\u0161em z\u00e1padn\u00edm prost\u0159ed\u00ed pro lep\u0161\u00ed orientaci p\u0159i\u0159azujeme ka\u017ed\u00e9 lad\u011bn\u00ed intuitivn\u011b k jednotliv\u00fdm p\u0159\u00edrodn\u00edm element\u016fm \u010dty\u0159 sm\u011br\u016f \u0161amansk\u00e9ho kola. Ohe\u0148, voda, zem\u011b, vzduch.<\/p>\t\t\t\t\t\t\t\t<\/div>\n\t\t\t\t<\/div>\n\t\t\t\t<\/div>\n\t\t\t\t\t<\/div>\n\t\t\t\t<\/div>\n\t\t<div class=\"elementor-element elementor-element-ce310e9 e-grid e-con-boxed e-con e-parent\" data-id=\"ce310e9\" data-element_type=\"container\" data-e-type=\"container\">\n\t\t\t\t\t<div class=\"e-con-inner\">\n\t\t<div class=\"elementor-element elementor-element-c529eb1 e-con-full e-flex e-con e-child\" data-id=\"c529eb1\" data-element_type=\"container\" data-e-type=\"container\">\n\t\t\t\t<div class=\"elementor-element elementor-element-3fff265 elementor-widget elementor-widget-image\" data-id=\"3fff265\" data-element_type=\"widget\" data-e-type=\"widget\" data-widget_type=\"image.default\">\n\t\t\t\t<div class=\"elementor-widget-container\">\n\t\t\t\t\t\t\t\t\t\t\t\t\t\t\t<img decoding=\"async\" width=\"62\" height=\"62\" src=\"https:\/\/wayunki.com\/wp-content\/uploads\/2025\/10\/wayunki_ohen.png\" class=\"attachment-large size-large wp-image-3496\" alt=\"\" srcset=\"https:\/\/wayunki.com\/wp-content\/uploads\/2025\/10\/wayunki_ohen.png 62w, https:\/\/wayunki.com\/wp-content\/uploads\/2025\/10\/wayunki_ohen-12x12.png 12w\" sizes=\"(max-width: 62px) 100vw, 62px\" \/>\t\t\t\t\t\t\t\t\t\t\t\t\t\t\t<\/div>\n\t\t\t\t<\/div>\n\t\t\t\t<div class=\"elementor-element elementor-element-f3fd13e elementor-widget elementor-widget-text-editor\" data-id=\"f3fd13e\" data-element_type=\"widget\" data-e-type=\"widget\" data-widget_type=\"text-editor.default\">\n\t\t\t\t<div class=\"elementor-widget-container\">\n\t\t\t\t\t\t\t\t\t<p><b>Ohe\u0148<\/b><\/p>\t\t\t\t\t\t\t\t<\/div>\n\t\t\t\t<\/div>\n\t\t\t\t<\/div>\n\t\t<div class=\"elementor-element elementor-element-c7874c3 e-con-full e-flex e-con e-child\" data-id=\"c7874c3\" data-element_type=\"container\" data-e-type=\"container\">\n\t\t\t\t<div class=\"elementor-element elementor-element-44a8a26 elementor-widget elementor-widget-image\" data-id=\"44a8a26\" data-element_type=\"widget\" data-e-type=\"widget\" data-widget_type=\"image.default\">\n\t\t\t\t<div class=\"elementor-widget-container\">\n\t\t\t\t\t\t\t\t\t\t\t\t\t\t\t<img decoding=\"async\" width=\"62\" height=\"62\" src=\"https:\/\/wayunki.com\/wp-content\/uploads\/2025\/10\/wayunki_voda.png\" class=\"attachment-large size-large wp-image-3497\" alt=\"\" srcset=\"https:\/\/wayunki.com\/wp-content\/uploads\/2025\/10\/wayunki_voda.png 62w, https:\/\/wayunki.com\/wp-content\/uploads\/2025\/10\/wayunki_voda-12x12.png 12w\" sizes=\"(max-width: 62px) 100vw, 62px\" \/>\t\t\t\t\t\t\t\t\t\t\t\t\t\t\t<\/div>\n\t\t\t\t<\/div>\n\t\t\t\t<div class=\"elementor-element elementor-element-7da3176 elementor-widget elementor-widget-text-editor\" data-id=\"7da3176\" data-element_type=\"widget\" data-e-type=\"widget\" data-widget_type=\"text-editor.default\">\n\t\t\t\t<div class=\"elementor-widget-container\">\n\t\t\t\t\t\t\t\t\t<p><b>Voda<\/b><\/p>\t\t\t\t\t\t\t\t<\/div>\n\t\t\t\t<\/div>\n\t\t\t\t<\/div>\n\t\t<div class=\"elementor-element elementor-element-22a4952 e-con-full e-flex e-con e-child\" data-id=\"22a4952\" data-element_type=\"container\" data-e-type=\"container\">\n\t\t\t\t<div class=\"elementor-element elementor-element-896298c elementor-widget elementor-widget-image\" data-id=\"896298c\" data-element_type=\"widget\" data-e-type=\"widget\" data-widget_type=\"image.default\">\n\t\t\t\t<div class=\"elementor-widget-container\">\n\t\t\t\t\t\t\t\t\t\t\t\t\t\t\t<img loading=\"lazy\" decoding=\"async\" width=\"62\" height=\"62\" src=\"https:\/\/wayunki.com\/wp-content\/uploads\/2025\/10\/wayunki_zeme.png\" class=\"attachment-large size-large wp-image-3495\" alt=\"\" srcset=\"https:\/\/wayunki.com\/wp-content\/uploads\/2025\/10\/wayunki_zeme.png 62w, https:\/\/wayunki.com\/wp-content\/uploads\/2025\/10\/wayunki_zeme-12x12.png 12w\" sizes=\"(max-width: 62px) 100vw, 62px\" \/>\t\t\t\t\t\t\t\t\t\t\t\t\t\t\t<\/div>\n\t\t\t\t<\/div>\n\t\t\t\t<div class=\"elementor-element elementor-element-40d453d elementor-widget elementor-widget-text-editor\" data-id=\"40d453d\" data-element_type=\"widget\" data-e-type=\"widget\" data-widget_type=\"text-editor.default\">\n\t\t\t\t<div class=\"elementor-widget-container\">\n\t\t\t\t\t\t\t\t\t<p><b>Zem\u011b<\/b><\/p>\t\t\t\t\t\t\t\t<\/div>\n\t\t\t\t<\/div>\n\t\t\t\t<\/div>\n\t\t<div class=\"elementor-element elementor-element-509a5fc e-con-full e-flex e-con e-child\" data-id=\"509a5fc\" data-element_type=\"container\" data-e-type=\"container\">\n\t\t\t\t<div class=\"elementor-element elementor-element-c97cae8 elementor-widget elementor-widget-image\" data-id=\"c97cae8\" data-element_type=\"widget\" data-e-type=\"widget\" data-widget_type=\"image.default\">\n\t\t\t\t<div class=\"elementor-widget-container\">\n\t\t\t\t\t\t\t\t\t\t\t\t\t\t\t<img loading=\"lazy\" decoding=\"async\" width=\"62\" height=\"62\" src=\"https:\/\/wayunki.com\/wp-content\/uploads\/2025\/10\/wayunki_vzduch.png\" class=\"attachment-large size-large wp-image-3498\" alt=\"\" srcset=\"https:\/\/wayunki.com\/wp-content\/uploads\/2025\/10\/wayunki_vzduch.png 62w, https:\/\/wayunki.com\/wp-content\/uploads\/2025\/10\/wayunki_vzduch-12x12.png 12w\" sizes=\"(max-width: 62px) 100vw, 62px\" \/>\t\t\t\t\t\t\t\t\t\t\t\t\t\t\t<\/div>\n\t\t\t\t<\/div>\n\t\t\t\t<div class=\"elementor-element elementor-element-979824d elementor-widget elementor-widget-text-editor\" data-id=\"979824d\" data-element_type=\"widget\" data-e-type=\"widget\" data-widget_type=\"text-editor.default\">\n\t\t\t\t<div class=\"elementor-widget-container\">\n\t\t\t\t\t\t\t\t\t<p><b>Vzduch<\/b><\/p>\t\t\t\t\t\t\t\t<\/div>\n\t\t\t\t<\/div>\n\t\t\t\t<\/div>\n\t\t\t\t\t<\/div>\n\t\t\t\t<\/div>\n\t\t<div class=\"elementor-element elementor-element-04b8ec0 e-grid e-con-boxed e-con e-parent\" data-id=\"04b8ec0\" data-element_type=\"container\" data-e-type=\"container\">\n\t\t\t\t\t<div class=\"e-con-inner\">\n\t\t<div class=\"elementor-element elementor-element-bff6960 e-con-full e-flex e-con e-child\" data-id=\"bff6960\" data-element_type=\"container\" data-e-type=\"container\">\n\t\t\t\t<div class=\"elementor-element elementor-element-a54d661 elementor-widget elementor-widget-image\" data-id=\"a54d661\" data-element_type=\"widget\" data-e-type=\"widget\" data-widget_type=\"image.default\">\n\t\t\t\t<div class=\"elementor-widget-container\">\n\t\t\t\t\t\t\t\t\t\t\t\t\t\t\t<img loading=\"lazy\" decoding=\"async\" width=\"62\" height=\"62\" src=\"https:\/\/wayunki.com\/wp-content\/uploads\/2025\/10\/wayunki_vzduch.png\" class=\"attachment-large size-large wp-image-3498\" alt=\"\" srcset=\"https:\/\/wayunki.com\/wp-content\/uploads\/2025\/10\/wayunki_vzduch.png 62w, https:\/\/wayunki.com\/wp-content\/uploads\/2025\/10\/wayunki_vzduch-12x12.png 12w\" sizes=\"(max-width: 62px) 100vw, 62px\" \/>\t\t\t\t\t\t\t\t\t\t\t\t\t\t\t<\/div>\n\t\t\t\t<\/div>\n\t\t\t\t<div class=\"elementor-element elementor-element-dd8e98f elementor-widget elementor-widget-shortcode\" data-id=\"dd8e98f\" data-element_type=\"widget\" data-e-type=\"widget\" data-widget_type=\"shortcode.default\">\n\t\t\t\t<div class=\"elementor-widget-container\">\n\t\t\t\t\t\t\t<div class=\"elementor-shortcode\"><div class=\"custom-audio-player\">\n  <h4>G maj<\/h4>\n  <p class=\"tones\">\u2669 G H D F# g h<\/p>\n  <audio controls>\n    <source src=\"https:\/\/wayunki.com\/wp-content\/uploads\/2024\/06\/Wayu-Gmaj.mp3\">\n  <\/audio>\n<\/div><\/div>\n\t\t\t\t\t\t<\/div>\n\t\t\t\t<\/div>\n\t\t\t\t<\/div>\n\t\t<div class=\"elementor-element elementor-element-113c36b e-con-full e-flex e-con e-child\" data-id=\"113c36b\" data-element_type=\"container\" data-e-type=\"container\">\n\t\t\t\t<div class=\"elementor-element elementor-element-31a4819 elementor-widget elementor-widget-image\" data-id=\"31a4819\" data-element_type=\"widget\" data-e-type=\"widget\" data-widget_type=\"image.default\">\n\t\t\t\t<div class=\"elementor-widget-container\">\n\t\t\t\t\t\t\t\t\t\t\t\t\t\t\t<img loading=\"lazy\" decoding=\"async\" width=\"62\" height=\"62\" src=\"https:\/\/wayunki.com\/wp-content\/uploads\/2025\/10\/wayunki_vzduch.png\" class=\"attachment-large size-large wp-image-3498\" alt=\"\" srcset=\"https:\/\/wayunki.com\/wp-content\/uploads\/2025\/10\/wayunki_vzduch.png 62w, https:\/\/wayunki.com\/wp-content\/uploads\/2025\/10\/wayunki_vzduch-12x12.png 12w\" sizes=\"(max-width: 62px) 100vw, 62px\" \/>\t\t\t\t\t\t\t\t\t\t\t\t\t\t\t<\/div>\n\t\t\t\t<\/div>\n\t\t\t\t<div class=\"elementor-element elementor-element-923b234 elementor-widget elementor-widget-shortcode\" data-id=\"923b234\" data-element_type=\"widget\" data-e-type=\"widget\" data-widget_type=\"shortcode.default\">\n\t\t\t\t<div class=\"elementor-widget-container\">\n\t\t\t\t\t\t\t<div class=\"elementor-shortcode\"><div class=\"custom-audio-player\">\n  <h4>G\/C dur<\/h4>\n  <p class=\"tones\">\u2669 G C E g a c<\/p>\n  <audio controls>\n    <source src=\"https:\/\/wayunki.com\/wp-content\/uploads\/2024\/06\/Wayu-G-Cdur.mp3\">\n  <\/audio>\n<\/div><\/div>\n\t\t\t\t\t\t<\/div>\n\t\t\t\t<\/div>\n\t\t\t\t<\/div>\n\t\t<div class=\"elementor-element elementor-element-af5f716 e-con-full e-flex e-con e-child\" data-id=\"af5f716\" data-element_type=\"container\" data-e-type=\"container\">\n\t\t\t\t<div class=\"elementor-element elementor-element-ad84480 elementor-widget elementor-widget-image\" data-id=\"ad84480\" data-element_type=\"widget\" data-e-type=\"widget\" data-widget_type=\"image.default\">\n\t\t\t\t<div class=\"elementor-widget-container\">\n\t\t\t\t\t\t\t\t\t\t\t\t\t\t\t<img decoding=\"async\" width=\"62\" height=\"62\" src=\"https:\/\/wayunki.com\/wp-content\/uploads\/2025\/10\/wayunki_ohen.png\" class=\"attachment-large size-large wp-image-3496\" alt=\"\" srcset=\"https:\/\/wayunki.com\/wp-content\/uploads\/2025\/10\/wayunki_ohen.png 62w, https:\/\/wayunki.com\/wp-content\/uploads\/2025\/10\/wayunki_ohen-12x12.png 12w\" sizes=\"(max-width: 62px) 100vw, 62px\" \/>\t\t\t\t\t\t\t\t\t\t\t\t\t\t\t<\/div>\n\t\t\t\t<\/div>\n\t\t\t\t<div class=\"elementor-element elementor-element-732a32a elementor-widget elementor-widget-shortcode\" data-id=\"732a32a\" data-element_type=\"widget\" data-e-type=\"widget\" data-widget_type=\"shortcode.default\">\n\t\t\t\t<div class=\"elementor-widget-container\">\n\t\t\t\t\t\t\t<div class=\"elementor-shortcode\"><div class=\"custom-audio-player\">\n  <h4>G\/C moll<\/h4>\n  <p class=\"tones\">\u2669 G C D# g a# d<\/p>\n  <audio controls>\n    <source src=\"https:\/\/wayunki.com\/wp-content\/uploads\/2024\/06\/Wayu-G-Cmoll.mp3\">\n  <\/audio>\n<\/div><\/div>\n\t\t\t\t\t\t<\/div>\n\t\t\t\t<\/div>\n\t\t\t\t<\/div>\n\t\t<div class=\"elementor-element elementor-element-0cd051e e-con-full e-flex e-con e-child\" data-id=\"0cd051e\" data-element_type=\"container\" data-e-type=\"container\">\n\t\t\t\t<div class=\"elementor-element elementor-element-07fd744 elementor-widget elementor-widget-image\" data-id=\"07fd744\" data-element_type=\"widget\" data-e-type=\"widget\" data-widget_type=\"image.default\">\n\t\t\t\t<div class=\"elementor-widget-container\">\n\t\t\t\t\t\t\t\t\t\t\t\t\t\t\t<img loading=\"lazy\" decoding=\"async\" width=\"62\" height=\"62\" src=\"https:\/\/wayunki.com\/wp-content\/uploads\/2025\/10\/wayunki_vzduch.png\" class=\"attachment-large size-large wp-image-3498\" alt=\"\" srcset=\"https:\/\/wayunki.com\/wp-content\/uploads\/2025\/10\/wayunki_vzduch.png 62w, https:\/\/wayunki.com\/wp-content\/uploads\/2025\/10\/wayunki_vzduch-12x12.png 12w\" sizes=\"(max-width: 62px) 100vw, 62px\" \/>\t\t\t\t\t\t\t\t\t\t\t\t\t\t\t<\/div>\n\t\t\t\t<\/div>\n\t\t\t\t<div class=\"elementor-element elementor-element-ee1c27c elementor-widget elementor-widget-shortcode\" data-id=\"ee1c27c\" data-element_type=\"widget\" data-e-type=\"widget\" data-widget_type=\"shortcode.default\">\n\t\t\t\t<div class=\"elementor-widget-container\">\n\t\t\t\t\t\t\t<div class=\"elementor-shortcode\"><div class=\"custom-audio-player\">\n  <h4>A maj<\/h4>\n  <p class=\"tones\">\u2669 A C# E G# a c#<\/p>\n  <audio controls>\n    <source src=\"https:\/\/wayunki.com\/wp-content\/uploads\/2025\/09\/Wayu-Amaj.mp3\">\n  <\/audio>\n<\/div><\/div>\n\t\t\t\t\t\t<\/div>\n\t\t\t\t<\/div>\n\t\t\t\t<\/div>\n\t\t<div class=\"elementor-element elementor-element-8462162 e-con-full e-flex e-con e-child\" data-id=\"8462162\" data-element_type=\"container\" data-e-type=\"container\">\n\t\t\t\t<div class=\"elementor-element elementor-element-eadc582 elementor-widget elementor-widget-image\" data-id=\"eadc582\" data-element_type=\"widget\" data-e-type=\"widget\" data-widget_type=\"image.default\">\n\t\t\t\t<div class=\"elementor-widget-container\">\n\t\t\t\t\t\t\t\t\t\t\t\t\t\t\t<img decoding=\"async\" width=\"62\" height=\"62\" src=\"https:\/\/wayunki.com\/wp-content\/uploads\/2025\/10\/wayunki_voda.png\" class=\"attachment-large size-large wp-image-3497\" alt=\"\" srcset=\"https:\/\/wayunki.com\/wp-content\/uploads\/2025\/10\/wayunki_voda.png 62w, https:\/\/wayunki.com\/wp-content\/uploads\/2025\/10\/wayunki_voda-12x12.png 12w\" sizes=\"(max-width: 62px) 100vw, 62px\" \/>\t\t\t\t\t\t\t\t\t\t\t\t\t\t\t<\/div>\n\t\t\t\t<\/div>\n\t\t\t\t<div class=\"elementor-element elementor-element-7d829c2 elementor-widget elementor-widget-shortcode\" data-id=\"7d829c2\" data-element_type=\"widget\" data-e-type=\"widget\" data-widget_type=\"shortcode.default\">\n\t\t\t\t<div class=\"elementor-widget-container\">\n\t\t\t\t\t\t\t<div class=\"elementor-shortcode\"><div class=\"custom-audio-player\">\n  <h4>A moll<\/h4>\n  <p class=\"tones\">\u2669 A C E G h c<\/p>\n  <audio controls>\n    <source src=\"https:\/\/wayunki.com\/wp-content\/uploads\/2024\/06\/Wayu-Amoll1.mp3\">\n  <\/audio>\n<\/div><\/div>\n\t\t\t\t\t\t<\/div>\n\t\t\t\t<\/div>\n\t\t\t\t<\/div>\n\t\t<div class=\"elementor-element elementor-element-b92bb51 e-con-full e-flex e-con e-child\" data-id=\"b92bb51\" data-element_type=\"container\" data-e-type=\"container\">\n\t\t\t\t<div class=\"elementor-element elementor-element-ed324de elementor-widget elementor-widget-image\" data-id=\"ed324de\" data-element_type=\"widget\" data-e-type=\"widget\" data-widget_type=\"image.default\">\n\t\t\t\t<div class=\"elementor-widget-container\">\n\t\t\t\t\t\t\t\t\t\t\t\t\t\t\t<img loading=\"lazy\" decoding=\"async\" width=\"62\" height=\"62\" src=\"https:\/\/wayunki.com\/wp-content\/uploads\/2025\/10\/wayunki_zeme.png\" class=\"attachment-large size-large wp-image-3495\" alt=\"\" srcset=\"https:\/\/wayunki.com\/wp-content\/uploads\/2025\/10\/wayunki_zeme.png 62w, https:\/\/wayunki.com\/wp-content\/uploads\/2025\/10\/wayunki_zeme-12x12.png 12w\" sizes=\"(max-width: 62px) 100vw, 62px\" \/>\t\t\t\t\t\t\t\t\t\t\t\t\t\t\t<\/div>\n\t\t\t\t<\/div>\n\t\t\t\t<div class=\"elementor-element elementor-element-059b8ca elementor-widget elementor-widget-shortcode\" data-id=\"059b8ca\" data-element_type=\"widget\" data-e-type=\"widget\" data-widget_type=\"shortcode.default\">\n\t\t\t\t<div class=\"elementor-widget-container\">\n\t\t\t\t\t\t\t<div class=\"elementor-shortcode\"><div class=\"custom-audio-player\">\n  <h4>A\/D moll<\/h4>\n  <p class=\"tones\">\u2669 A C D F a c<\/p>\n  <audio controls>\n    <source src=\"https:\/\/wayunki.com\/wp-content\/uploads\/2024\/06\/Wayu-A-Dmoll.mp3\">\n  <\/audio>\n<\/div><\/div>\n\t\t\t\t\t\t<\/div>\n\t\t\t\t<\/div>\n\t\t\t\t<\/div>\n\t\t<div class=\"elementor-element elementor-element-f3a83fd e-con-full e-flex e-con e-child\" data-id=\"f3a83fd\" data-element_type=\"container\" data-e-type=\"container\">\n\t\t\t\t<div class=\"elementor-element elementor-element-f76c8e3 elementor-widget elementor-widget-image\" data-id=\"f76c8e3\" data-element_type=\"widget\" data-e-type=\"widget\" data-widget_type=\"image.default\">\n\t\t\t\t<div class=\"elementor-widget-container\">\n\t\t\t\t\t\t\t\t\t\t\t\t\t\t\t<img decoding=\"async\" width=\"62\" height=\"62\" src=\"https:\/\/wayunki.com\/wp-content\/uploads\/2025\/10\/wayunki_voda.png\" class=\"attachment-large size-large wp-image-3497\" alt=\"\" srcset=\"https:\/\/wayunki.com\/wp-content\/uploads\/2025\/10\/wayunki_voda.png 62w, https:\/\/wayunki.com\/wp-content\/uploads\/2025\/10\/wayunki_voda-12x12.png 12w\" sizes=\"(max-width: 62px) 100vw, 62px\" \/>\t\t\t\t\t\t\t\t\t\t\t\t\t\t\t<\/div>\n\t\t\t\t<\/div>\n\t\t\t\t<div class=\"elementor-element elementor-element-aa84355 elementor-widget elementor-widget-shortcode\" data-id=\"aa84355\" data-element_type=\"widget\" data-e-type=\"widget\" data-widget_type=\"shortcode.default\">\n\t\t\t\t<div class=\"elementor-widget-container\">\n\t\t\t\t\t\t\t<div class=\"elementor-shortcode\"><div class=\"custom-audio-player\">\n  <h4>Fis moll<\/h4>\n  <p class=\"tones\">\u2669 F# A C# E g# a<\/p>\n  <audio controls>\n    <source src=\"https:\/\/wayunki.com\/wp-content\/uploads\/2024\/06\/Wayu-Fismoll.mp3\">\n  <\/audio>\n<\/div><\/div>\n\t\t\t\t\t\t<\/div>\n\t\t\t\t<\/div>\n\t\t\t\t<\/div>\n\t\t<div class=\"elementor-element elementor-element-d2fb6a7 e-con-full elementor-hidden-desktop elementor-hidden-tablet elementor-hidden-mobile e-flex e-con e-child\" data-id=\"d2fb6a7\" data-element_type=\"container\" data-e-type=\"container\">\n\t\t\t\t<div class=\"elementor-element elementor-element-e87d094 elementor-widget elementor-widget-image\" data-id=\"e87d094\" data-element_type=\"widget\" data-e-type=\"widget\" data-widget_type=\"image.default\">\n\t\t\t\t<div class=\"elementor-widget-container\">\n\t\t\t\t\t\t\t\t\t\t\t\t\t\t\t<img loading=\"lazy\" decoding=\"async\" width=\"62\" height=\"62\" src=\"https:\/\/wayunki.com\/wp-content\/uploads\/2025\/10\/wayunki_vzduch.png\" class=\"attachment-large size-large wp-image-3498\" alt=\"\" srcset=\"https:\/\/wayunki.com\/wp-content\/uploads\/2025\/10\/wayunki_vzduch.png 62w, https:\/\/wayunki.com\/wp-content\/uploads\/2025\/10\/wayunki_vzduch-12x12.png 12w\" sizes=\"(max-width: 62px) 100vw, 62px\" \/>\t\t\t\t\t\t\t\t\t\t\t\t\t\t\t<\/div>\n\t\t\t\t<\/div>\n\t\t\t\t<div class=\"elementor-element elementor-element-78b0248 elementor-widget elementor-widget-shortcode\" data-id=\"78b0248\" data-element_type=\"widget\" data-e-type=\"widget\" data-widget_type=\"shortcode.default\">\n\t\t\t\t<div class=\"elementor-widget-container\">\n\t\t\t\t\t\t\t<div class=\"elementor-shortcode\"><div class=\"custom-audio-player\">\n  <h4>A maj 2<\/h4>\n  <p class=\"tones\">\u2669 A H C# E g# h<\/p>\n  <audio controls>\n    <source src=\"https:\/\/wayunki.com\/wp-content\/uploads\/2025\/09\/Wayu-Amaj2.mp3\">\n  <\/audio>\n<\/div><\/div>\n\t\t\t\t\t\t<\/div>\n\t\t\t\t<\/div>\n\t\t\t\t<\/div>\n\t\t\t\t\t<\/div>\n\t\t\t\t<\/div>\n\t\t\t\t<\/div>","protected":false},"excerpt":{"rendered":"<p>Lad\u011bn\u00ed E-shop Wayunki m\u00e1 nalad\u011bn\u00fdch 6 t\u00f3n\u016f, kter\u00e9 v\u017edy vych\u00e1zej\u00ed z jedn\u00e9 stupnice. Tak je zaru\u010deno, \u017ee cel\u00fd n\u00e1stroj zn\u00ed v jedn\u00e9 harmonii, \u010dili nelze na n\u011bj zahr\u00e1t \u201cfale\u0161n\u00fd\u201d nebo disonantn\u00ed t\u00f3n. I t\u00edm je tento n\u00e1stroj svou jednoduchost\u00ed p\u0159edur\u010den v\u0161em, koho jeho zvuk p\u0159iv\u00e1b\u00ed. Hra je \u010dist\u011b intuitivn\u00ed a zvl\u00e1dne ji \u00fapln\u011b ka\u017ed\u00fd. V\u0161echna [&hellip;]<\/p>\n","protected":false},"author":4,"featured_media":0,"parent":0,"menu_order":0,"comment_status":"closed","ping_status":"closed","template":"","meta":{"footnotes":""},"class_list":["post-3487","page","type-page","status-publish","hentry"],"_links":{"self":[{"href":"https:\/\/wayunki.com\/es\/wp-json\/wp\/v2\/pages\/3487","targetHints":{"allow":["GET"]}}],"collection":[{"href":"https:\/\/wayunki.com\/es\/wp-json\/wp\/v2\/pages"}],"about":[{"href":"https:\/\/wayunki.com\/es\/wp-json\/wp\/v2\/types\/page"}],"author":[{"embeddable":true,"href":"https:\/\/wayunki.com\/es\/wp-json\/wp\/v2\/users\/4"}],"replies":[{"embeddable":true,"href":"https:\/\/wayunki.com\/es\/wp-json\/wp\/v2\/comments?post=3487"}],"version-history":[{"count":95,"href":"https:\/\/wayunki.com\/es\/wp-json\/wp\/v2\/pages\/3487\/revisions"}],"predecessor-version":[{"id":4873,"href":"https:\/\/wayunki.com\/es\/wp-json\/wp\/v2\/pages\/3487\/revisions\/4873"}],"wp:attachment":[{"href":"https:\/\/wayunki.com\/es\/wp-json\/wp\/v2\/media?parent=3487"}],"curies":[{"name":"wp","href":"https:\/\/api.w.org\/{rel}","templated":true}]}}