{"id":3452,"date":"2025-10-07T16:56:17","date_gmt":"2025-10-07T14:56:17","guid":{"rendered":"https:\/\/wayunki.com\/?page_id=3452"},"modified":"2025-10-22T14:33:27","modified_gmt":"2025-10-22T12:33:27","slug":"o-nas","status":"publish","type":"page","link":"https:\/\/wayunki.com\/es\/o-nas\/","title":{"rendered":"Qui\u00e9nes somos"},"content":{"rendered":"<div data-elementor-type=\"wp-page\" data-elementor-id=\"3452\" class=\"elementor elementor-3452\" data-elementor-post-type=\"page\">\n\t\t\t\t<div class=\"elementor-element elementor-element-46e1690 e-con-full e-flex e-con e-child\" data-id=\"46e1690\" data-element_type=\"container\" data-e-type=\"container\" data-settings=\"{&quot;background_background&quot;:&quot;video&quot;,&quot;background_video_start&quot;:0}\">\n\t\t\t\t<div class=\"elementor-element elementor-element-02d9b32 elementor-widget elementor-widget-heading\" data-id=\"02d9b32\" data-element_type=\"widget\" data-e-type=\"widget\" data-widget_type=\"heading.default\">\n\t\t\t\t<div class=\"elementor-widget-container\">\n\t\t\t\t\t<h1 class=\"elementor-heading-title elementor-size-default\">Qui\u00e9nes somos<\/h1>\t\t\t\t<\/div>\n\t\t\t\t<\/div>\n\t\t\t\t<div class=\"elementor-element elementor-element-fad7717 elementor-align-center elementor-widget elementor-widget-button\" data-id=\"fad7717\" data-element_type=\"widget\" data-e-type=\"widget\" data-widget_type=\"button.default\">\n\t\t\t\t<div class=\"elementor-widget-container\">\n\t\t\t\t\t\t\t\t\t<div class=\"elementor-button-wrapper\">\n\t\t\t\t\t<a class=\"elementor-button elementor-button-link elementor-size-lg elementor-animation-grow\" href=\"https:\/\/wayunki.com\/en\/product\/wayunki\/\">\n\t\t\t\t\t\t<span class=\"elementor-button-content-wrapper\">\n\t\t\t\t\t\t\t\t\t<span class=\"elementor-button-text\">Tienda electr\u00f3nica<\/span>\n\t\t\t\t\t<\/span>\n\t\t\t\t\t<\/a>\n\t\t\t\t<\/div>\n\t\t\t\t\t\t\t\t<\/div>\n\t\t\t\t<\/div>\n\t\t\t\t<\/div>\n\t\t<div class=\"elementor-element elementor-element-92fc60b e-flex e-con-boxed e-con e-parent\" data-id=\"92fc60b\" data-element_type=\"container\" data-e-type=\"container\">\n\t\t\t\t\t<div class=\"e-con-inner\">\n\t\t\t\t<div class=\"elementor-element elementor-element-da49d8f image-left elementor-widget elementor-widget-image\" data-id=\"da49d8f\" data-element_type=\"widget\" data-e-type=\"widget\" data-widget_type=\"image.default\">\n\t\t\t\t<div class=\"elementor-widget-container\">\n\t\t\t\t\t\t\t\t\t\t\t\t\t\t\t<img fetchpriority=\"high\" decoding=\"async\" width=\"768\" height=\"511\" src=\"https:\/\/wayunki.com\/wp-content\/uploads\/2025\/10\/wayunki_o_nas_photo_1-768x511.jpg\" class=\"attachment-medium_large size-medium_large wp-image-3457\" alt=\"\" srcset=\"https:\/\/wayunki.com\/wp-content\/uploads\/2025\/10\/wayunki_o_nas_photo_1-768x511.jpg 768w, https:\/\/wayunki.com\/wp-content\/uploads\/2025\/10\/wayunki_o_nas_photo_1-300x200.jpg 300w, https:\/\/wayunki.com\/wp-content\/uploads\/2025\/10\/wayunki_o_nas_photo_1-18x12.jpg 18w, https:\/\/wayunki.com\/wp-content\/uploads\/2025\/10\/wayunki_o_nas_photo_1.jpg 1000w\" sizes=\"(max-width: 768px) 100vw, 768px\" \/>\t\t\t\t\t\t\t\t\t\t\t\t\t\t\t<\/div>\n\t\t\t\t<\/div>\n\t\t<div class=\"elementor-element elementor-element-a58331d e-con-full e-flex e-con e-child\" data-id=\"a58331d\" data-element_type=\"container\" data-e-type=\"container\">\n\t\t\t\t<div class=\"elementor-element elementor-element-4e09b26 elementor-widget elementor-widget-text-editor\" data-id=\"4e09b26\" data-element_type=\"widget\" data-e-type=\"widget\" data-widget_type=\"text-editor.default\">\n\t\t\t\t<div class=\"elementor-widget-container\">\n\t\t\t\t\t\t\t\t\t<p>Aktu\u00e1ln\u011b jsme v neju\u017e\u0161\u00edm t\u00fdmu dva. J\u00e1 \u2013 Ond\u0159ej Janou\u0161ek \u2013 jako autor a Martin Studen\u00fd jako v\u0161e ostatn\u00ed \ud83d\ude42 Bez Martyho by tento cel\u00fd projekt pravd\u011bpodobn\u011b nevznikl a j\u00e1 bych d\u00e1l vyr\u00e1b\u011bl Wayunki na sv\u00fdch kolenou v m\u00e9 d\u00edlni\u010dce u lesa. Pokud bych m\u011bl b\u00fdt j\u00e1 sp\u00ed\u0161e srdce a mozek projektu, tak Martin je ruce a nohy\u2026 ale fakt je, \u017ee je s t\u00edm do jist\u00e9 m\u00edry \u017eonglujeme.<\/p>\t\t\t\t\t\t\t\t<\/div>\n\t\t\t\t<\/div>\n\t\t\t\t<\/div>\n\t\t\t\t\t<\/div>\n\t\t\t\t<\/div>\n\t\t<div class=\"elementor-element elementor-element-cdb1e1c e-flex e-con-boxed e-con e-parent\" data-id=\"cdb1e1c\" data-element_type=\"container\" data-e-type=\"container\">\n\t\t\t\t\t<div class=\"e-con-inner\">\n\t\t<div class=\"elementor-element elementor-element-720e35e e-con-full e-flex e-con e-child\" data-id=\"720e35e\" data-element_type=\"container\" data-e-type=\"container\">\n\t\t\t\t<div class=\"elementor-element elementor-element-10cdd55 elementor-widget elementor-widget-heading\" data-id=\"10cdd55\" data-element_type=\"widget\" data-e-type=\"widget\" data-widget_type=\"heading.default\">\n\t\t\t\t<div class=\"elementor-widget-container\">\n\t\t\t\t\t<h2 class=\"elementor-heading-title elementor-size-default\">Autor \u2013 Ond\u0159ej aka Sundibaad<\/h2>\t\t\t\t<\/div>\n\t\t\t\t<\/div>\n\t\t\t\t<div class=\"elementor-element elementor-element-b811e9b elementor-widget elementor-widget-text-editor\" data-id=\"b811e9b\" data-element_type=\"widget\" data-e-type=\"widget\" data-widget_type=\"text-editor.default\">\n\t\t\t\t<div class=\"elementor-widget-container\">\n\t\t\t\t\t\t\t\t\t<p>M\u00fdm nosn\u00fdm \u017eivotn\u00edm t\u00e9matem je zvuk a hudba. Ji\u017e odjak\u017eiva jsem m\u011bl bl\u00edzko k hudb\u011b a sotva co jsem v pubert\u00e1ln\u00edm v\u011bku nabyl jist\u00e9 zru\u010dnosti, za\u010dal jsem konstruovat r\u016fzn\u00e9 experiment\u00e1ln\u00ed n\u00e1stroje a vyu\u017e\u00edval je p\u0159i hran\u00ed. V\u017edy m\u011b fascinovaly i technick\u00e9 obory, kter\u00e9 se sna\u017e\u00ed pochopit a vyu\u017e\u00edt z\u00e1kony univerza, jako je fyzika, chemie a elektrotechnika. Znalosti z t\u011bchto obor\u016f spolu s touhou po dokonal\u00e9m a libozvu\u010dn\u00e9m hudebn\u00edm n\u00e1stroji na m\u00edru a schopnost\u00ed tvo\u0159it rukama a zhmot\u0148ovat n\u00e1pady m\u011b p\u0159ivedly k v\u00fdrob\u011b hudebn\u00edch n\u00e1stroj\u016f.<\/p>\n<p>A\u010dkoliv jsem v\u017edy t\u00edhnul sp\u00ed\u0161e ke d\u0159evu jako materi\u00e1lu pro tvo\u0159en\u00ed, kov si m\u011b p\u0159it\u00e1hl pr\u00e1v\u011b d\u00edky unik\u00e1tn\u00edm hudebn\u00edm a zvukov\u00fdm mo\u017enostem. Ji\u017e dlouh\u00e1 l\u00e9ta se v\u011bnuji v\u00fdrob\u011b Sundrum\u016f pod nickem SundiBaad. P\u0159i v\u00fdvoji Sundrum\u016f jsem vyu\u017eil t\u00e9m\u011b\u0159 v\u0161echno sv\u00e9 v\u011bd\u011bn\u00ed z r\u016fzn\u00fdch obor\u016f a vydestiloval je ve zvukolib\u00fd hudebn\u00ed n\u00e1stroj, kter\u00fd p\u0159in\u00e1\u0161\u00ed radost a \u010dasto i l\u00e9\u010den\u00ed mnoha spokojen\u00fdm z\u00e1kazn\u00edk\u016fm. A tak skrze m\u011b spat\u0159il sv\u011btlo sv\u011bta dal\u0161\u00ed kovov\u00fd hudebn\u00ed n\u00e1stroj Wayunki.<\/p>\n<p>Vytv\u00e1\u0159en\u00ed unik\u00e1tn\u00edch hudebn\u00edch n\u00e1stroj\u016f je mou \u017eivotn\u00ed v\u00e1\u0161n\u00ed a m\u00fdm dobrodru\u017estv\u00edm. S radost\u00ed a fascinac\u00ed pak pozoruji, co v\u0161e tyto n\u00e1stroje do sv\u011bta p\u0159in\u00e1\u0161\u00ed a jak\u00e9 m\u016f\u017ee b\u00fdt jejich vyu\u017eit\u00ed, o kter\u00e9m jsem nem\u011bl ani tu\u0161en\u00ed. Tyto skrze m\u011b se rod\u00edc\u00ed bytosti maj\u00ed sv\u016fj z\u00e1m\u011br a sv\u016fj p\u0159\u00edb\u011bh, kter\u00fd m\u011b dalece p\u0159esahuje\u2026 A tak se jim sna\u017e\u00edm d\u00e1vat voln\u00fd pr\u016fchod\u2026<\/p>\t\t\t\t\t\t\t\t<\/div>\n\t\t\t\t<\/div>\n\t\t\t\t<\/div>\n\t\t\t\t<div class=\"elementor-element elementor-element-63fd599 image-right elementor-widget elementor-widget-image\" data-id=\"63fd599\" data-element_type=\"widget\" data-e-type=\"widget\" data-widget_type=\"image.default\">\n\t\t\t\t<div class=\"elementor-widget-container\">\n\t\t\t\t\t\t\t\t\t\t\t\t\t\t\t<img decoding=\"async\" width=\"768\" height=\"511\" src=\"https:\/\/wayunki.com\/wp-content\/uploads\/2025\/10\/wayunki_sundibaad_photo-768x511.jpg\" class=\"attachment-medium_large size-medium_large wp-image-3458\" alt=\"\" srcset=\"https:\/\/wayunki.com\/wp-content\/uploads\/2025\/10\/wayunki_sundibaad_photo-768x511.jpg 768w, https:\/\/wayunki.com\/wp-content\/uploads\/2025\/10\/wayunki_sundibaad_photo-300x200.jpg 300w, https:\/\/wayunki.com\/wp-content\/uploads\/2025\/10\/wayunki_sundibaad_photo-18x12.jpg 18w, https:\/\/wayunki.com\/wp-content\/uploads\/2025\/10\/wayunki_sundibaad_photo-100x67.jpg 100w, https:\/\/wayunki.com\/wp-content\/uploads\/2025\/10\/wayunki_sundibaad_photo.jpg 1000w\" sizes=\"(max-width: 768px) 100vw, 768px\" \/>\t\t\t\t\t\t\t\t\t\t\t\t\t\t\t<\/div>\n\t\t\t\t<\/div>\n\t\t\t\t\t<\/div>\n\t\t\t\t<\/div>\n\t\t<div class=\"elementor-element elementor-element-7102113 e-flex e-con-boxed e-con e-parent\" data-id=\"7102113\" data-element_type=\"container\" data-e-type=\"container\">\n\t\t\t\t\t<div class=\"e-con-inner\">\n\t\t\t\t<div class=\"elementor-element elementor-element-bd097cd image-left elementor-widget elementor-widget-image\" data-id=\"bd097cd\" data-element_type=\"widget\" data-e-type=\"widget\" data-widget_type=\"image.default\">\n\t\t\t\t<div class=\"elementor-widget-container\">\n\t\t\t\t\t\t\t\t\t\t\t\t\t\t\t<img decoding=\"async\" width=\"768\" height=\"511\" src=\"https:\/\/wayunki.com\/wp-content\/uploads\/2025\/10\/wayunki_pribeh_pic-768x511.jpg\" class=\"attachment-medium_large size-medium_large wp-image-3387\" alt=\"\" srcset=\"https:\/\/wayunki.com\/wp-content\/uploads\/2025\/10\/wayunki_pribeh_pic-768x511.jpg 768w, https:\/\/wayunki.com\/wp-content\/uploads\/2025\/10\/wayunki_pribeh_pic-300x200.jpg 300w, https:\/\/wayunki.com\/wp-content\/uploads\/2025\/10\/wayunki_pribeh_pic-18x12.jpg 18w, https:\/\/wayunki.com\/wp-content\/uploads\/2025\/10\/wayunki_pribeh_pic-100x67.jpg 100w, https:\/\/wayunki.com\/wp-content\/uploads\/2025\/10\/wayunki_pribeh_pic.jpg 1000w\" sizes=\"(max-width: 768px) 100vw, 768px\" \/>\t\t\t\t\t\t\t\t\t\t\t\t\t\t\t<\/div>\n\t\t\t\t<\/div>\n\t\t<div class=\"elementor-element elementor-element-fbfb466 e-con-full e-flex e-con e-child\" data-id=\"fbfb466\" data-element_type=\"container\" data-e-type=\"container\">\n\t\t\t\t<div class=\"elementor-element elementor-element-ff3e177 elementor-widget elementor-widget-heading\" data-id=\"ff3e177\" data-element_type=\"widget\" data-e-type=\"widget\" data-widget_type=\"heading.default\">\n\t\t\t\t<div class=\"elementor-widget-container\">\n\t\t\t\t\t<h2 class=\"elementor-heading-title elementor-size-default\">O Martym<\/h2>\t\t\t\t<\/div>\n\t\t\t\t<\/div>\n\t\t\t\t<div class=\"elementor-element elementor-element-612c82c elementor-widget elementor-widget-text-editor\" data-id=\"612c82c\" data-element_type=\"widget\" data-e-type=\"widget\" data-widget_type=\"text-editor.default\">\n\t\t\t\t<div class=\"elementor-widget-container\">\n\t\t\t\t\t\t\t\t\t<p>Odjak\u017eiva jsem zv\u00eddav\u00e1 a objevitelsk\u00e1 du\u0161e. Svou pou\u0165 \u017eivotem motivovanou byt\u00edm v srdci a pravd\u011b mne v\u017edy vedla p\u0159esn\u011b tam, kam jsem m\u011bl j\u00edt. U\u010dit se, pozn\u00e1vat, ps\u00e1t b\u00e1sn\u011b, skl\u00e1dat p\u00edsn\u011b, setk\u00e1vat se s lidmi v\u0161emo\u017en\u00e9ho charakteru, p\u0159\u00edb\u011bhu a posl\u00e1ni. Jakmile mne \u017eivot zav\u00e1l k \u017eivotu na jihu \u010cech, nebylo to n\u00e1hodou, kdy\u017e kapela hledala buben\u00edka, co\u017e je jeden z obor\u016f, kter\u00e9mu se v\u011bnuju. Tak jsem se poznal s Ondrou. Muzikantem, vyn\u00e1lezcem a mystikem. Po roce spole\u010dn\u00e9ho muzic\u00edrov\u00e1n\u00ed se vybarvila skute\u010dnost, \u017ee m\u00e9 technick\u00e9 zku\u0161enosti s kovov\u00fdrobou zapadali do obrazu spolupr\u00e1ce.<\/p><p>N\u00e1\u0161 spole\u010dn\u00fd z\u00e1jem o hudbu a \u010dasto shoduj\u00edc\u00ed se pohled na \u017eivot n\u00e1s p\u0159esv\u011bd\u010dil, \u017ee cesta, na kterou se hodl\u00e1me vydat je to, co stoj\u00ed za zkou\u0161ku. Nad\u0161en\u00ed pro v\u011bc bylo ohromn\u00e9, hned jsem se dal do pr\u00e1ce. Znalosti, postoj a p\u0159\u00edstup k pr\u00e1ci i \u017eivotu se na v\u0161em co d\u011bl\u00e1me, podepisuje. Toto rozhodnut\u00ed naplno v\u011bnovat energii v\u00fdrob\u011b n\u00e1stroj\u016f se Sundibaadem m\u011b dopomohlo se zastavit a svou skoro 4 roky dlouho pou\u0165 za \u201en\u011b\u010d\u00edm\u201c ukon\u010dit. Beru to jako skute\u010dnou duchovn\u00ed cestu, proto\u017ee za\u010d\u00edt podnikat je velk\u00e1 v\u00fdzva, ve kter\u00e9 se pot\u00fdk\u00e1te s kdejak\u00fdmi v\u00fdzvami. Spoluvytv\u00e1\u0159et hudebn\u00ed nastroj, kter\u00fd hlad\u00ed na duchu je \u010dest. V\u011b\u0159\u00edm, \u017ee v\u0161em poslou\u017e\u00ed tak jak m\u00e1. Hudba p\u0159ece povzn\u00e1\u0161\u00ed ducha.<\/p>\t\t\t\t\t\t\t\t<\/div>\n\t\t\t\t<\/div>\n\t\t\t\t<\/div>\n\t\t\t\t\t<\/div>\n\t\t\t\t<\/div>\n\t\t\t\t<\/div>","protected":false},"excerpt":{"rendered":"<p>O n\u00e1s E-shop Aktu\u00e1ln\u011b jsme v neju\u017e\u0161\u00edm t\u00fdmu dva. J\u00e1 \u2013 Ond\u0159ej Janou\u0161ek \u2013 jako autor a Martin Studen\u00fd jako v\u0161e ostatn\u00ed \ud83d\ude42 Bez Martyho by tento cel\u00fd projekt pravd\u011bpodobn\u011b nevznikl a j\u00e1 bych d\u00e1l vyr\u00e1b\u011bl Wayunki na sv\u00fdch kolenou v m\u00e9 d\u00edlni\u010dce u lesa. Pokud bych m\u011bl b\u00fdt j\u00e1 sp\u00ed\u0161e srdce a mozek projektu, [&hellip;]<\/p>\n","protected":false},"author":4,"featured_media":0,"parent":0,"menu_order":0,"comment_status":"closed","ping_status":"closed","template":"","meta":{"footnotes":""},"class_list":["post-3452","page","type-page","status-publish","hentry"],"_links":{"self":[{"href":"https:\/\/wayunki.com\/es\/wp-json\/wp\/v2\/pages\/3452","targetHints":{"allow":["GET"]}}],"collection":[{"href":"https:\/\/wayunki.com\/es\/wp-json\/wp\/v2\/pages"}],"about":[{"href":"https:\/\/wayunki.com\/es\/wp-json\/wp\/v2\/types\/page"}],"author":[{"embeddable":true,"href":"https:\/\/wayunki.com\/es\/wp-json\/wp\/v2\/users\/4"}],"replies":[{"embeddable":true,"href":"https:\/\/wayunki.com\/es\/wp-json\/wp\/v2\/comments?post=3452"}],"version-history":[{"count":70,"href":"https:\/\/wayunki.com\/es\/wp-json\/wp\/v2\/pages\/3452\/revisions"}],"predecessor-version":[{"id":3993,"href":"https:\/\/wayunki.com\/es\/wp-json\/wp\/v2\/pages\/3452\/revisions\/3993"}],"wp:attachment":[{"href":"https:\/\/wayunki.com\/es\/wp-json\/wp\/v2\/media?parent=3452"}],"curies":[{"name":"wp","href":"https:\/\/api.w.org\/{rel}","templated":true}]}}