{"id":3431,"date":"2025-10-07T16:24:05","date_gmt":"2025-10-07T14:24:05","guid":{"rendered":"https:\/\/wayunki.com\/?page_id=3431"},"modified":"2025-12-19T22:41:11","modified_gmt":"2025-12-19T21:41:11","slug":"hra","status":"publish","type":"page","link":"https:\/\/wayunki.com\/es\/hra\/","title":{"rendered":"Juego"},"content":{"rendered":"<div data-elementor-type=\"wp-page\" data-elementor-id=\"3431\" class=\"elementor elementor-3431\" data-elementor-post-type=\"page\">\n\t\t\t\t<div class=\"elementor-element elementor-element-799ed3e e-con-full e-flex e-con e-child\" data-id=\"799ed3e\" data-element_type=\"container\" data-e-type=\"container\" data-settings=\"{&quot;background_background&quot;:&quot;video&quot;,&quot;background_video_start&quot;:0}\">\n\t\t\t\t<div class=\"elementor-element elementor-element-485a6de elementor-widget elementor-widget-heading\" data-id=\"485a6de\" data-element_type=\"widget\" data-e-type=\"widget\" data-widget_type=\"heading.default\">\n\t\t\t\t<div class=\"elementor-widget-container\">\n\t\t\t\t\t<h1 class=\"elementor-heading-title elementor-size-default\">Juego<\/h1>\t\t\t\t<\/div>\n\t\t\t\t<\/div>\n\t\t\t\t<div class=\"elementor-element elementor-element-aed3ba9 elementor-align-center elementor-widget elementor-widget-button\" data-id=\"aed3ba9\" data-element_type=\"widget\" data-e-type=\"widget\" data-widget_type=\"button.default\">\n\t\t\t\t<div class=\"elementor-widget-container\">\n\t\t\t\t\t\t\t\t\t<div class=\"elementor-button-wrapper\">\n\t\t\t\t\t<a class=\"elementor-button elementor-button-link elementor-size-lg elementor-animation-grow\" href=\"https:\/\/wayunki.com\/es\/product\/wayunki\/\">\n\t\t\t\t\t\t<span class=\"elementor-button-content-wrapper\">\n\t\t\t\t\t\t\t\t\t<span class=\"elementor-button-text\">Tienda electr\u00f3nica<\/span>\n\t\t\t\t\t<\/span>\n\t\t\t\t\t<\/a>\n\t\t\t\t<\/div>\n\t\t\t\t\t\t\t\t<\/div>\n\t\t\t\t<\/div>\n\t\t\t\t<\/div>\n\t\t<div class=\"elementor-element elementor-element-e70d331 e-flex e-con-boxed e-con e-parent\" data-id=\"e70d331\" data-element_type=\"container\" data-e-type=\"container\">\n\t\t\t\t\t<div class=\"e-con-inner\">\n\t\t\t\t<div class=\"elementor-element elementor-element-0c152a6 image-left elementor-widget elementor-widget-image\" data-id=\"0c152a6\" data-element_type=\"widget\" data-e-type=\"widget\" data-widget_type=\"image.default\">\n\t\t\t\t<div class=\"elementor-widget-container\">\n\t\t\t\t\t\t\t\t\t\t\t\t\t\t\t<img fetchpriority=\"high\" decoding=\"async\" width=\"768\" height=\"511\" src=\"https:\/\/wayunki.com\/wp-content\/uploads\/2025\/10\/wayunki_hra_photo-768x511.jpg\" class=\"attachment-medium_large size-medium_large wp-image-3435\" alt=\"\" srcset=\"https:\/\/wayunki.com\/wp-content\/uploads\/2025\/10\/wayunki_hra_photo-768x511.jpg 768w, https:\/\/wayunki.com\/wp-content\/uploads\/2025\/10\/wayunki_hra_photo-300x200.jpg 300w, https:\/\/wayunki.com\/wp-content\/uploads\/2025\/10\/wayunki_hra_photo-18x12.jpg 18w, https:\/\/wayunki.com\/wp-content\/uploads\/2025\/10\/wayunki_hra_photo-100x67.jpg 100w, https:\/\/wayunki.com\/wp-content\/uploads\/2025\/10\/elementor\/thumbs\/wayunki_hra_photo-rcuzxhazc12trto26upzz8w3acdh8b5ysg9fx92p9u.jpg 440w, https:\/\/wayunki.com\/wp-content\/uploads\/2025\/10\/wayunki_hra_photo.jpg 1000w\" sizes=\"(max-width: 768px) 100vw, 768px\" \/>\t\t\t\t\t\t\t\t\t\t\t\t\t\t\t<\/div>\n\t\t\t\t<\/div>\n\t\t<div class=\"elementor-element elementor-element-8a01acc e-con-full e-flex e-con e-child\" data-id=\"8a01acc\" data-element_type=\"container\" data-e-type=\"container\">\n\t\t\t\t<div class=\"elementor-element elementor-element-8a9bb2a elementor-widget elementor-widget-text-editor\" data-id=\"8a9bb2a\" data-element_type=\"widget\" data-e-type=\"widget\" data-widget_type=\"text-editor.default\">\n\t\t\t\t<div class=\"elementor-widget-container\">\n\t\t\t\t\t\t\t\t\t<p>K n\u00e1stroji pat\u0159\u00ed pali\u010dka, kterou se na n\u011bj hraje. Rozechv\u011bt jaz\u00fd\u010dky lze v\u0161ak r\u016fzn\u00fdmi zp\u016fsoby a materi\u00e1ly a je na va\u0161\u00ed fantazii, jak si s t\u00edm pohrajete. Na opa\u010dn\u00e9m konci n\u00e1stroje, ne\u017e jsou hrac\u00ed jaz\u00fd\u010dky, je otvor, kter\u00fd se p\u0159ikl\u00e1d\u00e1 k \u00fast\u016fm. Slou\u017e\u00ed k frekven\u010dn\u00edmu modulov\u00e1n\u00ed t\u00f3nu a vytvo\u0159en\u00ed wauwau efektu podobn\u011b jako u brumle.<\/p>\n<p>Nejlep\u0161\u00edho v\u00fdsledku se doc\u00edl\u00ed, jsou li \u00fasta p\u0159ilo\u017eena k otvoru nat\u011bsno. \u017d\u00e1douc\u00edho efektu \u201cartikulov\u00e1n\u00ed\u201d zvuku se dosahuje zm\u011bnou velikosti a tvaru \u00fastn\u00ed dutiny. \u010cili v\u0161elijak\u00fdm pohybov\u00e1n\u00edm a kroucen\u00edm pusou i s vyu\u017eit\u00edm jazyka a cel\u00e9 \u010delisti. Ka\u017ed\u00e1 z\u00e1kladn\u00ed frekvence t\u00f3nu m\u00e1 svou velikost \u010di tvar dutiny, p\u0159i jej\u00edm\u017e dosa\u017een\u00ed dojde k jej\u00ed rezonanci a tato frekvence se citeln\u011b zes\u00edl\u00ed.<\/p>\n<p>Na ka\u017ed\u00fd t\u00f3n Wayunki se tedy d\u00e1 vychytat konkr\u00e9tn\u00ed nastaven\u00ed dutiny, aby byla zes\u00edlena konkr\u00e9tn\u00ed z\u00e1kladn\u00ed frekvence t\u00f3nu. Ka\u017ed\u00fd t\u00f3n m\u00e1 i sv\u00e9 alikvotn\u00ed frekvence, kter\u00e9 jsou n\u00e1sobkem \u010di d\u011blitelem z\u00e1kladn\u00ed frekvence. Pokud se tedy rozezn\u00ed jeden jaz\u00fd\u010dek, zn\u00ed tyto frekvence nar\u00e1z a m\u011bn\u011bn\u00edm tvaru \u00fastn\u00ed dutiny se tyto frekvence st\u0159\u00eddav\u011b zesiluj\u00ed a zeslabuj\u00ed. T\u00edm doch\u00e1z\u00ed ke k\u00fd\u017een\u00e9mu efektu. Tyto informace jsou \u010dist\u011b teoretick\u00e9 pro dopln\u011bn\u00ed. M\u016f\u017eou v\u00e1m p\u0159ij\u00edt vhod, ale p\u0159i intuitivn\u00edm hran\u00ed na n\u011b m\u016f\u017eete klidn\u011b zapomenout <img decoding=\"async\" class=\"emoji\" role=\"img\" draggable=\"false\" src=\"https:\/\/s.w.org\/images\/core\/emoji\/16.0.1\/svg\/1f642.svg\" alt=\"\ud83d\ude42\"><\/p>\t\t\t\t\t\t\t\t<\/div>\n\t\t\t\t<\/div>\n\t\t\t\t<\/div>\n\t\t\t\t\t<\/div>\n\t\t\t\t<\/div>\n\t\t<div class=\"elementor-element elementor-element-888e19c e-flex e-con-boxed e-con e-parent\" data-id=\"888e19c\" data-element_type=\"container\" data-e-type=\"container\">\n\t\t\t\t\t<div class=\"e-con-inner\">\n\t\t<div class=\"elementor-element elementor-element-c8a2574 e-con-full e-flex e-con e-child\" data-id=\"c8a2574\" data-element_type=\"container\" data-e-type=\"container\">\n\t\t\t\t<div class=\"elementor-element elementor-element-362f1fd elementor-widget elementor-widget-text-editor\" data-id=\"362f1fd\" data-element_type=\"widget\" data-e-type=\"widget\" data-widget_type=\"text-editor.default\">\n\t\t\t\t<div class=\"elementor-widget-container\">\n\t\t\t\t\t\t\t\t\t<p>Zaj\u00edmav\u00e9ho efektu ala chorus \u010di phaser se d\u00e1 tak\u00e9 dos\u00e1hnout rozezn\u011bn\u00edm n\u00e1stroje a jeho n\u00e1sledn\u00fdm pohybov\u00e1n\u00ed a krou\u017een\u00edm bez p\u0159ikl\u00e1d\u00e1n\u00ed k \u00fast\u00fam. P\u0159i pou\u017eit\u00ed ala ambientn\u00ed zvonkohra se Wayunki dr\u017e\u00ed za d\u0159ev\u011bn\u00fd krou\u017eek n\u00e1stavce a rozezn\u00edv\u00e1 k\u00fdv\u00e1n\u00edm, \u010di lehk\u00fdm to\u010den\u00edm. Pop\u0159\u00edpad\u011b p\u0159i dr\u017een\u00ed za kal\u00ed\u0161ek jak\u00fdmkoliv pohybem.<\/p>\n<p>Zaj\u00edmav\u00e9 je tak\u00e9 pou\u017eit\u00ed v\u00edce n\u00e1stroj\u016f dohromady. A to bu\u010f zp\u016fsobem, \u017ee hraj\u00ed sou\u010dasn\u011b (pokud jsou lad\u011bn\u00ed souladn\u00e1) nebo st\u0159\u00edd\u00e1n\u00edm n\u00e1lad jin\u00fdch lad\u011bn\u00ed. Pro inspiraci jsou zde p\u0159ilo\u017een\u00e1 videa<\/p>\t\t\t\t\t\t\t\t<\/div>\n\t\t\t\t<\/div>\n\t\t\t\t<\/div>\n\t\t\t\t<div class=\"elementor-element elementor-element-7b4274b image-right elementor-widget elementor-widget-image\" data-id=\"7b4274b\" data-element_type=\"widget\" data-e-type=\"widget\" data-widget_type=\"image.default\">\n\t\t\t\t<div class=\"elementor-widget-container\">\n\t\t\t\t\t\t\t\t\t\t\t\t\t\t\t<img decoding=\"async\" width=\"768\" height=\"511\" src=\"https:\/\/wayunki.com\/wp-content\/uploads\/2025\/10\/wayunki_hra_photo2-768x511.jpg\" class=\"attachment-medium_large size-medium_large wp-image-3436\" alt=\"\" srcset=\"https:\/\/wayunki.com\/wp-content\/uploads\/2025\/10\/wayunki_hra_photo2-768x511.jpg 768w, https:\/\/wayunki.com\/wp-content\/uploads\/2025\/10\/wayunki_hra_photo2-300x200.jpg 300w, https:\/\/wayunki.com\/wp-content\/uploads\/2025\/10\/wayunki_hra_photo2-18x12.jpg 18w, https:\/\/wayunki.com\/wp-content\/uploads\/2025\/10\/wayunki_hra_photo2-100x67.jpg 100w, https:\/\/wayunki.com\/wp-content\/uploads\/2025\/10\/wayunki_hra_photo2.jpg 1000w\" sizes=\"(max-width: 768px) 100vw, 768px\" \/>\t\t\t\t\t\t\t\t\t\t\t\t\t\t\t<\/div>\n\t\t\t\t<\/div>\n\t\t\t\t\t<\/div>\n\t\t\t\t<\/div>\n\t\t\t\t<\/div>","protected":false},"excerpt":{"rendered":"<p>Hra E-shop K n\u00e1stroji pat\u0159\u00ed pali\u010dka, kterou se na n\u011bj hraje. Rozechv\u011bt jaz\u00fd\u010dky lze v\u0161ak r\u016fzn\u00fdmi zp\u016fsoby a materi\u00e1ly a je na va\u0161\u00ed fantazii, jak si s t\u00edm pohrajete. Na opa\u010dn\u00e9m konci n\u00e1stroje, ne\u017e jsou hrac\u00ed jaz\u00fd\u010dky, je otvor, kter\u00fd se p\u0159ikl\u00e1d\u00e1 k \u00fast\u016fm. Slou\u017e\u00ed k frekven\u010dn\u00edmu modulov\u00e1n\u00ed t\u00f3nu a vytvo\u0159en\u00ed wauwau efektu podobn\u011b jako [&hellip;]<\/p>\n","protected":false},"author":4,"featured_media":0,"parent":0,"menu_order":0,"comment_status":"closed","ping_status":"closed","template":"","meta":{"footnotes":""},"class_list":["post-3431","page","type-page","status-publish","hentry"],"_links":{"self":[{"href":"https:\/\/wayunki.com\/es\/wp-json\/wp\/v2\/pages\/3431","targetHints":{"allow":["GET"]}}],"collection":[{"href":"https:\/\/wayunki.com\/es\/wp-json\/wp\/v2\/pages"}],"about":[{"href":"https:\/\/wayunki.com\/es\/wp-json\/wp\/v2\/types\/page"}],"author":[{"embeddable":true,"href":"https:\/\/wayunki.com\/es\/wp-json\/wp\/v2\/users\/4"}],"replies":[{"embeddable":true,"href":"https:\/\/wayunki.com\/es\/wp-json\/wp\/v2\/comments?post=3431"}],"version-history":[{"count":81,"href":"https:\/\/wayunki.com\/es\/wp-json\/wp\/v2\/pages\/3431\/revisions"}],"predecessor-version":[{"id":4441,"href":"https:\/\/wayunki.com\/es\/wp-json\/wp\/v2\/pages\/3431\/revisions\/4441"}],"wp:attachment":[{"href":"https:\/\/wayunki.com\/es\/wp-json\/wp\/v2\/media?parent=3431"}],"curies":[{"name":"wp","href":"https:\/\/api.w.org\/{rel}","templated":true}]}}