{"id":3382,"date":"2025-10-07T14:02:31","date_gmt":"2025-10-07T12:02:31","guid":{"rendered":"https:\/\/wayunki.com\/?page_id=3382"},"modified":"2025-10-22T14:30:00","modified_gmt":"2025-10-22T12:30:00","slug":"o-nastroji","status":"publish","type":"page","link":"https:\/\/wayunki.com\/es\/o-nastroji\/","title":{"rendered":"Acerca de la herramienta"},"content":{"rendered":"<div data-elementor-type=\"wp-page\" data-elementor-id=\"3382\" class=\"elementor elementor-3382\" data-elementor-post-type=\"page\">\n\t\t\t\t<div class=\"elementor-element elementor-element-7375e7e e-con-full e-flex e-con e-child\" data-id=\"7375e7e\" data-element_type=\"container\" data-e-type=\"container\" data-settings=\"{&quot;background_background&quot;:&quot;video&quot;,&quot;background_video_start&quot;:0}\">\n\t\t\t\t<div class=\"elementor-element elementor-element-908eb5c elementor-widget elementor-widget-heading\" data-id=\"908eb5c\" data-element_type=\"widget\" data-e-type=\"widget\" data-widget_type=\"heading.default\">\n\t\t\t\t<div class=\"elementor-widget-container\">\n\t\t\t\t\t<h1 class=\"elementor-heading-title elementor-size-default\">Wayunki<\/h1>\t\t\t\t<\/div>\n\t\t\t\t<\/div>\n\t\t\t\t<div class=\"elementor-element elementor-element-6577af5 elementor-widget elementor-widget-text-editor\" data-id=\"6577af5\" data-element_type=\"widget\" data-e-type=\"widget\" data-widget_type=\"text-editor.default\">\n\t\t\t\t<div class=\"elementor-widget-container\">\n\t\t\t\t\t\t\t\t\t<p><strong><em>Del silencio surge el sonido y trabajamos con \u00e9l.<\/em><\/strong><\/p>\t\t\t\t\t\t\t\t<\/div>\n\t\t\t\t<\/div>\n\t\t\t\t<div class=\"elementor-element elementor-element-ed465c1 elementor-align-center elementor-widget elementor-widget-button\" data-id=\"ed465c1\" data-element_type=\"widget\" data-e-type=\"widget\" data-widget_type=\"button.default\">\n\t\t\t\t<div class=\"elementor-widget-container\">\n\t\t\t\t\t\t\t\t\t<div class=\"elementor-button-wrapper\">\n\t\t\t\t\t<a class=\"elementor-button elementor-button-link elementor-size-lg elementor-animation-grow\" href=\"https:\/\/wayunki.com\/en\/product\/wayunki\/\">\n\t\t\t\t\t\t<span class=\"elementor-button-content-wrapper\">\n\t\t\t\t\t\t\t\t\t<span class=\"elementor-button-text\">Tienda electr\u00f3nica<\/span>\n\t\t\t\t\t<\/span>\n\t\t\t\t\t<\/a>\n\t\t\t\t<\/div>\n\t\t\t\t\t\t\t\t<\/div>\n\t\t\t\t<\/div>\n\t\t\t\t<\/div>\n\t\t<div class=\"elementor-element elementor-element-bb8bd06 e-flex e-con-boxed e-con e-parent\" data-id=\"bb8bd06\" data-element_type=\"container\" data-e-type=\"container\">\n\t\t\t\t\t<div class=\"e-con-inner\">\n\t\t\t\t<div class=\"elementor-element elementor-element-2107f0f elementor-widget elementor-widget-text-editor\" data-id=\"2107f0f\" data-element_type=\"widget\" data-e-type=\"widget\" data-widget_type=\"text-editor.default\">\n\t\t\t\t<div class=\"elementor-widget-container\">\n\t\t\t\t\t\t\t\t\t<p><em>V roce 2018 se Wayunki zrodily na tento sv\u011bt. P\u0159i\u0161ly z krajiny nev\u011bdom\u00ed, aby sv\u00fdm zvukem proz\u00e1\u0159ily a harmonizovaly prostor v\u011bdom\u00ed. Wayunki nesou novou kvalitu pro\u017e\u00edv\u00e1n\u00ed sebe skrze zvuk. Jejich lib\u00e9 t\u00f3ny p\u0159in\u00e1\u0161\u00ed chv\u00edle spo\u010dinut\u00ed a klidu t\u011bm, kte\u0159\u00ed naslouchaj\u00ed, prchav\u00fd dotek skute\u010dn\u00e9ho domova a tajemstv\u00ed ve v\u011b\u010dnosti.<\/em><\/p><p><em><strong>Je to jedine\u010dn\u00fd n\u00e1stroj pro meditaci, relaxaci, ceremonie, l\u00e9\u010den\u00ed a hran\u00ed si pro radost<\/strong>. Najde vyu\u017eit\u00ed i v \u017eiv\u00e9 improvizovan\u00e9, \u010di komponovan\u00e9 hudb\u011b, kde dopln\u00ed dal\u0161\u00ed hudebn\u00ed n\u00e1stroje svou specifickou zvukovou n\u00e1ladou.<\/em><br \/><em>Je ji\u017e mnoho lid\u00ed, kte\u0159\u00ed Wayunki pou\u017e\u00edvaj\u00ed p\u0159i sv\u00fdch ceremoni\u00e1ln\u00edch a muzikoterapeutick\u00fdch \u010dinostech a i t\u011bch, kte\u0159\u00ed s nimi obohacuj\u00ed svou hudbu. Asi nejzn\u00e1m\u011bj\u0161\u00ed interpret, kter\u00fd Wayunki hojn\u011b vyu\u017e\u00edv\u00e1, je MAOK.<\/em><\/p>\t\t\t\t\t\t\t\t<\/div>\n\t\t\t\t<\/div>\n\t\t\t\t\t<\/div>\n\t\t\t\t<\/div>\n\t\t<div class=\"elementor-element elementor-element-2ea56c0 e-flex e-con-boxed e-con e-parent\" data-id=\"2ea56c0\" data-element_type=\"container\" data-e-type=\"container\">\n\t\t\t\t\t<div class=\"e-con-inner\">\n\t\t\t\t<div class=\"elementor-element elementor-element-1e894b4 image-left elementor-widget elementor-widget-image\" data-id=\"1e894b4\" data-element_type=\"widget\" data-e-type=\"widget\" data-widget_type=\"image.default\">\n\t\t\t\t<div class=\"elementor-widget-container\">\n\t\t\t\t\t\t\t\t\t\t\t\t\t\t\t<img fetchpriority=\"high\" decoding=\"async\" width=\"768\" height=\"511\" src=\"https:\/\/wayunki.com\/wp-content\/uploads\/2025\/10\/wayunki_pribeh_pic-768x511.jpg\" class=\"attachment-medium_large size-medium_large wp-image-3387\" alt=\"\" srcset=\"https:\/\/wayunki.com\/wp-content\/uploads\/2025\/10\/wayunki_pribeh_pic-768x511.jpg 768w, https:\/\/wayunki.com\/wp-content\/uploads\/2025\/10\/wayunki_pribeh_pic-300x200.jpg 300w, https:\/\/wayunki.com\/wp-content\/uploads\/2025\/10\/wayunki_pribeh_pic-18x12.jpg 18w, https:\/\/wayunki.com\/wp-content\/uploads\/2025\/10\/wayunki_pribeh_pic-100x67.jpg 100w, https:\/\/wayunki.com\/wp-content\/uploads\/2025\/10\/wayunki_pribeh_pic.jpg 1000w\" sizes=\"(max-width: 768px) 100vw, 768px\" \/>\t\t\t\t\t\t\t\t\t\t\t\t\t\t\t<\/div>\n\t\t\t\t<\/div>\n\t\t<div class=\"elementor-element elementor-element-23ea495 e-con-full e-flex e-con e-child\" data-id=\"23ea495\" data-element_type=\"container\" data-e-type=\"container\">\n\t\t\t\t<div class=\"elementor-element elementor-element-4a4542e elementor-widget elementor-widget-heading\" data-id=\"4a4542e\" data-element_type=\"widget\" data-e-type=\"widget\" data-widget_type=\"heading.default\">\n\t\t\t\t<div class=\"elementor-widget-container\">\n\t\t\t\t\t<h2 class=\"elementor-heading-title elementor-size-default\">P\u0159\u00edb\u011bh<\/h2>\t\t\t\t<\/div>\n\t\t\t\t<\/div>\n\t\t\t\t<div class=\"elementor-element elementor-element-2a9b4da elementor-widget elementor-widget-text-editor\" data-id=\"2a9b4da\" data-element_type=\"widget\" data-e-type=\"widget\" data-widget_type=\"text-editor.default\">\n\t\t\t\t<div class=\"elementor-widget-container\">\n\t\t\t\t\t\t\t\t\t<p>P\u0159\u00edb\u011bh za\u010d\u00edn\u00e1 u \u017e\u00e1by. Magick\u00e9 \u017e\u00e1by zvan\u00e9 Bufo Alvarius a jej\u00edho sekretu, kter\u00fd je nejsiln\u011bj\u0161\u00edm zn\u00e1m\u00fdm psychedelikem. B\u011bhem ceremonie s Bufem, kterou jsem v roce 2018 pro\u017eil, jsem zakou\u0161el i nepopsateln\u00e9 zvukov\u00e9 vjemy. Pr\u016fvodce a facilit\u00e1tor Yann pou\u017e\u00edval b\u011bhem aplikace tibetskou m\u00edsu a n\u00e1stroj zvan\u00fd Wauwau tube. Ka\u017ed\u00fd z t\u011bchto n\u00e1stroj\u016f zn\u011bl u jednoho ucha a v\u00fdsledn\u00fd z\u00e1\u017eitek byl pro m\u011b velmi fascinuj\u00edc\u00ed. Od t\u00e9 doby se ve mn\u011b us\u00eddlila vize, \u017ee si podobn\u00fd n\u00e1stroj vyrob\u00edm. A tak se po \u010dase stalo\u2026 Jen z n\u00e1stroje, jeho\u017e zvuk jsem p\u0159i ceremonii za\u017e\u00edval, za\u010dal vznikat \u00fapln\u011b nov\u00fd hudebn\u00ed n\u00e1stroj, p\u0159ipom\u00ednaj\u00edc\u00ed ten p\u016fvodn\u00ed jen vzd\u00e1len\u011b.<\/p>\t\t\t\t\t\t\t\t<\/div>\n\t\t\t\t<\/div>\n\t\t\t\t<\/div>\n\t\t\t\t\t<\/div>\n\t\t\t\t<\/div>\n\t\t<div class=\"elementor-element elementor-element-315f7f1 e-flex e-con-boxed e-con e-parent\" data-id=\"315f7f1\" data-element_type=\"container\" data-e-type=\"container\">\n\t\t\t\t\t<div class=\"e-con-inner\">\n\t\t<div class=\"elementor-element elementor-element-a0d9aac e-con-full e-flex e-con e-child\" data-id=\"a0d9aac\" data-element_type=\"container\" data-e-type=\"container\">\n\t\t\t\t<div class=\"elementor-element elementor-element-b392a1c elementor-widget elementor-widget-heading\" data-id=\"b392a1c\" data-element_type=\"widget\" data-e-type=\"widget\" data-widget_type=\"heading.default\">\n\t\t\t\t<div class=\"elementor-widget-container\">\n\t\t\t\t\t<h2 class=\"elementor-heading-title elementor-size-default\">V\u00fdrobn\u00ed proces<\/h2>\t\t\t\t<\/div>\n\t\t\t\t<\/div>\n\t\t\t\t<div class=\"elementor-element elementor-element-d31ea38 elementor-widget elementor-widget-text-editor\" data-id=\"d31ea38\" data-element_type=\"widget\" data-e-type=\"widget\" data-widget_type=\"text-editor.default\">\n\t\t\t\t<div class=\"elementor-widget-container\">\n\t\t\t\t\t\t\t\t\t<p>Od po\u010d\u00e1te\u010dn\u00edho stadia k fin\u00e1ln\u00ed podob\u011b Wayunki byla je\u0161t\u011b dlouh\u00e1 cesta. B\u011bhem tohoto procesu jsem postupn\u011b vyla\u010foval v\u0161echny \u017e\u00e1douc\u00ed vlastnosti n\u00e1stroje, jako je co nejdel\u0161\u00ed dozvuk, \u010distota a kvalita t\u00f3nu, ide\u00e1ln\u00ed po\u010det t\u00f3n\u016f, ide\u00e1ln\u00ed velikost a materi\u00e1l, prakti\u010dnost, design, multifunk\u010dnost atd\u2026 Kdy\u017e jsem byl s v\u00fdsledkem spokojen, nastala f\u00e1ze vyla\u010fov\u00e1n\u00ed s\u00e9riov\u00e9 v\u00fdroby. Oslovil jsem kamar\u00e1da Martina Studen\u00e9ho a spolu jsme zapo\u010dali projekt Wayunki v cel\u00e9 jeho \u0161\u00ed\u0159i. Jeliko\u017e m\u00e1 tento n\u00e1stroj sv\u00e1 specifika, kter\u00e1 se mus\u00ed p\u0159i strojn\u00ed v\u00fdrob\u011b zohlednit, byla to cesta v\u00fdzev i slep\u00fdch uli\u010dek. Pro\u0161li jsme spolu s Martym 2 a p\u016fl roku dlouhou cestu, ne\u017e byl projekt p\u0159ipraven ke spu\u0161t\u011bn\u00ed.<\/p>\t\t\t\t\t\t\t\t<\/div>\n\t\t\t\t<\/div>\n\t\t\t\t<\/div>\n\t\t\t\t<div class=\"elementor-element elementor-element-f23903b image-right elementor-widget elementor-widget-image\" data-id=\"f23903b\" data-element_type=\"widget\" data-e-type=\"widget\" data-widget_type=\"image.default\">\n\t\t\t\t<div class=\"elementor-widget-container\">\n\t\t\t\t\t\t\t\t\t\t\t\t\t\t\t<img decoding=\"async\" width=\"768\" height=\"511\" src=\"https:\/\/wayunki.com\/wp-content\/uploads\/2025\/10\/pink_wayunki_photo-768x511.jpg\" class=\"attachment-medium_large size-medium_large wp-image-3395\" alt=\"\" srcset=\"https:\/\/wayunki.com\/wp-content\/uploads\/2025\/10\/pink_wayunki_photo-768x511.jpg 768w, https:\/\/wayunki.com\/wp-content\/uploads\/2025\/10\/pink_wayunki_photo-300x200.jpg 300w, https:\/\/wayunki.com\/wp-content\/uploads\/2025\/10\/pink_wayunki_photo-18x12.jpg 18w, https:\/\/wayunki.com\/wp-content\/uploads\/2025\/10\/pink_wayunki_photo-100x67.jpg 100w, https:\/\/wayunki.com\/wp-content\/uploads\/2025\/10\/pink_wayunki_photo.jpg 1000w\" sizes=\"(max-width: 768px) 100vw, 768px\" \/>\t\t\t\t\t\t\t\t\t\t\t\t\t\t\t<\/div>\n\t\t\t\t<\/div>\n\t\t\t\t\t<\/div>\n\t\t\t\t<\/div>\n\t\t<div class=\"elementor-element elementor-element-9a56e6b e-flex e-con-boxed e-con e-parent\" data-id=\"9a56e6b\" data-element_type=\"container\" data-e-type=\"container\">\n\t\t\t\t\t<div class=\"e-con-inner\">\n\t\t\t\t<div class=\"elementor-element elementor-element-de9596b image-left elementor-widget elementor-widget-image\" data-id=\"de9596b\" data-element_type=\"widget\" data-e-type=\"widget\" data-widget_type=\"image.default\">\n\t\t\t\t<div class=\"elementor-widget-container\">\n\t\t\t\t\t\t\t\t\t\t\t\t\t\t\t<img decoding=\"async\" width=\"768\" height=\"511\" src=\"https:\/\/wayunki.com\/wp-content\/uploads\/2025\/10\/case_wayunki_photo-768x511.jpg\" class=\"attachment-medium_large size-medium_large wp-image-3394\" alt=\"\" srcset=\"https:\/\/wayunki.com\/wp-content\/uploads\/2025\/10\/case_wayunki_photo-768x511.jpg 768w, https:\/\/wayunki.com\/wp-content\/uploads\/2025\/10\/case_wayunki_photo-300x200.jpg 300w, https:\/\/wayunki.com\/wp-content\/uploads\/2025\/10\/case_wayunki_photo-18x12.jpg 18w, https:\/\/wayunki.com\/wp-content\/uploads\/2025\/10\/case_wayunki_photo-100x67.jpg 100w, https:\/\/wayunki.com\/wp-content\/uploads\/2025\/10\/case_wayunki_photo.jpg 1000w\" sizes=\"(max-width: 768px) 100vw, 768px\" \/>\t\t\t\t\t\t\t\t\t\t\t\t\t\t\t<\/div>\n\t\t\t\t<\/div>\n\t\t<div class=\"elementor-element elementor-element-9b0aaa4 e-con-full e-flex e-con e-child\" data-id=\"9b0aaa4\" data-element_type=\"container\" data-e-type=\"container\">\n\t\t\t\t<div class=\"elementor-element elementor-element-8a849e6 elementor-widget elementor-widget-heading\" data-id=\"8a849e6\" data-element_type=\"widget\" data-e-type=\"widget\" data-widget_type=\"heading.default\">\n\t\t\t\t<div class=\"elementor-widget-container\">\n\t\t\t\t\t<h2 class=\"elementor-heading-title elementor-size-default\">Materi\u00e1ly<\/h2>\t\t\t\t<\/div>\n\t\t\t\t<\/div>\n\t\t\t\t<div class=\"elementor-element elementor-element-3e0c265 elementor-widget elementor-widget-text-editor\" data-id=\"3e0c265\" data-element_type=\"widget\" data-e-type=\"widget\" data-widget_type=\"text-editor.default\">\n\t\t\t\t<div class=\"elementor-widget-container\">\n\t\t\t\t\t\t\t\t\t<p>Wayunki je vyrobena z hlin\u00edku. Hlin\u00edk m\u00e1 pro tyto \u00fa\u010dely ty nejlep\u0161\u00ed vlastnosti, z\u00e1rove\u0148 je lehk\u00fd a snadno opracovateln\u00fd. Povrch je opat\u0159en eloxovanou ochrannou vrstvou, kter\u00e1 dod\u00e1 hlin\u00edku odolnost a tak\u00e9 barevn\u00e9 mo\u017enosti. Elox je inertn\u00ed p\u0159\u00edrodn\u00ed keramick\u00e1 l\u00e1tka, kter\u00e1 se v p\u0159\u00edrod\u011b vyskytuje jako miner\u00e1ly Saf\u00edr, Korund, nebo Rub\u00edn. Je zdravotn\u011b nez\u00e1vadn\u00e1.<\/p><p>Pali\u010dky jsou vyrobeny ze d\u0159eva a silikonu. V\u0161echny pou\u017eit\u00e9 materi\u00e1ly jsou zvoleny s ohledem na maxim\u00e1ln\u00ed funk\u010dnost.<\/p>\t\t\t\t\t\t\t\t<\/div>\n\t\t\t\t<\/div>\n\t\t\t\t<\/div>\n\t\t\t\t\t<\/div>\n\t\t\t\t<\/div>\n\t\t<div class=\"elementor-element elementor-element-d169aa5 e-flex e-con-boxed e-con e-parent\" data-id=\"d169aa5\" data-element_type=\"container\" data-e-type=\"container\">\n\t\t\t\t\t<div class=\"e-con-inner\">\n\t\t\t\t<div class=\"elementor-element elementor-element-a79cf84 elementor-widget elementor-widget-heading\" data-id=\"a79cf84\" data-element_type=\"widget\" data-e-type=\"widget\" data-widget_type=\"heading.default\">\n\t\t\t\t<div class=\"elementor-widget-container\">\n\t\t\t\t\t<h2 class=\"elementor-heading-title elementor-size-default\">Pro\u010d Wayunki?<\/h2>\t\t\t\t<\/div>\n\t\t\t\t<\/div>\n\t\t\t\t<div class=\"elementor-element elementor-element-203ba7c elementor-widget elementor-widget-text-editor\" data-id=\"203ba7c\" data-element_type=\"widget\" data-e-type=\"widget\" data-widget_type=\"text-editor.default\">\n\t\t\t\t<div class=\"elementor-widget-container\">\n\t\t\t\t\t\t\t\t\t<p>Od prvn\u00edho vyroben\u00e9ho prototypu Wayunki jsem v\u011bd\u011bl, \u017ee jm\u00e9no n\u00e1stroje bude zn\u00edt takto podobn\u011b\u2026 Nebo bych mohl \u0159\u00edct, \u017ee ten n\u00e1stroj u\u017e v\u011bd\u011bl, jak se jmenuje\u2026 M\u00fdm \u00fakolem bylo pouze poskl\u00e1dat p\u00edsmenka a slabiky, aby to p\u0159esn\u011b sedlo. Ten proces mi zabral asi 10 minut. Slovo Wayunki m\u016f\u017ee tak\u00e9 vyjad\u0159ovat fonetick\u00fd p\u0159epis zvuku wayuwayuwayu, kde \u201cki\u201d m\u016f\u017ee p\u0159ipodobnit po\u010d\u00e1te\u010dn\u00ed \u00fader pali\u010d-ki <img decoding=\"async\" class=\"emoji\" role=\"img\" draggable=\"false\" src=\"https:\/\/s.w.org\/images\/core\/emoji\/16.0.1\/svg\/1f642.svg\" alt=\"\ud83d\ude42\" \/><\/p>\t\t\t\t\t\t\t\t<\/div>\n\t\t\t\t<\/div>\n\t\t\t\t\t<\/div>\n\t\t\t\t<\/div>\n\t\t<div class=\"elementor-element elementor-element-2e1d78f e-flex e-con-boxed e-con e-parent\" data-id=\"2e1d78f\" data-element_type=\"container\" data-e-type=\"container\">\n\t\t\t\t\t<div class=\"e-con-inner\">\n\t\t\t\t<div class=\"elementor-element elementor-element-18b8d56 elementor-widget elementor-widget-heading\" data-id=\"18b8d56\" data-element_type=\"widget\" data-e-type=\"widget\" data-widget_type=\"heading.default\">\n\t\t\t\t<div class=\"elementor-widget-container\">\n\t\t\t\t\t<h2 class=\"elementor-heading-title elementor-size-default\">Wayunki ala ambientn\u00ed zvonkohra<\/h2>\t\t\t\t<\/div>\n\t\t\t\t<\/div>\n\t\t\t\t<div class=\"elementor-element elementor-element-337b400 elementor-widget elementor-widget-text-editor\" data-id=\"337b400\" data-element_type=\"widget\" data-e-type=\"widget\" data-widget_type=\"text-editor.default\">\n\t\t\t\t<div class=\"elementor-widget-container\">\n\t\t\t\t\t\t\t\t\t<p>Vzhledem ke tvaru Wayunki se od po\u010d\u00e1tku nab\u00edzela mo\u017enost vyu\u017eit\u00ed jako zvonkohry. Tak\u00e9 jsem cht\u011bl dos\u00e1hnout je\u0161t\u011b jemn\u011bj\u0161\u00edho zvuku ne\u017e p\u0159i klasick\u00e9 h\u0159e pali\u010dkou. Pro tento \u00fa\u010del jsem vyvinul dopln\u011bk, kter\u00fd umo\u017e\u0148uje voliteln\u011b roz\u0161\u00ed\u0159it hrac\u00ed mo\u017enosti n\u00e1stroje. Je j\u00edm n\u00e1stavec, kter\u00fd je mo\u017en\u00e9 za\u0161roubovat do otvoru v n\u00e1ustku a z\u00edskat t\u00edm pozm\u011bn\u011bn\u00fd n\u00e1stroj, kter\u00fd se rozezn\u00edv\u00e1 k\u00fdv\u00e1n\u00edm \u010di jin\u00fdm pohybem. Speci\u00e1ln\u00ed silikonov\u00e1 kuli\u010dka zav\u011b\u0161en\u00e1 v dutin\u011b t\u011bla n\u00e1stroje rozezn\u00edv\u00e1 t\u00f3ny velmi jemn\u00fdm a kontinu\u00e1ln\u00edm zp\u016fsobem. V\u00fdsledn\u00fd zvuk vytv\u00e1\u0159\u00ed n\u00e1ladov\u00e9 zvukov\u00e9 plochy, je velmi hypnotick\u00fd, ide\u00e1ln\u00ed pro r\u016fzn\u00e9 ceremonie, meditace a muzikoterapie.<\/p>\t\t\t\t\t\t\t\t<\/div>\n\t\t\t\t<\/div>\n\t\t\t\t<div class=\"elementor-element elementor-element-5b40f63 elementor-widget elementor-widget-shortcode\" data-id=\"5b40f63\" data-element_type=\"widget\" data-e-type=\"widget\" data-widget_type=\"shortcode.default\">\n\t\t\t\t<div class=\"elementor-widget-container\">\n\t\t\t\t\t\t\t<div class=\"elementor-shortcode\"><div style=\"position: relative; padding-top: 56.25%;\"><iframe title=\"Wayunki zvonkohra\" width=\"100%\" height=\"100%\" src=\"https:\/\/video.algaweb.cz\/videos\/embed\/dc88e061-d23c-4fb3-8380-96fac1ecb04d\" frameborder=\"0\" allowfullscreen=\"\" sandbox=\"allow-same-origin allow-scripts allow-popups allow-forms\" style=\"position: absolute; inset: 0px;\"><\/iframe><\/div><\/div>\n\t\t\t\t\t\t<\/div>\n\t\t\t\t<\/div>\n\t\t\t\t\t<\/div>\n\t\t\t\t<\/div>\n\t\t<div class=\"elementor-element elementor-element-c54eeef e-flex e-con-boxed e-con e-parent\" data-id=\"c54eeef\" data-element_type=\"container\" data-e-type=\"container\">\n\t\t\t\t\t<div class=\"e-con-inner\">\n\t\t<div class=\"elementor-element elementor-element-90beeb6 e-con-full e-flex e-con e-child\" data-id=\"90beeb6\" data-element_type=\"container\" data-e-type=\"container\">\n\t\t\t\t<div class=\"elementor-element elementor-element-145eb28 elementor-widget elementor-widget-heading\" data-id=\"145eb28\" data-element_type=\"widget\" data-e-type=\"widget\" data-widget_type=\"heading.default\">\n\t\t\t\t<div class=\"elementor-widget-container\">\n\t\t\t\t\t<h3 class=\"elementor-heading-title elementor-size-default\">L\u00e9\u010den\u00ed a energetick\u00e1 pr\u00e1ce s Wayunki<\/h3>\t\t\t\t<\/div>\n\t\t\t\t<\/div>\n\t\t\t\t<div class=\"elementor-element elementor-element-24058b4 elementor-widget elementor-widget-text-editor\" data-id=\"24058b4\" data-element_type=\"widget\" data-e-type=\"widget\" data-widget_type=\"text-editor.default\">\n\t\t\t\t<div class=\"elementor-widget-container\">\n\t\t\t\t\t\t\t\t\t<p>Od po\u010d\u00e1te\u010dn\u00edho stadia k fin\u00e1ln\u00ed podob\u011b Wayunki byla je\u0161t\u011b dlouh\u00e1 cesta. B\u011bhem tohoto procesu jsem postupn\u011b vyla\u010foval v\u0161echny \u017e\u00e1douc\u00ed vlastnosti n\u00e1stroje, jako je co nejdel\u0161\u00ed dozvuk, \u010distota a kvalita t\u00f3nu, ide\u00e1ln\u00ed po\u010det t\u00f3n\u016f, ide\u00e1ln\u00ed velikost a materi\u00e1l, prakti\u010dnost, design, multifunk\u010dnost atd\u2026 Kdy\u017e jsem byl s v\u00fdsledkem spokojen, nastala f\u00e1ze vyla\u010fov\u00e1n\u00ed s\u00e9riov\u00e9 v\u00fdroby. Oslovil jsem kamar\u00e1da Martina Studen\u00e9ho a spolu jsme zapo\u010dali projekt Wayunki v cel\u00e9 jeho \u0161\u00ed\u0159i. Jeliko\u017e m\u00e1 tento n\u00e1stroj sv\u00e1 specifika, kter\u00e1 se mus\u00ed p\u0159i strojn\u00ed v\u00fdrob\u011b zohlednit, byla to cesta v\u00fdzev i slep\u00fdch uli\u010dek. Pro\u0161li jsme spolu s Martym 2 a p\u016fl roku dlouhou cestu, ne\u017e byl projekt p\u0159ipraven ke spu\u0161t\u011bn\u00ed.<\/p>\t\t\t\t\t\t\t\t<\/div>\n\t\t\t\t<\/div>\n\t\t\t\t<\/div>\n\t\t\t\t<div class=\"elementor-element elementor-element-c14d31b image-right elementor-widget elementor-widget-image\" data-id=\"c14d31b\" data-element_type=\"widget\" data-e-type=\"widget\" data-widget_type=\"image.default\">\n\t\t\t\t<div class=\"elementor-widget-container\">\n\t\t\t\t\t\t\t\t\t\t\t\t\t\t\t<img loading=\"lazy\" decoding=\"async\" width=\"768\" height=\"511\" src=\"https:\/\/wayunki.com\/wp-content\/uploads\/2025\/10\/wayunki_outside_photo-768x511.jpg\" class=\"attachment-medium_large size-medium_large wp-image-3405\" alt=\"\" srcset=\"https:\/\/wayunki.com\/wp-content\/uploads\/2025\/10\/wayunki_outside_photo-768x511.jpg 768w, https:\/\/wayunki.com\/wp-content\/uploads\/2025\/10\/wayunki_outside_photo-300x200.jpg 300w, https:\/\/wayunki.com\/wp-content\/uploads\/2025\/10\/wayunki_outside_photo-18x12.jpg 18w, https:\/\/wayunki.com\/wp-content\/uploads\/2025\/10\/wayunki_outside_photo-100x67.jpg 100w, https:\/\/wayunki.com\/wp-content\/uploads\/2025\/10\/wayunki_outside_photo.jpg 1000w\" sizes=\"(max-width: 768px) 100vw, 768px\" \/>\t\t\t\t\t\t\t\t\t\t\t\t\t\t\t<\/div>\n\t\t\t\t<\/div>\n\t\t\t\t\t<\/div>\n\t\t\t\t<\/div>\n\t\t\t\t<\/div>","protected":false},"excerpt":{"rendered":"<p>Wayunki Z ticha p\u0159ich\u00e1z\u00ed zvuk a s n\u00edm pracujeme. E-shop V roce 2018 se Wayunki zrodily na tento sv\u011bt. P\u0159i\u0161ly z krajiny nev\u011bdom\u00ed, aby sv\u00fdm zvukem proz\u00e1\u0159ily a harmonizovaly prostor v\u011bdom\u00ed. Wayunki nesou novou kvalitu pro\u017e\u00edv\u00e1n\u00ed sebe skrze zvuk. Jejich lib\u00e9 t\u00f3ny p\u0159in\u00e1\u0161\u00ed chv\u00edle spo\u010dinut\u00ed a klidu t\u011bm, kte\u0159\u00ed naslouchaj\u00ed, prchav\u00fd dotek skute\u010dn\u00e9ho domova a [&hellip;]<\/p>\n","protected":false},"author":4,"featured_media":0,"parent":0,"menu_order":0,"comment_status":"closed","ping_status":"closed","template":"","meta":{"footnotes":""},"class_list":["post-3382","page","type-page","status-publish","hentry"],"_links":{"self":[{"href":"https:\/\/wayunki.com\/es\/wp-json\/wp\/v2\/pages\/3382","targetHints":{"allow":["GET"]}}],"collection":[{"href":"https:\/\/wayunki.com\/es\/wp-json\/wp\/v2\/pages"}],"about":[{"href":"https:\/\/wayunki.com\/es\/wp-json\/wp\/v2\/types\/page"}],"author":[{"embeddable":true,"href":"https:\/\/wayunki.com\/es\/wp-json\/wp\/v2\/users\/4"}],"replies":[{"embeddable":true,"href":"https:\/\/wayunki.com\/es\/wp-json\/wp\/v2\/comments?post=3382"}],"version-history":[{"count":117,"href":"https:\/\/wayunki.com\/es\/wp-json\/wp\/v2\/pages\/3382\/revisions"}],"predecessor-version":[{"id":3981,"href":"https:\/\/wayunki.com\/es\/wp-json\/wp\/v2\/pages\/3382\/revisions\/3981"}],"wp:attachment":[{"href":"https:\/\/wayunki.com\/es\/wp-json\/wp\/v2\/media?parent=3382"}],"curies":[{"name":"wp","href":"https:\/\/api.w.org\/{rel}","templated":true}]}}