{"id":1425,"date":"2024-12-02T09:17:47","date_gmt":"2024-12-02T08:17:47","guid":{"rendered":"https:\/\/wayunki.com\/?page_id=1425"},"modified":"2024-12-09T10:50:00","modified_gmt":"2024-12-09T09:50:00","slug":"dodaci-a-platebni-podminky","status":"publish","type":"page","link":"https:\/\/wayunki.com\/es\/dodaci-a-platebni-podminky\/","title":{"rendered":"Dodac\u00ed a platebn\u00ed podm\u00ednky"},"content":{"rendered":"<div data-elementor-type=\"wp-page\" data-elementor-id=\"1425\" class=\"elementor elementor-1425\" data-elementor-post-type=\"page\">\n\t\t\t\t<div class=\"elementor-element elementor-element-2658575 e-flex e-con-boxed e-con e-parent\" data-id=\"2658575\" data-element_type=\"container\" data-e-type=\"container\">\n\t\t\t\t\t<div class=\"e-con-inner\">\n\t\t\t\t<div class=\"elementor-element elementor-element-c01f5dd elementor-widget elementor-widget-text-editor\" data-id=\"c01f5dd\" data-element_type=\"widget\" data-e-type=\"widget\" data-widget_type=\"text-editor.default\">\n\t\t\t\t<div class=\"elementor-widget-container\">\n\t\t\t\t\t\t\t\t\t<h1>Dodac\u00ed a platebn\u00ed podm\u00ednky<\/h1><ol><li><b>Z\u00e1kladn\u00ed ustanoven\u00ed\u00a0<\/b><\/li><li><span style=\"font-weight: 400;\"> Spr\u00e1vcem osobn\u00edch \u00fadaj\u016f podle \u010dl. 4 bod 7 na\u0159\u00edzen\u00ed Evropsk\u00e9ho parlamentu a Rady (EU) 2016\/679 o ochran\u011b fyzick\u00fdch osob v souvislosti se zpracov\u00e1n\u00edm osobn\u00edch \u00fadaj\u016f a o voln\u00e9m pohybu t\u011bchto \u00fadaj\u016f (d\u00e1le jen: \u201e<\/span><b>GDPR<\/b><span style=\"font-weight: 400;\">\u201d) je\u00a0<\/span><a href=\"https:\/\/www.proindustry.cz\/\"><b>Ond\u0159ej<\/b><\/a><b> Janou\u0161ek<\/b><span style=\"font-weight: 400;\">.<\/span><span style=\"font-weight: 400;\">I\u010cO:\u00a0<\/span><b>73853518<\/b><span style=\"font-weight: 400;\">se s\u00eddlem <\/span><b>Filipova 2014\/2, Praha 4 &#8211; Chodov<\/b><span style=\"font-weight: 400;\"> (d\u00e1le jen: \u201e<\/span><b>spr\u00e1vce<\/b><span style=\"font-weight: 400;\">\u201c). Tedy my jako provozovatel\u00e9 <\/span><a href=\"about:blank\"><b>www.wayunki.com<\/b><\/a><\/li><li><span style=\"font-weight: 400;\"> Kontaktn\u00ed \u00fadaje n\u00e1s jako spr\u00e1vce jsou:<\/span><\/li><\/ol><p><span style=\"font-weight: 400;\">Adresa:<\/span><b>\u00a0<\/b><b>Prokopova 14, Praha 3, 130 00<\/b><\/p><p><span style=\"font-weight: 400;\">E-mail:\u00a0<\/span><b>info@wayunki.com<\/b><\/p><p><span style=\"font-weight: 400;\">Telefon: <\/span><b>+420\u00a0777 870 609<\/b><\/p><ol start=\"3\"><li><span style=\"font-weight: 400;\"> Osobn\u00edmi \u00fadaji se rozum\u00ed ve\u0161ker\u00e9 informace o identifikovan\u00e9 nebo identifikovateln\u00e9 fyzick\u00e9 osob\u011b; identifikovatelnou fyzickou osobou je fyzick\u00e1 osoba, kterou lze p\u0159\u00edmo \u010di nep\u0159\u00edmo identifikovat, zejm\u00e9na odkazem na ur\u010dit\u00fd identifik\u00e1tor, nap\u0159\u00edklad jm\u00e9no, identifika\u010dn\u00ed \u010d\u00edslo, loka\u010dn\u00ed \u00fadaje, s\u00ed\u0165ov\u00fd identifik\u00e1tor nebo na jeden \u010di v\u00edce zvl\u00e1\u0161tn\u00edch prvk\u016f fyzick\u00e9, fyziologick\u00e9, genetick\u00e9, psychick\u00e9, ekonomick\u00e9, kulturn\u00ed nebo spole\u010densk\u00e9 identity t\u00e9to fyzick\u00e9 osoby.\u00a0<\/span><\/li><li><span style=\"font-weight: 400;\"> My jako spr\u00e1vce \u00fadaj\u016f jsme nejmenovali pov\u011b\u0159ence pro ochranu osobn\u00edch \u00fadaj\u016f. Zodpov\u011bdnost tak na nikoho nep\u0159ehazujeme. Hrajeme prost\u011b f\u00e9r.<\/span><\/li><li><b>Zdroje a kategorie zpracov\u00e1van\u00fdch osobn\u00edch \u00fadaj\u016f<\/b><\/li><li><span style=\"font-weight: 400;\"> My jako spr\u00e1vce zpracov\u00e1v\u00e1me osobn\u00ed \u00fadaje, kter\u00e9 jsi n\u00e1m poskytl\/a nebo osobn\u00ed \u00fadaje, kter\u00e9 jsme od tebe z\u00edskali na z\u00e1klad\u011b pln\u011bn\u00ed tvoji objedn\u00e1vky. Tedy nezbytn\u00e9 \u00fadaje k vy\u0159\u00edzen\u00ed a doru\u010den\u00ed tvoji objedn\u00e1vky, jako jsou jm\u00e9no, adresa, e-mail a telefon.<\/span><\/li><li><span style=\"font-weight: 400;\"> My jako spr\u00e1vce \u00fadaj\u016f zpracov\u00e1v\u00e1me tvoje identifika\u010dn\u00ed a kontaktn\u00ed \u00fadaje jen pro nezbytn\u00e9 pln\u011bn\u00ed smlouvy o n\u00e1kupu, co\u017e je tvoje objedn\u00e1vka u n\u00e1s na e-shopu.<\/span><\/li><\/ol><p><b>III.\u00a0Z\u00e1konn\u00fd d\u016fvod a \u00fa\u010del zpracov\u00e1n\u00ed osobn\u00edch \u00fadaj\u016f<\/b><\/p><ol><li><span style=\"font-weight: 400;\"> Z\u00e1konn\u00fdm d\u016fvodem zpracov\u00e1n\u00ed tv\u00fdch osobn\u00edch \u00fadaj\u016f je:<\/span><\/li><\/ol><ul><li style=\"font-weight: 400;\" aria-level=\"1\"><span style=\"font-weight: 400;\">pln\u011bn\u00ed smlouvy mezi tebou a n\u00e1mi, tedy spr\u00e1vcem \u00fadaj\u016f podle \u010dl. 6 odst. 1 p\u00edsm. b) GDPR,<\/span><\/li><li style=\"font-weight: 400;\" aria-level=\"1\"><span style=\"font-weight: 400;\">opr\u00e1vn\u011bn\u00fd z\u00e1jem spr\u00e1vce na poskytov\u00e1n\u00ed p\u0159\u00edm\u00e9ho marketingu ( zejm\u00e9na pro zas\u00edl\u00e1n\u00ed obchodn\u00edch sd\u011blen\u00ed a newsletter\u016f ) podle \u010dl. 6 odst. 1 p\u00edsm. f) GDPR,. To ale jen v p\u0159\u00edpad\u011b, kdy\u017e bude\u0161 cht\u00edt zas\u00edlat newsletter a p\u0159ihl\u00e1s\u00ed\u0161 se k n\u011bmu s\u00e1m\/a p\u0159i objedn\u00e1vce zbo\u017e\u00ed od n\u00e1s. Jinak Ti nic zas\u00edlat nebudeme a nebudeme T\u011b obt\u011b\u017eovat reklamou.\u00a0<\/span><\/li><li style=\"font-weight: 400;\" aria-level=\"1\"><span style=\"font-weight: 400;\">tv\u016fj souhlas se zpracov\u00e1n\u00edm pro \u00fa\u010dely poskytov\u00e1n\u00ed p\u0159\u00edm\u00e9ho marketingu ( zejm\u00e9na pro zas\u00edl\u00e1n\u00ed obchodn\u00edch sd\u011blen\u00ed a newsletter\u016f ) podle \u010dl. 6 odst. 1 p\u00edsm. a) GDPR ve spojen\u00ed s \u00a7 7 odst. 2 z\u00e1kona \u010d. 480\/2004 Sb., o n\u011bkter\u00fdch slu\u017eb\u00e1ch informa\u010dn\u00ed spole\u010dnosti v p\u0159\u00edpad\u011b, \u017ee nedo\u0161lo k objedn\u00e1vce zbo\u017e\u00ed nebo slu\u017eby. To znamen\u00e1, \u017ee pokud si od n\u00e1s nic neobjedn\u00e1\u0161, ale p\u0159ihl\u00e1s\u00ed\u0161 se jen k zas\u00edl\u00e1n\u00ed newsletteru.<\/span><\/li><\/ul><ol start=\"2\"><li><span style=\"font-weight: 400;\"> \u00da\u010delem zpracov\u00e1n\u00ed osobn\u00edch \u00fadaj\u016f je:<\/span><\/li><\/ol><ul><li style=\"font-weight: 400;\" aria-level=\"1\"><span style=\"font-weight: 400;\">vy\u0159\u00edzen\u00ed tvoji objedn\u00e1vky a v\u00fdkon pr\u00e1v a povinnost\u00ed vypl\u00fdvaj\u00edc\u00edch ze smluvn\u00edho vztahu mezi tebou a n\u00e1mi jako spr\u00e1vcem \u00fadaj\u016f; p\u0159i objedn\u00e1vce jsou vy\u017eadov\u00e1ny osobn\u00ed \u00fadaje, kter\u00e9 jsou nutn\u00e9 pro na\u0161e \u00fasp\u011b\u0161n\u00e9 vy\u0159\u00edzen\u00ed tvoji objedn\u00e1vky ( jm\u00e9no, p\u0159\u00edjmen\u00ed, adresa a kontakt na tebe v podob\u011b telefonn\u00edho \u010d\u00edsla ). Poskytnut\u00ed osobn\u00edch \u00fadaj\u016f je nutn\u00fdm po\u017eadavkem pro uzav\u0159en\u00ed a pln\u011bn\u00ed smlouvy &#8211; tedy tvoji objedn\u00e1vky. Bez poskytnut\u00ed osobn\u00edch \u00fadaj\u016f nen\u00ed mo\u017en\u00e9 smlouvu uzav\u0159\u00edt \u010di j\u00ed z na\u0161i strany jako spr\u00e1vce \u00fadaj\u016f \u0159\u00e1dn\u011b plnit,<\/span><\/li><li style=\"font-weight: 400;\" aria-level=\"1\"><span style=\"font-weight: 400;\">zas\u00edl\u00e1n\u00ed obchodn\u00edch sd\u011blen\u00ed a \u010din\u011bn\u00ed na\u0161ich dal\u0161\u00edch marketingov\u00fdch aktivit ale to jen v p\u0159\u00edpad\u011b, \u017ee si je bude\u0161 s\u00e1m\/a p\u0159\u00e1t. Jinak Ti nic zas\u00edlat nebudeme.\u00a0<\/span><\/li><\/ul><ol start=\"3\"><li><span style=\"font-weight: 400;\"> Ze strany n\u00e1s, jako spr\u00e1vce, nedoch\u00e1z\u00ed k automatick\u00e9mu individu\u00e1ln\u00edmu rozhodov\u00e1n\u00ed ve smyslu \u010dl. 22 GDPR. Op\u011bt a st\u00e1le hrajeme fair-play.<\/span><\/li><li><b>Doba uchov\u00e1v\u00e1n\u00ed \u00fadaj\u016f<\/b><\/li><li><span style=\"font-weight: 400;\"> My jako spr\u00e1vce uchov\u00e1v\u00e1me tvoje osobn\u00ed \u00fadaje:<\/span><\/li><\/ol><ul><li style=\"font-weight: 400;\" aria-level=\"1\"><span style=\"font-weight: 400;\">jen po dobu nezbytnou k v\u00fdkonu pr\u00e1v a povinnost\u00ed vypl\u00fdvaj\u00edc\u00edch z na\u0161eho smluvn\u00edho vztahu mezi tebou a n\u00e1mi jako spr\u00e1vcem \u00fadaj\u016f a pro uplat\u0148ov\u00e1n\u00ed n\u00e1rok\u016f z t\u011bchto smluvn\u00edch vztah\u016f vypl\u00fdvaj\u00edc\u00edch ( po dobu 15 let od ukon\u010den\u00ed smluvn\u00edho vztahu, jak na\u0159izuje finan\u010dn\u00ed \u00fa\u0159ad ).\u00a0<\/span><\/li><li style=\"font-weight: 400;\" aria-level=\"1\"><span style=\"font-weight: 400;\">jen po dobu, ne\u017e je tebou odvol\u00e1n souhlas se zpracov\u00e1n\u00edm osobn\u00edch \u00fadaj\u016f pro \u00fa\u010dely marketingu a nejd\u00e9le 5 let, jsou-li osobn\u00ed \u00fadaje zpracov\u00e1v\u00e1ny na z\u00e1klad\u011b tv\u00e9ho souhlasu.<\/span><\/li><\/ul><ol start=\"2\"><li><span style=\"font-weight: 400;\"> Po uplynut\u00ed doby uchov\u00e1v\u00e1n\u00ed osobn\u00edch \u00fadaj\u016f, my jako spr\u00e1vce, osobn\u00ed \u00fadaje nevratn\u011b vyma\u017eeme.\u00a0<\/span><\/li><li><b>P\u0159\u00edjemci osobn\u00edch \u00fadaj\u016f ( na\u0161i subdodavatel\u00e9 a partne\u0159i )<\/b><\/li><li><span style=\"font-weight: 400;\"> P\u0159\u00edjemci osobn\u00edch \u00fadaj\u016f jsou osoby:<\/span><\/li><\/ol><ul><li style=\"font-weight: 400;\" aria-level=\"1\"><span style=\"font-weight: 400;\">pod\u00edlej\u00edc\u00ed se na dod\u00e1n\u00ed zbo\u017e\u00ed, slu\u017eeb a realizaci plateb na z\u00e1klad\u011b smlouvy, tedy nap\u0159\u00edklad dopravce, banka nebo platebn\u00ed br\u00e1na \u010di poskytovatel platebn\u00edch karet<\/span><\/li><li style=\"font-weight: 400;\" aria-level=\"1\"><span style=\"font-weight: 400;\">zaji\u0161\u0165uj\u00edc\u00ed slu\u017eby provozov\u00e1n\u00ed e-shopu ( WordPress jako platforma, na kter\u00e9 e-shop b\u011b\u017e\u00ed ) a dal\u0161\u00ed slu\u017eby v souvislosti s provozov\u00e1n\u00edm e-shopu ( poskytovatel hostingu webu )<\/span><\/li><li style=\"font-weight: 400;\" aria-level=\"1\"><span style=\"font-weight: 400;\">zaji\u0161\u0165uj\u00edc\u00ed marketingov\u00e9 slu\u017eby ( nap\u0159\u00edklad Google, Seznam, Heur\u00e9ka a dal\u0161\u00ed ), ale pouze a pokud k tomu d\u00e1\u0161 sv\u016fj souhlas. I zde plat\u00ed, \u017ee hrajeme f\u00e9r. Nikomu tvoje \u00fadaje ned\u00e1me bez tv\u00e9ho souhlasu, aby T\u011b obt\u011b\u017eoval reklamou kterou nechce\u0161.\u00a0\u00a0<\/span><\/li><li style=\"font-weight: 400;\" aria-level=\"1\"><span style=\"font-weight: 400;\">od <\/span><span style=\"font-weight: 400;\">1.12. 2024<\/span><span style=\"font-weight: 400;\"> profiluj\u00edc\u00edmi (marketingov\u00fdmi) cookies d\u00e1v\u00e1te jako u\u017eivatel\u00e9 pr\u00e1vo vyu\u017e\u00edt i nov\u00fd typ dat<\/span><\/li><\/ul><ol start=\"2\"><li><span style=\"font-weight: 400;\"> My jako spr\u00e1vce nem\u00e1me v \u00famyslu a ani nep\u0159ed\u00e1me tvoje osobn\u00ed \u00fadaje do t\u0159et\u00ed zem\u011b ( do zem\u011b mimo EU ) nebo mezin\u00e1rodn\u00ed organizaci.\u00a0<\/span><\/li><li><b> Tvoje\u00a0pr\u00e1va<\/b><\/li><li><span style=\"font-weight: 400;\"> Za podm\u00ednek stanoven\u00fdch v GDPR m\u00e1\u0161:<\/span><\/li><\/ol><ul><li style=\"font-weight: 400;\" aria-level=\"1\"><span style=\"font-weight: 400;\">pr\u00e1vo na p\u0159\u00edstup ke sv\u00fdm osobn\u00edm \u00fadaj\u016fm dle \u010dl. 15 GDPR,<\/span><\/li><li style=\"font-weight: 400;\" aria-level=\"1\"><span style=\"font-weight: 400;\">pr\u00e1vo na opravu osobn\u00edch \u00fadaj\u016f dle \u010dl. 16 GDPR, pop\u0159\u00edpad\u011b omezen\u00ed zpracov\u00e1n\u00ed dle \u010dl. 18 GDPR.<\/span><\/li><li style=\"font-weight: 400;\" aria-level=\"1\"><span style=\"font-weight: 400;\">pr\u00e1vo na v\u00fdmaz osobn\u00edch \u00fadaj\u016f dle \u010dl. 17 GDPR.<\/span><\/li><li style=\"font-weight: 400;\" aria-level=\"1\"><span style=\"font-weight: 400;\">pr\u00e1vo vzn\u00e9st n\u00e1mitku proti zpracov\u00e1n\u00ed dle \u010dl. 21 GDPR<\/span><\/li><li style=\"font-weight: 400;\" aria-level=\"1\"><span style=\"font-weight: 400;\">pr\u00e1vo na p\u0159enositelnost \u00fadaj\u016f dle \u010dl. 20 GDPR.<\/span><\/li><li style=\"font-weight: 400;\" aria-level=\"1\"><span style=\"font-weight: 400;\">pr\u00e1vo odvolat souhlas se zpracov\u00e1n\u00edm p\u00edsemn\u011b nebo elektronicky na adresu nebo email spr\u00e1vce uveden\u00fd v \u010dl. I, bod 2 t\u011bchto podm\u00ednek.<\/span><\/li><\/ul><ol start=\"2\"><li><span style=\"font-weight: 400;\"> D\u00e1le m\u00e1\u0161 pr\u00e1vo podat st\u00ed\u017enost u \u00da\u0159adu pro ochranu osobn\u00edch \u00fadaj\u016f v p\u0159\u00edpad\u011b, \u017ee se domn\u00edv\u00e1\u0161, \u017ee bylo poru\u0161eno tvoje pr\u00e1vo na ochranu\u00a0osobn\u00edch \u00fadaj\u016f.<\/span><\/li><\/ol><p><b>VII.\u00a0Podm\u00ednky zabezpe\u010den\u00ed osobn\u00edch \u00fadaj\u016f<\/b><\/p><ol><li><span style=\"font-weight: 400;\"> My jako spr\u00e1vce prohla\u0161ujeme, \u017ee jsme p\u0159ijali ve\u0161ker\u00e1 vhodn\u00e1 technick\u00e1 a organiza\u010dn\u00ed opat\u0159en\u00ed k zabezpe\u010den\u00ed tv\u00fdch osobn\u00edch \u00fadaj\u016f.<\/span><\/li><li><span style=\"font-weight: 400;\"> My jako spr\u00e1vce jsme p\u0159ijali technick\u00e1 opat\u0159en\u00ed k zabezpe\u010den\u00ed datov\u00fdch \u00falo\u017ei\u0161\u0165 a \u00falo\u017ei\u0161\u0165 osobn\u00edch \u00fadaj\u016f v listinn\u00e9 podob\u011b.<\/span><\/li><li><span style=\"font-weight: 400;\"> My jako spr\u00e1vce prohla\u0161ujeme, \u017ee k tv\u00fdm osobn\u00edm \u00fadaj\u016fm maj\u00ed p\u0159\u00edstup pouze n\u00e1mi pov\u011b\u0159en\u00e9 osoby nutn\u00e9 k vy\u0159\u00edzen\u00ed tvoji objedn\u00e1vky.<\/span><\/li><\/ol><p><b>VIII.\u00a0Z\u00e1v\u011bre\u010dn\u00e1 ustanoven\u00ed<\/b><\/p><ol><li><span style=\"font-weight: 400;\"> Odesl\u00e1n\u00edm objedn\u00e1vky z internetov\u00e9ho objedn\u00e1vkov\u00e9ho formul\u00e1\u0159e &#8211; eshopu potvrzuje\u0161, \u017ee jsi se sezn\u00e1mil\/a s podm\u00ednkami ochrany osobn\u00edch \u00fadaj\u016f a \u017ee je v cel\u00e9m rozsahu p\u0159ij\u00edm\u00e1\u0161.<\/span><\/li><li><span style=\"font-weight: 400;\"> S t\u011bmito podm\u00ednkami souhlas\u00ed\u0161 za\u0161krtnut\u00edm souhlasu prost\u0159ednictv\u00edm internetov\u00e9ho formul\u00e1\u0159e p\u0159i objedn\u00e1vce. Za\u0161krtnut\u00edm souhlasu potvrzuje\u0161, \u017ee jsi se sezn\u00e1mil\/a s podm\u00ednkami ochrany osobn\u00edch \u00fadaj\u016f a \u017ee je v cel\u00e9m rozsahu p\u0159ij\u00edm\u00e1\u0161.<\/span><\/li><li><span style=\"font-weight: 400;\"> My jako spr\u00e1vce jsme opr\u00e1vn\u011bni tyto podm\u00ednky zm\u011bnit. Novou verzi t\u011bchto podm\u00ednek ochrany osobn\u00edch \u00fadaj\u016f zve\u0159ejn\u00edme na sv\u00fdch internetov\u00fdch str\u00e1nk\u00e1ch. Z\u00e1rove\u0148 jsme Ti povinni v tom p\u0159\u00edpad\u011b zaslat novou verzi t\u011bchto podm\u00ednek na tvoji e-mailovou adresu, kterou jsi n\u00e1m jako spr\u00e1vci poskytl\/a.<\/span><\/li><\/ol><p><span style=\"font-weight: 400;\">\u00a0<\/span><\/p><p><span style=\"font-weight: 400;\">Tyto podm\u00ednky nab\u00fdvaj\u00ed \u00fa\u010dinnosti dnem <\/span><span style=\"font-weight: 400;\">1.12.2024.<\/span><\/p><p><span style=\"font-weight: 400;\">V\u00edce o platebn\u00ed metod\u011b Comgate:\u00a0<\/span><\/p><p>Comgate, a.s.<br \/>Go\u010d\u00e1rova t\u0159\u00edda 1754 \/ 48b, Hradec Kr\u00e1lov\u00e9<br \/>E-mail:\u00a0<a href=\"mailto:platby-podpora@comgate.cz\" target=\"_blank\" rel=\"noopener\">platby-podpora@comgate.cz<\/a><br \/>Tel:\u00a0<a href=\"tel:+420228224267\" target=\"_blank\" rel=\"noopener\">+420 228 224 267<\/a><\/p><p><span style=\"font-weight: 400;\">V\u00edce o poskytovateli a\u00a0 platebn\u00edch metod\u00e1ch najdete na str\u00e1nk\u00e1ch:\u00a0<br \/><a href=\"https:\/\/www.comgate.cz\/cz\/platebni-brana\">https:\/\/www.comgate.cz\/cz\/platebni-brana<\/a><br \/><br \/><a href=\"https:\/\/help.comgate.cz\/v1\/docs\/cs\/platby-kartou\">https:\/\/help.comgate.cz\/v1\/docs\/cs\/platby-kartou<\/a><\/span><\/p><p><span style=\"font-weight: 400;\"><a href=\"https:\/\/help.comgate.cz\/docs\/bankovni-prevody\">https:\/\/help.comgate.cz\/docs\/bankovni-prevody<\/a><br \/><\/span><\/p>\t\t\t\t\t\t\t\t<\/div>\n\t\t\t\t<\/div>\n\t\t\t\t\t<\/div>\n\t\t\t\t<\/div>\n\t\t\t\t<\/div>","protected":false},"excerpt":{"rendered":"<p>Dodac\u00ed a platebn\u00ed podm\u00ednky Z\u00e1kladn\u00ed ustanoven\u00ed\u00a0 Spr\u00e1vcem osobn\u00edch \u00fadaj\u016f podle \u010dl. 4 bod 7 na\u0159\u00edzen\u00ed Evropsk\u00e9ho parlamentu a Rady (EU) 2016\/679 o ochran\u011b fyzick\u00fdch osob v souvislosti se zpracov\u00e1n\u00edm osobn\u00edch \u00fadaj\u016f a o voln\u00e9m pohybu t\u011bchto \u00fadaj\u016f (d\u00e1le jen: \u201eGDPR\u201d) je\u00a0Ond\u0159ej Janou\u0161ek.I\u010cO:\u00a073853518se s\u00eddlem Filipova 2014\/2, Praha 4 &#8211; Chodov (d\u00e1le jen: \u201espr\u00e1vce\u201c). Tedy my jako [&hellip;]<\/p>\n","protected":false},"author":4,"featured_media":0,"parent":0,"menu_order":0,"comment_status":"closed","ping_status":"closed","template":"","meta":{"footnotes":""},"class_list":["post-1425","page","type-page","status-publish","hentry"],"_links":{"self":[{"href":"https:\/\/wayunki.com\/es\/wp-json\/wp\/v2\/pages\/1425","targetHints":{"allow":["GET"]}}],"collection":[{"href":"https:\/\/wayunki.com\/es\/wp-json\/wp\/v2\/pages"}],"about":[{"href":"https:\/\/wayunki.com\/es\/wp-json\/wp\/v2\/types\/page"}],"author":[{"embeddable":true,"href":"https:\/\/wayunki.com\/es\/wp-json\/wp\/v2\/users\/4"}],"replies":[{"embeddable":true,"href":"https:\/\/wayunki.com\/es\/wp-json\/wp\/v2\/comments?post=1425"}],"version-history":[{"count":5,"href":"https:\/\/wayunki.com\/es\/wp-json\/wp\/v2\/pages\/1425\/revisions"}],"predecessor-version":[{"id":1768,"href":"https:\/\/wayunki.com\/es\/wp-json\/wp\/v2\/pages\/1425\/revisions\/1768"}],"wp:attachment":[{"href":"https:\/\/wayunki.com\/es\/wp-json\/wp\/v2\/media?parent=1425"}],"curies":[{"name":"wp","href":"https:\/\/api.w.org\/{rel}","templated":true}]}}