{"id":14,"date":"2024-11-08T12:29:18","date_gmt":"2024-11-08T11:29:18","guid":{"rendered":"https:\/\/wayunki.com\/?page_id=14"},"modified":"2024-12-02T09:11:06","modified_gmt":"2024-12-02T08:11:06","slug":"reklamacni-podminky","status":"publish","type":"page","link":"https:\/\/wayunki.com\/es\/reklamacni-podminky\/","title":{"rendered":"Pol\u00edtica de reclamaciones"},"content":{"rendered":"<div data-elementor-type=\"wp-page\" data-elementor-id=\"14\" class=\"elementor elementor-14\" data-elementor-post-type=\"page\">\n\t\t\t\t<div class=\"elementor-element elementor-element-7b792bae e-flex e-con-boxed e-con e-parent\" data-id=\"7b792bae\" data-element_type=\"container\" data-e-type=\"container\">\n\t\t\t\t\t<div class=\"e-con-inner\">\n\t\t\t\t<div class=\"elementor-element elementor-element-57b5aa50 elementor-widget elementor-widget-text-editor\" data-id=\"57b5aa50\" data-element_type=\"widget\" data-e-type=\"widget\" data-widget_type=\"text-editor.default\">\n\t\t\t\t<div class=\"elementor-widget-container\">\n\t\t\t\t\t\t\t\t\t<p><\/p>\n<h1><b>Pol\u00edtica de reclamaciones<\/b><\/h1>\n<p><b>Informace pro klienty i neklienty o tom, jak\u00fdm zp\u016fsobem,<\/b><b><br><\/b><b>reklamovat nebo vr\u00e1tit zakoupen\u00fd produkt v na\u0161em eshopu.<\/b><\/p>\n<p><b>Vr\u00e1cen\u00ed zbo\u017e\u00ed<\/b><\/p>\n<p><span style=\"font-weight: 400;\">Pokud zjist\u00edte, \u017ee s dodan\u00fdm zbo\u017e\u00edm jsou jak\u00e9koliv probl\u00e9my a nejste s nim spokojeni, dejte n\u00e1m to pros\u00edm v\u011bd\u011bt p\u00edsemn\u011b, telefonicky, emailem nebo pomoc\u00ed SMS nejpozd\u011bji do 14 dn\u016f od doru\u010den\u00ed zbo\u017e\u00ed.<\/span><\/p>\n<p><span style=\"font-weight: 400;\">Pokud v\u00e1m zbo\u017e\u00ed nevyhovuje, m\u016f\u017eete ho vr\u00e1tit a z\u00edskat zp\u011bt zaplacenou \u010d\u00e1stku krom\u011b n\u00e1klad\u016f na dopravu.<\/span><\/p>\n<p><span style=\"font-weight: 400;\">Po pou\u017eit\u00ed nebo opot\u0159eben\u00ed zbo\u017e\u00ed nem\u016f\u017eeme zbo\u017e\u00ed p\u0159evz\u00edt zp\u011bt a z\u00e1kazn\u00edk je povinen zbo\u017e\u00ed si ponechat.<\/span><\/p>\n<p><span style=\"font-weight: 400;\">Pokud v\u00e1m bude doru\u010dena poni\u010den\u00e1 z\u00e1silka obra\u0165te se na dopravce,&nbsp;<\/span><b>WAYUNKI nezodpov\u00edd\u00e1 za kvalitu p\u0159epravy.<\/b><\/p>\n<p><span style=\"font-weight: 400;\">Za nespr\u00e1vn\u00e9 objedn\u00e1n\u00ed produktu a t\u00edm spojen\u00e9 n\u00e1klady zodpov\u00edd\u00e1 z\u00e1kazn\u00edk.<\/span><\/p>\n<p><span style=\"font-weight: 400;\">V p\u0159\u00edpad\u011b dohodnut\u00e9 refundace: N\u00e1hrada bude provedena okam\u017eit\u011b. M\u016f\u017ee to trvat a\u017e 28 dn\u00ed, ne\u017e se zobraz\u00ed ve va\u0161em v\u00fdpisu.<\/span><\/p>\n<p><b>Reklamace<\/b><\/p>\n<p><b>Odesl\u00e1n\u00ed reklamace<\/b><span style=\"font-weight: 400;\"><br><\/span><span style=\"font-weight: 400;\">Pokud budete Va\u0161e zbo\u017e\u00ed zas\u00edlat po\u0161tou \u010di p\u0159epravn\u00ed spole\u010dnost\u00ed, mus\u00ed b\u00fdt na bal\u00edku z\u0159eteln\u011b vyzna\u010den n\u00e1pis REKLAMACE.<\/span><\/p>\n<p><span style=\"font-weight: 400;\">Pokud v jednom bal\u00edku bude v\u00edce reklamovan\u00e9ho zbo\u017e\u00ed, je nutn\u00e9&nbsp;<\/span><b>z\u0159eteln\u011b ozna\u010dit reklamovan\u00e9 zbo\u017e\u00ed<\/b><span style=\"font-weight: 400;\">&nbsp;uvnit\u0159 bal\u00edku.<\/span><span style=\"font-weight: 400;\"><br><\/span><span style=\"font-weight: 400;\">Je nutn\u00e9 p\u0159ilo\u017eit doklad o n\u00e1kupu zbo\u017e\u00ed a pr\u016fvodn\u00ed dopis s p\u0159esn\u00fdm popisem vady a platn\u00fdmi kontaktn\u00edmi \u00fadaji.<\/span><\/p>\n<p><b>Pr\u016fb\u011bh reklamace<\/b><span style=\"font-weight: 400;\"><br><\/span><span style=\"font-weight: 400;\">O pr\u016fb\u011bhu cel\u00e9 reklamace budete informov\u00e1ni automatick\u00fdmi maily, kter\u00e9 V\u00e1s upozorn\u00ed na to, \u017ee Va\u0161e reklamace byla n\u00e1mi p\u0159ijata do syst\u00e9mu, \u017ee byla vy\u0159\u00edzena, \u017ee V\u00e1m byla odesl\u00e1na, \u010di \u017ee si ji m\u00e1te mo\u017enost vyzvednout.<\/span><\/p>\n<p><b>Kontakty:<\/b><span style=\"font-weight: 400;\"><br><\/span><span style=\"font-weight: 400;\">N\u00ed\u017ee uveden\u00e9 kontaktn\u00ed \u00fadaje slou\u017e\u00ed pro p\u0159\u00edpad pot\u0159eby komunikace ohledn\u011b Va\u0161eho probl\u00e9mu nebo dotazu na reklama\u010dn\u00ed proces.<\/span><\/p>\n<p><b>Martin Studen\u00fd<\/b><span style=\"font-weight: 400;\"><br><\/span><span style=\"font-weight: 400;\">Prokopova 14, <\/span><span style=\"font-weight: 400;\"><br><\/span><span style=\"font-weight: 400;\">130 00 Praha 3<\/span><span style=\"font-weight: 400;\"><br><\/span><span style=\"font-weight: 400;\">Tel: <\/span><b>+420&nbsp;777 870 609<\/b><span style=\"font-weight: 400;\"><br><\/span><span style=\"font-weight: 400;\">Email:&nbsp;info@wayunki.com<\/span><\/p>\n<p><\/p>\n<p><\/p>\t\t\t\t\t\t\t\t<\/div>\n\t\t\t\t<\/div>\n\t\t\t\t\t<\/div>\n\t\t\t\t<\/div>\n\t\t\t\t<\/div>","protected":false},"excerpt":{"rendered":"<p>Reklama\u010dn\u00ed podm\u00ednky Informace pro klienty i neklienty o tom, jak\u00fdm zp\u016fsobem,reklamovat nebo vr\u00e1tit zakoupen\u00fd produkt v na\u0161em eshopu. Vr\u00e1cen\u00ed zbo\u017e\u00ed Pokud zjist\u00edte, \u017ee s dodan\u00fdm zbo\u017e\u00edm jsou jak\u00e9koliv probl\u00e9my a nejste s nim spokojeni, dejte n\u00e1m to pros\u00edm v\u011bd\u011bt p\u00edsemn\u011b, telefonicky, emailem nebo pomoc\u00ed SMS nejpozd\u011bji do 14 dn\u016f od doru\u010den\u00ed zbo\u017e\u00ed. Pokud v\u00e1m zbo\u017e\u00ed [&hellip;]<\/p>\n","protected":false},"author":4,"featured_media":0,"parent":0,"menu_order":0,"comment_status":"closed","ping_status":"closed","template":"","meta":{"footnotes":""},"class_list":["post-14","page","type-page","status-publish","hentry"],"_links":{"self":[{"href":"https:\/\/wayunki.com\/es\/wp-json\/wp\/v2\/pages\/14","targetHints":{"allow":["GET"]}}],"collection":[{"href":"https:\/\/wayunki.com\/es\/wp-json\/wp\/v2\/pages"}],"about":[{"href":"https:\/\/wayunki.com\/es\/wp-json\/wp\/v2\/types\/page"}],"author":[{"embeddable":true,"href":"https:\/\/wayunki.com\/es\/wp-json\/wp\/v2\/users\/4"}],"replies":[{"embeddable":true,"href":"https:\/\/wayunki.com\/es\/wp-json\/wp\/v2\/comments?post=14"}],"version-history":[{"count":5,"href":"https:\/\/wayunki.com\/es\/wp-json\/wp\/v2\/pages\/14\/revisions"}],"predecessor-version":[{"id":1416,"href":"https:\/\/wayunki.com\/es\/wp-json\/wp\/v2\/pages\/14\/revisions\/1416"}],"wp:attachment":[{"href":"https:\/\/wayunki.com\/es\/wp-json\/wp\/v2\/media?parent=14"}],"curies":[{"name":"wp","href":"https:\/\/api.w.org\/{rel}","templated":true}]}}