{"id":2323,"date":"2025-05-28T17:50:06","date_gmt":"2025-05-28T15:50:06","guid":{"rendered":"https:\/\/wayunki.com\/?post_type=product&#038;p=2323"},"modified":"2026-01-03T17:33:32","modified_gmt":"2026-01-03T16:33:32","slug":"uprava-frekvence-a-432-hz","status":"publish","type":"product","link":"https:\/\/wayunki.com\/en\/product\/uprava-frekvence-a-432-hz\/","title":{"rendered":"Frequency adjustment: A = 432 Hz"},"content":{"rendered":"","protected":false},"excerpt":{"rendered":"<p>\u00daprava frekvence A = 440 Hz &#8211;&gt; A = 432 Hz<br \/>\nJedn\u00e1 se o slu\u017ebu manu\u00e1ln\u00edho dolad\u011bn\u00ed do konkr\u00e9tn\u00ed frekvence.<\/p>","protected":false},"featured_media":2869,"comment_status":"open","ping_status":"closed","template":"","meta":[],"product_brand":[],"product_cat":[15],"product_tag":[],"class_list":{"0":"post-2323","1":"product","2":"type-product","3":"status-publish","4":"has-post-thumbnail","6":"product_cat-uncategorized","8":"first","9":"instock","10":"taxable","11":"shipping-taxable","12":"purchasable","13":"product-type-simple"},"_links":{"self":[{"href":"https:\/\/wayunki.com\/en\/wp-json\/wp\/v2\/product\/2323","targetHints":{"allow":["GET"]}}],"collection":[{"href":"https:\/\/wayunki.com\/en\/wp-json\/wp\/v2\/product"}],"about":[{"href":"https:\/\/wayunki.com\/en\/wp-json\/wp\/v2\/types\/product"}],"replies":[{"embeddable":true,"href":"https:\/\/wayunki.com\/en\/wp-json\/wp\/v2\/comments?post=2323"}],"wp:featuredmedia":[{"embeddable":true,"href":"https:\/\/wayunki.com\/en\/wp-json\/wp\/v2\/media\/2869"}],"wp:attachment":[{"href":"https:\/\/wayunki.com\/en\/wp-json\/wp\/v2\/media?parent=2323"}],"wp:term":[{"taxonomy":"product_brand","embeddable":true,"href":"https:\/\/wayunki.com\/en\/wp-json\/wp\/v2\/product_brand?post=2323"},{"taxonomy":"product_cat","embeddable":true,"href":"https:\/\/wayunki.com\/en\/wp-json\/wp\/v2\/product_cat?post=2323"},{"taxonomy":"product_tag","embeddable":true,"href":"https:\/\/wayunki.com\/en\/wp-json\/wp\/v2\/product_tag?post=2323"}],"curies":[{"name":"wp","href":"https:\/\/api.w.org\/{rel}","templated":true}]}}