{"id":3452,"date":"2025-10-07T16:56:17","date_gmt":"2025-10-07T14:56:17","guid":{"rendered":"https:\/\/wayunki.com\/?page_id=3452"},"modified":"2025-10-22T14:33:27","modified_gmt":"2025-10-22T12:33:27","slug":"o-nas","status":"publish","type":"page","link":"https:\/\/wayunki.com\/en\/o-nas\/","title":{"rendered":"About us"},"content":{"rendered":"<div data-elementor-type=\"wp-page\" data-elementor-id=\"3452\" class=\"elementor elementor-3452\" data-elementor-post-type=\"page\">\n\t\t\t\t<div class=\"elementor-element elementor-element-46e1690 e-con-full e-flex e-con e-child\" data-id=\"46e1690\" data-element_type=\"container\" data-e-type=\"container\" data-settings=\"{&quot;background_background&quot;:&quot;video&quot;,&quot;background_video_start&quot;:0}\">\n\t\t\t\t<div class=\"elementor-element elementor-element-02d9b32 elementor-widget elementor-widget-heading\" data-id=\"02d9b32\" data-element_type=\"widget\" data-e-type=\"widget\" data-widget_type=\"heading.default\">\n\t\t\t\t<div class=\"elementor-widget-container\">\n\t\t\t\t\t<h1 class=\"elementor-heading-title elementor-size-default\">About us<\/h1>\t\t\t\t<\/div>\n\t\t\t\t<\/div>\n\t\t\t\t<div class=\"elementor-element elementor-element-fad7717 elementor-align-center elementor-widget elementor-widget-button\" data-id=\"fad7717\" data-element_type=\"widget\" data-e-type=\"widget\" data-widget_type=\"button.default\">\n\t\t\t\t<div class=\"elementor-widget-container\">\n\t\t\t\t\t\t\t\t\t<div class=\"elementor-button-wrapper\">\n\t\t\t\t\t<a class=\"elementor-button elementor-button-link elementor-size-lg elementor-animation-grow\" href=\"https:\/\/wayunki.com\/en\/product\/wayunki\/\">\n\t\t\t\t\t\t<span class=\"elementor-button-content-wrapper\">\n\t\t\t\t\t\t\t\t\t<span class=\"elementor-button-text\">E-shop<\/span>\n\t\t\t\t\t<\/span>\n\t\t\t\t\t<\/a>\n\t\t\t\t<\/div>\n\t\t\t\t\t\t\t\t<\/div>\n\t\t\t\t<\/div>\n\t\t\t\t<\/div>\n\t\t<div class=\"elementor-element elementor-element-92fc60b e-flex e-con-boxed e-con e-parent\" data-id=\"92fc60b\" data-element_type=\"container\" data-e-type=\"container\">\n\t\t\t\t\t<div class=\"e-con-inner\">\n\t\t\t\t<div class=\"elementor-element elementor-element-da49d8f image-left elementor-widget elementor-widget-image\" data-id=\"da49d8f\" data-element_type=\"widget\" data-e-type=\"widget\" data-widget_type=\"image.default\">\n\t\t\t\t<div class=\"elementor-widget-container\">\n\t\t\t\t\t\t\t\t\t\t\t\t\t\t\t<img fetchpriority=\"high\" decoding=\"async\" width=\"768\" height=\"511\" src=\"https:\/\/wayunki.com\/wp-content\/uploads\/2025\/10\/wayunki_o_nas_photo_1-768x511.jpg\" class=\"attachment-medium_large size-medium_large wp-image-3457\" alt=\"\" srcset=\"https:\/\/wayunki.com\/wp-content\/uploads\/2025\/10\/wayunki_o_nas_photo_1-768x511.jpg 768w, https:\/\/wayunki.com\/wp-content\/uploads\/2025\/10\/wayunki_o_nas_photo_1-300x200.jpg 300w, https:\/\/wayunki.com\/wp-content\/uploads\/2025\/10\/wayunki_o_nas_photo_1-18x12.jpg 18w, https:\/\/wayunki.com\/wp-content\/uploads\/2025\/10\/wayunki_o_nas_photo_1.jpg 1000w\" sizes=\"(max-width: 768px) 100vw, 768px\" \/>\t\t\t\t\t\t\t\t\t\t\t\t\t\t\t<\/div>\n\t\t\t\t<\/div>\n\t\t<div class=\"elementor-element elementor-element-a58331d e-con-full e-flex e-con e-child\" data-id=\"a58331d\" data-element_type=\"container\" data-e-type=\"container\">\n\t\t\t\t<div class=\"elementor-element elementor-element-4e09b26 elementor-widget elementor-widget-text-editor\" data-id=\"4e09b26\" data-element_type=\"widget\" data-e-type=\"widget\" data-widget_type=\"text-editor.default\">\n\t\t\t\t<div class=\"elementor-widget-container\">\n\t\t\t\t\t\t\t\t\t<p>There are currently two of us in the core team. Me \u2013 Ond\u0159ej Janou\u0161ek \u2013 as the author and Martin Studen\u00fd as everything else \ud83d\ude42 Without Marty, this whole project probably wouldn\u2019t have happened and I would have continued to make Wayunki on my knee in my workshop near the forest. If I am the heart and brain of the project, Martin is the arms and legs\u2026 but the fact is that we are juggling to some extent.<\/p>\t\t\t\t\t\t\t\t<\/div>\n\t\t\t\t<\/div>\n\t\t\t\t<\/div>\n\t\t\t\t\t<\/div>\n\t\t\t\t<\/div>\n\t\t<div class=\"elementor-element elementor-element-cdb1e1c e-flex e-con-boxed e-con e-parent\" data-id=\"cdb1e1c\" data-element_type=\"container\" data-e-type=\"container\">\n\t\t\t\t\t<div class=\"e-con-inner\">\n\t\t<div class=\"elementor-element elementor-element-720e35e e-con-full e-flex e-con e-child\" data-id=\"720e35e\" data-element_type=\"container\" data-e-type=\"container\">\n\t\t\t\t<div class=\"elementor-element elementor-element-10cdd55 elementor-widget elementor-widget-heading\" data-id=\"10cdd55\" data-element_type=\"widget\" data-e-type=\"widget\" data-widget_type=\"heading.default\">\n\t\t\t\t<div class=\"elementor-widget-container\">\n\t\t\t\t\t<h2 class=\"elementor-heading-title elementor-size-default\">The Author \u2013 Ond\u0159ej<\/h2>\t\t\t\t<\/div>\n\t\t\t\t<\/div>\n\t\t\t\t<div class=\"elementor-element elementor-element-b811e9b elementor-widget elementor-widget-text-editor\" data-id=\"b811e9b\" data-element_type=\"widget\" data-e-type=\"widget\" data-widget_type=\"text-editor.default\">\n\t\t\t\t<div class=\"elementor-widget-container\">\n\t\t\t\t\t\t\t\t\t<p>The main theme in my life is sound and music. I have always been close to music, and as soon as I acquired certain skills in my teenage years, I began to construct various experimental instruments and use them while playing. I have always been fascinated by technical fields that try to understand and use the laws of the universe, such as physics, chemistry and electrical engineering. The knowledge from these fields, together with the desire for a perfect and free-sounding musical instrument and the ability to create with my hands and materialize ideas, led me to the manufacture of musical instruments.<\/p>\n<p>Although I have always gravitated towards wood as a material for creation, metal attracted me precisely because of its unique musical and sound possibilities. For many years I have been producing Sundrums under the name SundiBaad. When developing Sundrums, I used almost all my knowledge from various fields and distilled it into a sonorous musical instrument that brings joy and healing to many satisfied customers. And so another Wayunki metal musical instrument saw the light of day through me.<\/p>\n<p>Creating unique musical instruments is my passion in life and my adventure. I then observe with joy and fascination what all these tools bring to the world and what they can be used for, which I had no idea about. These beings being born through me have their purpose and their story, which far exceeds me\u2026 And so I try to give them free passage\u2026<\/p>\t\t\t\t\t\t\t\t<\/div>\n\t\t\t\t<\/div>\n\t\t\t\t<\/div>\n\t\t\t\t<div class=\"elementor-element elementor-element-63fd599 image-right elementor-widget elementor-widget-image\" data-id=\"63fd599\" data-element_type=\"widget\" data-e-type=\"widget\" data-widget_type=\"image.default\">\n\t\t\t\t<div class=\"elementor-widget-container\">\n\t\t\t\t\t\t\t\t\t\t\t\t\t\t\t<img decoding=\"async\" width=\"768\" height=\"511\" src=\"https:\/\/wayunki.com\/wp-content\/uploads\/2025\/10\/wayunki_sundibaad_photo-768x511.jpg\" class=\"attachment-medium_large size-medium_large wp-image-3458\" alt=\"\" srcset=\"https:\/\/wayunki.com\/wp-content\/uploads\/2025\/10\/wayunki_sundibaad_photo-768x511.jpg 768w, https:\/\/wayunki.com\/wp-content\/uploads\/2025\/10\/wayunki_sundibaad_photo-300x200.jpg 300w, https:\/\/wayunki.com\/wp-content\/uploads\/2025\/10\/wayunki_sundibaad_photo-18x12.jpg 18w, https:\/\/wayunki.com\/wp-content\/uploads\/2025\/10\/wayunki_sundibaad_photo-100x67.jpg 100w, https:\/\/wayunki.com\/wp-content\/uploads\/2025\/10\/wayunki_sundibaad_photo.jpg 1000w\" sizes=\"(max-width: 768px) 100vw, 768px\" \/>\t\t\t\t\t\t\t\t\t\t\t\t\t\t\t<\/div>\n\t\t\t\t<\/div>\n\t\t\t\t\t<\/div>\n\t\t\t\t<\/div>\n\t\t<div class=\"elementor-element elementor-element-7102113 e-flex e-con-boxed e-con e-parent\" data-id=\"7102113\" data-element_type=\"container\" data-e-type=\"container\">\n\t\t\t\t\t<div class=\"e-con-inner\">\n\t\t\t\t<div class=\"elementor-element elementor-element-bd097cd image-left elementor-widget elementor-widget-image\" data-id=\"bd097cd\" data-element_type=\"widget\" data-e-type=\"widget\" data-widget_type=\"image.default\">\n\t\t\t\t<div class=\"elementor-widget-container\">\n\t\t\t\t\t\t\t\t\t\t\t\t\t\t\t<img decoding=\"async\" width=\"768\" height=\"511\" src=\"https:\/\/wayunki.com\/wp-content\/uploads\/2025\/10\/wayunki_pribeh_pic-768x511.jpg\" class=\"attachment-medium_large size-medium_large wp-image-3387\" alt=\"\" srcset=\"https:\/\/wayunki.com\/wp-content\/uploads\/2025\/10\/wayunki_pribeh_pic-768x511.jpg 768w, https:\/\/wayunki.com\/wp-content\/uploads\/2025\/10\/wayunki_pribeh_pic-300x200.jpg 300w, https:\/\/wayunki.com\/wp-content\/uploads\/2025\/10\/wayunki_pribeh_pic-18x12.jpg 18w, https:\/\/wayunki.com\/wp-content\/uploads\/2025\/10\/wayunki_pribeh_pic-100x67.jpg 100w, https:\/\/wayunki.com\/wp-content\/uploads\/2025\/10\/wayunki_pribeh_pic.jpg 1000w\" sizes=\"(max-width: 768px) 100vw, 768px\" \/>\t\t\t\t\t\t\t\t\t\t\t\t\t\t\t<\/div>\n\t\t\t\t<\/div>\n\t\t<div class=\"elementor-element elementor-element-fbfb466 e-con-full e-flex e-con e-child\" data-id=\"fbfb466\" data-element_type=\"container\" data-e-type=\"container\">\n\t\t\t\t<div class=\"elementor-element elementor-element-ff3e177 elementor-widget elementor-widget-heading\" data-id=\"ff3e177\" data-element_type=\"widget\" data-e-type=\"widget\" data-widget_type=\"heading.default\">\n\t\t\t\t<div class=\"elementor-widget-container\">\n\t\t\t\t\t<h2 class=\"elementor-heading-title elementor-size-default\">About Marty<\/h2>\t\t\t\t<\/div>\n\t\t\t\t<\/div>\n\t\t\t\t<div class=\"elementor-element elementor-element-612c82c elementor-widget elementor-widget-text-editor\" data-id=\"612c82c\" data-element_type=\"widget\" data-e-type=\"widget\" data-widget_type=\"text-editor.default\">\n\t\t\t\t<div class=\"elementor-widget-container\">\n\t\t\t\t\t\t\t\t\t<p>I have always been an inquisitive and explorative soul. My journey through life motivated by being in my heart and truth has always led me exactly where I was meant to go. To learn, to explore, to write poems, to compose songs, to meet people of all kinds of character, story and mission. Once life beckoned me to live in the South, it was no accident when the band was looking for a drummer, one of I\u2019m in. That\u2019s how I met Ondra. Musician, inventor and mystic. After a year of making music together, it became clear that my technical experience in metalworking fit into the picture of collaboration.<\/p><p>Our shared interest in music and often coinciding outlook on life convinced us that the path we were about to embark on was one worth trying. My enthusiasm for the cause was overwhelming, and I got to work right away. The knowledge, attitude and approach to work and life is signalling itself in everything we do. This decision to fully devote my energies to making instruments with Sundibaad helped me to stop and end my almost 4 year long journey for \u201csomething\u201d. I think of it as a real spiritual journey, because starting a business is a big challenge in which you face all kinds of challenges. To co-create a piece of music that caresses the spirit is an honor. I believe it will serve everyone as it should. Music lifts the spirit.<\/p>\t\t\t\t\t\t\t\t<\/div>\n\t\t\t\t<\/div>\n\t\t\t\t<\/div>\n\t\t\t\t\t<\/div>\n\t\t\t\t<\/div>\n\t\t\t\t<\/div>","protected":false},"excerpt":{"rendered":"<p>O n\u00e1s E-shop Aktu\u00e1ln\u011b jsme v neju\u017e\u0161\u00edm t\u00fdmu dva. J\u00e1 \u2013 Ond\u0159ej Janou\u0161ek \u2013 jako autor a Martin Studen\u00fd jako v\u0161e ostatn\u00ed \ud83d\ude42 Bez Martyho by tento cel\u00fd projekt pravd\u011bpodobn\u011b nevznikl a j\u00e1 bych d\u00e1l vyr\u00e1b\u011bl Wayunki na sv\u00fdch kolenou v m\u00e9 d\u00edlni\u010dce u lesa. Pokud bych m\u011bl b\u00fdt j\u00e1 sp\u00ed\u0161e srdce a mozek projektu, [&hellip;]<\/p>\n","protected":false},"author":4,"featured_media":0,"parent":0,"menu_order":0,"comment_status":"closed","ping_status":"closed","template":"","meta":{"footnotes":""},"class_list":["post-3452","page","type-page","status-publish","hentry"],"_links":{"self":[{"href":"https:\/\/wayunki.com\/en\/wp-json\/wp\/v2\/pages\/3452","targetHints":{"allow":["GET"]}}],"collection":[{"href":"https:\/\/wayunki.com\/en\/wp-json\/wp\/v2\/pages"}],"about":[{"href":"https:\/\/wayunki.com\/en\/wp-json\/wp\/v2\/types\/page"}],"author":[{"embeddable":true,"href":"https:\/\/wayunki.com\/en\/wp-json\/wp\/v2\/users\/4"}],"replies":[{"embeddable":true,"href":"https:\/\/wayunki.com\/en\/wp-json\/wp\/v2\/comments?post=3452"}],"version-history":[{"count":70,"href":"https:\/\/wayunki.com\/en\/wp-json\/wp\/v2\/pages\/3452\/revisions"}],"predecessor-version":[{"id":3993,"href":"https:\/\/wayunki.com\/en\/wp-json\/wp\/v2\/pages\/3452\/revisions\/3993"}],"wp:attachment":[{"href":"https:\/\/wayunki.com\/en\/wp-json\/wp\/v2\/media?parent=3452"}],"curies":[{"name":"wp","href":"https:\/\/api.w.org\/{rel}","templated":true}]}}