{"id":3431,"date":"2025-10-07T16:24:05","date_gmt":"2025-10-07T14:24:05","guid":{"rendered":"https:\/\/wayunki.com\/?page_id=3431"},"modified":"2025-12-19T22:41:11","modified_gmt":"2025-12-19T21:41:11","slug":"hra","status":"publish","type":"page","link":"https:\/\/wayunki.com\/en\/hra\/","title":{"rendered":"Playing"},"content":{"rendered":"<div data-elementor-type=\"wp-page\" data-elementor-id=\"3431\" class=\"elementor elementor-3431\" data-elementor-post-type=\"page\">\n\t\t\t\t<div class=\"elementor-element elementor-element-799ed3e e-con-full e-flex e-con e-child\" data-id=\"799ed3e\" data-element_type=\"container\" data-e-type=\"container\" data-settings=\"{&quot;background_background&quot;:&quot;video&quot;,&quot;background_video_start&quot;:0}\">\n\t\t\t\t<div class=\"elementor-element elementor-element-485a6de elementor-widget elementor-widget-heading\" data-id=\"485a6de\" data-element_type=\"widget\" data-e-type=\"widget\" data-widget_type=\"heading.default\">\n\t\t\t\t<div class=\"elementor-widget-container\">\n\t\t\t\t\t<h1 class=\"elementor-heading-title elementor-size-default\">Playing<\/h1>\t\t\t\t<\/div>\n\t\t\t\t<\/div>\n\t\t\t\t<div class=\"elementor-element elementor-element-aed3ba9 elementor-align-center elementor-widget elementor-widget-button\" data-id=\"aed3ba9\" data-element_type=\"widget\" data-e-type=\"widget\" data-widget_type=\"button.default\">\n\t\t\t\t<div class=\"elementor-widget-container\">\n\t\t\t\t\t\t\t\t\t<div class=\"elementor-button-wrapper\">\n\t\t\t\t\t<a class=\"elementor-button elementor-button-link elementor-size-lg elementor-animation-grow\" href=\"https:\/\/wayunki.com\/en\/product\/wayunki\/\">\n\t\t\t\t\t\t<span class=\"elementor-button-content-wrapper\">\n\t\t\t\t\t\t\t\t\t<span class=\"elementor-button-text\">E-shop<\/span>\n\t\t\t\t\t<\/span>\n\t\t\t\t\t<\/a>\n\t\t\t\t<\/div>\n\t\t\t\t\t\t\t\t<\/div>\n\t\t\t\t<\/div>\n\t\t\t\t<\/div>\n\t\t<div class=\"elementor-element elementor-element-e70d331 e-flex e-con-boxed e-con e-parent\" data-id=\"e70d331\" data-element_type=\"container\" data-e-type=\"container\">\n\t\t\t\t\t<div class=\"e-con-inner\">\n\t\t\t\t<div class=\"elementor-element elementor-element-0c152a6 image-left elementor-widget elementor-widget-image\" data-id=\"0c152a6\" data-element_type=\"widget\" data-e-type=\"widget\" data-widget_type=\"image.default\">\n\t\t\t\t<div class=\"elementor-widget-container\">\n\t\t\t\t\t\t\t\t\t\t\t\t\t\t\t<img fetchpriority=\"high\" decoding=\"async\" width=\"768\" height=\"511\" src=\"https:\/\/wayunki.com\/wp-content\/uploads\/2025\/10\/wayunki_hra_photo-768x511.jpg\" class=\"attachment-medium_large size-medium_large wp-image-3435\" alt=\"\" srcset=\"https:\/\/wayunki.com\/wp-content\/uploads\/2025\/10\/wayunki_hra_photo-768x511.jpg 768w, https:\/\/wayunki.com\/wp-content\/uploads\/2025\/10\/wayunki_hra_photo-300x200.jpg 300w, https:\/\/wayunki.com\/wp-content\/uploads\/2025\/10\/wayunki_hra_photo-18x12.jpg 18w, https:\/\/wayunki.com\/wp-content\/uploads\/2025\/10\/wayunki_hra_photo-100x67.jpg 100w, https:\/\/wayunki.com\/wp-content\/uploads\/2025\/10\/elementor\/thumbs\/wayunki_hra_photo-rcuzxhazc12trto26upzz8w3acdh8b5ysg9fx92p9u.jpg 440w, https:\/\/wayunki.com\/wp-content\/uploads\/2025\/10\/wayunki_hra_photo.jpg 1000w\" sizes=\"(max-width: 768px) 100vw, 768px\" \/>\t\t\t\t\t\t\t\t\t\t\t\t\t\t\t<\/div>\n\t\t\t\t<\/div>\n\t\t<div class=\"elementor-element elementor-element-8a01acc e-con-full e-flex e-con e-child\" data-id=\"8a01acc\" data-element_type=\"container\" data-e-type=\"container\">\n\t\t\t\t<div class=\"elementor-element elementor-element-8a9bb2a elementor-widget elementor-widget-text-editor\" data-id=\"8a9bb2a\" data-element_type=\"widget\" data-e-type=\"widget\" data-widget_type=\"text-editor.default\">\n\t\t\t\t<div class=\"elementor-widget-container\">\n\t\t\t\t\t\t\t\t\t<p>The instrument includes a stick\/mallet that is used to play it. However, the reeds can be vibrated in different ways and materials, and it is up to your imagination how you play it. At the opposite end of the instrument from the reeds is a hole that fits onto the mouth. It serves to frequency modulate the tone and create a wauwau effect similar to a hum.<\/p>\n<p>The best result is achieved if the mouth is placed close to the opening. The desired effect of \u201carticulating\u201d the sound is achieved by changing the size and shape of the oral cavity. That is, by all kinds of movements and twisting of the mouth, including the use of the tongue and the entire jaw. Each fundamental frequency of the tone has its own size or shape of the cavity, when it is reached, it will resonate and this frequency will be noticeably amplified.<\/p>\n<p>Thus, for each Wayunki tone, a specific cavity setting can be picked up to amplify a specific fundamental frequency of the tone. Each tone also has its aliquot frequencies, which are a multiple or divisor of the fundamental frequency. So, if one reed is sounded, these frequencies sound all at once, and by changing the shape of the oral cavity, these frequencies alternately become stronger and weaker. This produces the desired effect. The information is purely theoretical for supplementation. It may come in handy, but you can easily forget about it when playing intuitively <img decoding=\"async\" class=\"emoji\" role=\"img\" draggable=\"false\" src=\"https:\/\/s.w.org\/images\/core\/emoji\/16.0.1\/svg\/1f642.svg\" alt=\"\ud83d\ude42\"><\/p>\t\t\t\t\t\t\t\t<\/div>\n\t\t\t\t<\/div>\n\t\t\t\t<\/div>\n\t\t\t\t\t<\/div>\n\t\t\t\t<\/div>\n\t\t<div class=\"elementor-element elementor-element-888e19c e-flex e-con-boxed e-con e-parent\" data-id=\"888e19c\" data-element_type=\"container\" data-e-type=\"container\">\n\t\t\t\t\t<div class=\"e-con-inner\">\n\t\t<div class=\"elementor-element elementor-element-c8a2574 e-con-full e-flex e-con e-child\" data-id=\"c8a2574\" data-element_type=\"container\" data-e-type=\"container\">\n\t\t\t\t<div class=\"elementor-element elementor-element-362f1fd elementor-widget elementor-widget-text-editor\" data-id=\"362f1fd\" data-element_type=\"widget\" data-e-type=\"widget\" data-widget_type=\"text-editor.default\">\n\t\t\t\t<div class=\"elementor-widget-container\">\n\t\t\t\t\t\t\t\t\t<p>An interesting effect ala chorus or phaser can also be achieved by recognizing the instrument and then moving and circling it without putting it to the mouth. When used ala ambient chimes, the Wayunki is held by the wooden ring of the extension and sounded by rocking or lightly spinning. Alternatively, when holding the cup by any movement.<\/p>\n<p>It is also interesting to use several instruments together. Either in the way that they play simultaneously (if the tunings are in tune) or by alternating the tunings of other tunings.\nFor inspiration, here are the attached videos<\/p>\t\t\t\t\t\t\t\t<\/div>\n\t\t\t\t<\/div>\n\t\t\t\t<\/div>\n\t\t\t\t<div class=\"elementor-element elementor-element-7b4274b image-right elementor-widget elementor-widget-image\" data-id=\"7b4274b\" data-element_type=\"widget\" data-e-type=\"widget\" data-widget_type=\"image.default\">\n\t\t\t\t<div class=\"elementor-widget-container\">\n\t\t\t\t\t\t\t\t\t\t\t\t\t\t\t<img decoding=\"async\" width=\"768\" height=\"511\" src=\"https:\/\/wayunki.com\/wp-content\/uploads\/2025\/10\/wayunki_hra_photo2-768x511.jpg\" class=\"attachment-medium_large size-medium_large wp-image-3436\" alt=\"\" srcset=\"https:\/\/wayunki.com\/wp-content\/uploads\/2025\/10\/wayunki_hra_photo2-768x511.jpg 768w, https:\/\/wayunki.com\/wp-content\/uploads\/2025\/10\/wayunki_hra_photo2-300x200.jpg 300w, https:\/\/wayunki.com\/wp-content\/uploads\/2025\/10\/wayunki_hra_photo2-18x12.jpg 18w, https:\/\/wayunki.com\/wp-content\/uploads\/2025\/10\/wayunki_hra_photo2-100x67.jpg 100w, https:\/\/wayunki.com\/wp-content\/uploads\/2025\/10\/wayunki_hra_photo2.jpg 1000w\" sizes=\"(max-width: 768px) 100vw, 768px\" \/>\t\t\t\t\t\t\t\t\t\t\t\t\t\t\t<\/div>\n\t\t\t\t<\/div>\n\t\t\t\t\t<\/div>\n\t\t\t\t<\/div>\n\t\t\t\t<\/div>","protected":false},"excerpt":{"rendered":"<p>Hra E-shop K n\u00e1stroji pat\u0159\u00ed pali\u010dka, kterou se na n\u011bj hraje. Rozechv\u011bt jaz\u00fd\u010dky lze v\u0161ak r\u016fzn\u00fdmi zp\u016fsoby a materi\u00e1ly a je na va\u0161\u00ed fantazii, jak si s t\u00edm pohrajete. Na opa\u010dn\u00e9m konci n\u00e1stroje, ne\u017e jsou hrac\u00ed jaz\u00fd\u010dky, je otvor, kter\u00fd se p\u0159ikl\u00e1d\u00e1 k \u00fast\u016fm. Slou\u017e\u00ed k frekven\u010dn\u00edmu modulov\u00e1n\u00ed t\u00f3nu a vytvo\u0159en\u00ed wauwau efektu podobn\u011b jako [&hellip;]<\/p>\n","protected":false},"author":4,"featured_media":0,"parent":0,"menu_order":0,"comment_status":"closed","ping_status":"closed","template":"","meta":{"footnotes":""},"class_list":["post-3431","page","type-page","status-publish","hentry"],"_links":{"self":[{"href":"https:\/\/wayunki.com\/en\/wp-json\/wp\/v2\/pages\/3431","targetHints":{"allow":["GET"]}}],"collection":[{"href":"https:\/\/wayunki.com\/en\/wp-json\/wp\/v2\/pages"}],"about":[{"href":"https:\/\/wayunki.com\/en\/wp-json\/wp\/v2\/types\/page"}],"author":[{"embeddable":true,"href":"https:\/\/wayunki.com\/en\/wp-json\/wp\/v2\/users\/4"}],"replies":[{"embeddable":true,"href":"https:\/\/wayunki.com\/en\/wp-json\/wp\/v2\/comments?post=3431"}],"version-history":[{"count":81,"href":"https:\/\/wayunki.com\/en\/wp-json\/wp\/v2\/pages\/3431\/revisions"}],"predecessor-version":[{"id":4441,"href":"https:\/\/wayunki.com\/en\/wp-json\/wp\/v2\/pages\/3431\/revisions\/4441"}],"wp:attachment":[{"href":"https:\/\/wayunki.com\/en\/wp-json\/wp\/v2\/media?parent=3431"}],"curies":[{"name":"wp","href":"https:\/\/api.w.org\/{rel}","templated":true}]}}