{"id":3382,"date":"2025-10-07T14:02:31","date_gmt":"2025-10-07T12:02:31","guid":{"rendered":"https:\/\/wayunki.com\/?page_id=3382"},"modified":"2025-10-22T14:30:00","modified_gmt":"2025-10-22T12:30:00","slug":"o-nastroji","status":"publish","type":"page","link":"https:\/\/wayunki.com\/en\/o-nastroji\/","title":{"rendered":"The instrument"},"content":{"rendered":"<div data-elementor-type=\"wp-page\" data-elementor-id=\"3382\" class=\"elementor elementor-3382\" data-elementor-post-type=\"page\">\n\t\t\t\t<div class=\"elementor-element elementor-element-7375e7e e-con-full e-flex e-con e-child\" data-id=\"7375e7e\" data-element_type=\"container\" data-e-type=\"container\" data-settings=\"{&quot;background_background&quot;:&quot;video&quot;,&quot;background_video_start&quot;:0}\">\n\t\t\t\t<div class=\"elementor-element elementor-element-908eb5c elementor-widget elementor-widget-heading\" data-id=\"908eb5c\" data-element_type=\"widget\" data-e-type=\"widget\" data-widget_type=\"heading.default\">\n\t\t\t\t<div class=\"elementor-widget-container\">\n\t\t\t\t\t<h1 class=\"elementor-heading-title elementor-size-default\">Wayunki<\/h1>\t\t\t\t<\/div>\n\t\t\t\t<\/div>\n\t\t\t\t<div class=\"elementor-element elementor-element-6577af5 elementor-widget elementor-widget-text-editor\" data-id=\"6577af5\" data-element_type=\"widget\" data-e-type=\"widget\" data-widget_type=\"text-editor.default\">\n\t\t\t\t<div class=\"elementor-widget-container\">\n\t\t\t\t\t\t\t\t\t<p><strong><em>Out of silence comes sound and we work with it.<\/em><\/strong><\/p>\t\t\t\t\t\t\t\t<\/div>\n\t\t\t\t<\/div>\n\t\t\t\t<div class=\"elementor-element elementor-element-ed465c1 elementor-align-center elementor-widget elementor-widget-button\" data-id=\"ed465c1\" data-element_type=\"widget\" data-e-type=\"widget\" data-widget_type=\"button.default\">\n\t\t\t\t<div class=\"elementor-widget-container\">\n\t\t\t\t\t\t\t\t\t<div class=\"elementor-button-wrapper\">\n\t\t\t\t\t<a class=\"elementor-button elementor-button-link elementor-size-lg elementor-animation-grow\" href=\"https:\/\/wayunki.com\/en\/product\/wayunki\/\">\n\t\t\t\t\t\t<span class=\"elementor-button-content-wrapper\">\n\t\t\t\t\t\t\t\t\t<span class=\"elementor-button-text\">E-shop<\/span>\n\t\t\t\t\t<\/span>\n\t\t\t\t\t<\/a>\n\t\t\t\t<\/div>\n\t\t\t\t\t\t\t\t<\/div>\n\t\t\t\t<\/div>\n\t\t\t\t<\/div>\n\t\t<div class=\"elementor-element elementor-element-bb8bd06 e-flex e-con-boxed e-con e-parent\" data-id=\"bb8bd06\" data-element_type=\"container\" data-e-type=\"container\">\n\t\t\t\t\t<div class=\"e-con-inner\">\n\t\t\t\t<div class=\"elementor-element elementor-element-2107f0f elementor-widget elementor-widget-text-editor\" data-id=\"2107f0f\" data-element_type=\"widget\" data-e-type=\"widget\" data-widget_type=\"text-editor.default\">\n\t\t\t\t<div class=\"elementor-widget-container\">\n\t\t\t\t\t\t\t\t\t<p><em>Wayunki was born in the year 2018. It came from the landscapes of unconsciousness to brighten up and harmonize the space  of consciousness with their sound. Wayunki carries a new quality of experiencing oneself through sound. Its dulcet tones bring moments of rest and calm to those who listen\u2026 a subtle touch of real home and mystery in eternity.<\/em><\/p><p><em><strong>It is a unique instrument for meditation, relaxation, ceremonies, healing and playing for fun<\/strong>. It finds its use in live, improvized or composed music, where it complements other music instruments with its specific sound mood. There are many people who have been using Wayunki during ceremonial and therapeutic procedures and those, who have been enriching their music with it. The most famous interpret to use Wayunki is MAOK.<\/em><br \/><em>Je ji\u017e mnoho lid\u00ed, kte\u0159\u00ed Wayunki pou\u017e\u00edvaj\u00ed p\u0159i sv\u00fdch ceremoni\u00e1ln\u00edch a muzikoterapeutick\u00fdch \u010dinostech a i t\u011bch, kte\u0159\u00ed s nimi obohacuj\u00ed svou hudbu. Asi nejzn\u00e1m\u011bj\u0161\u00ed interpret, kter\u00fd Wayunki hojn\u011b vyu\u017e\u00edv\u00e1, je MAOK.<\/em><\/p>\t\t\t\t\t\t\t\t<\/div>\n\t\t\t\t<\/div>\n\t\t\t\t\t<\/div>\n\t\t\t\t<\/div>\n\t\t<div class=\"elementor-element elementor-element-2ea56c0 e-flex e-con-boxed e-con e-parent\" data-id=\"2ea56c0\" data-element_type=\"container\" data-e-type=\"container\">\n\t\t\t\t\t<div class=\"e-con-inner\">\n\t\t\t\t<div class=\"elementor-element elementor-element-1e894b4 image-left elementor-widget elementor-widget-image\" data-id=\"1e894b4\" data-element_type=\"widget\" data-e-type=\"widget\" data-widget_type=\"image.default\">\n\t\t\t\t<div class=\"elementor-widget-container\">\n\t\t\t\t\t\t\t\t\t\t\t\t\t\t\t<img fetchpriority=\"high\" decoding=\"async\" width=\"768\" height=\"511\" src=\"https:\/\/wayunki.com\/wp-content\/uploads\/2025\/10\/wayunki_pribeh_pic-768x511.jpg\" class=\"attachment-medium_large size-medium_large wp-image-3387\" alt=\"\" srcset=\"https:\/\/wayunki.com\/wp-content\/uploads\/2025\/10\/wayunki_pribeh_pic-768x511.jpg 768w, https:\/\/wayunki.com\/wp-content\/uploads\/2025\/10\/wayunki_pribeh_pic-300x200.jpg 300w, https:\/\/wayunki.com\/wp-content\/uploads\/2025\/10\/wayunki_pribeh_pic-18x12.jpg 18w, https:\/\/wayunki.com\/wp-content\/uploads\/2025\/10\/wayunki_pribeh_pic-100x67.jpg 100w, https:\/\/wayunki.com\/wp-content\/uploads\/2025\/10\/wayunki_pribeh_pic.jpg 1000w\" sizes=\"(max-width: 768px) 100vw, 768px\" \/>\t\t\t\t\t\t\t\t\t\t\t\t\t\t\t<\/div>\n\t\t\t\t<\/div>\n\t\t<div class=\"elementor-element elementor-element-23ea495 e-con-full e-flex e-con e-child\" data-id=\"23ea495\" data-element_type=\"container\" data-e-type=\"container\">\n\t\t\t\t<div class=\"elementor-element elementor-element-4a4542e elementor-widget elementor-widget-heading\" data-id=\"4a4542e\" data-element_type=\"widget\" data-e-type=\"widget\" data-widget_type=\"heading.default\">\n\t\t\t\t<div class=\"elementor-widget-container\">\n\t\t\t\t\t<h2 class=\"elementor-heading-title elementor-size-default\">The story<\/h2>\t\t\t\t<\/div>\n\t\t\t\t<\/div>\n\t\t\t\t<div class=\"elementor-element elementor-element-2a9b4da elementor-widget elementor-widget-text-editor\" data-id=\"2a9b4da\" data-element_type=\"widget\" data-e-type=\"widget\" data-widget_type=\"text-editor.default\">\n\t\t\t\t<div class=\"elementor-widget-container\">\n\t\t\t\t\t\t\t\t\t<p>It all begins with a toad. A magical toad named Bufo Alvarius and its secretion, which is the most powerful known psychedelic. During a Bufo ceremony I experienced in 2018, I had undescribable sound sensations. During the application, our guide and facilitator Yann used a tibetan singing bowl and an instrument called Wauwau tube. Each of the instruments was placed next to one of my ears and the adventure was fascinating. Since then, a vision was planted in me \u2013 a vision to create such an instrument. And after some time, it happened. Just from the original sound and instrument I met during the ceremony a new instrument was born \u2013 one that evoked the original one just remotely.<\/p>\t\t\t\t\t\t\t\t<\/div>\n\t\t\t\t<\/div>\n\t\t\t\t<\/div>\n\t\t\t\t\t<\/div>\n\t\t\t\t<\/div>\n\t\t<div class=\"elementor-element elementor-element-315f7f1 e-flex e-con-boxed e-con e-parent\" data-id=\"315f7f1\" data-element_type=\"container\" data-e-type=\"container\">\n\t\t\t\t\t<div class=\"e-con-inner\">\n\t\t<div class=\"elementor-element elementor-element-a0d9aac e-con-full e-flex e-con e-child\" data-id=\"a0d9aac\" data-element_type=\"container\" data-e-type=\"container\">\n\t\t\t\t<div class=\"elementor-element elementor-element-b392a1c elementor-widget elementor-widget-heading\" data-id=\"b392a1c\" data-element_type=\"widget\" data-e-type=\"widget\" data-widget_type=\"heading.default\">\n\t\t\t\t<div class=\"elementor-widget-container\">\n\t\t\t\t\t<h2 class=\"elementor-heading-title elementor-size-default\">The process of production<\/h2>\t\t\t\t<\/div>\n\t\t\t\t<\/div>\n\t\t\t\t<div class=\"elementor-element elementor-element-d31ea38 elementor-widget elementor-widget-text-editor\" data-id=\"d31ea38\" data-element_type=\"widget\" data-e-type=\"widget\" data-widget_type=\"text-editor.default\">\n\t\t\t\t<div class=\"elementor-widget-container\">\n\t\t\t\t\t\t\t\t\t<p>You can try another interesting effect while playing Wayunki in any place. Every sound that sounds through a space creates invisible structures and patterns from sound waves and thus affects the energy flow of the place. If the sound frequencies are harmonic, these patterns will be harmonic as well. For example, they can look like a beautiful radiant mandala. Each space also has its own characteristics and specifics, therefore the figures of the same Wayunki will be different in every space. You can tune in with your inner vision to a specific pattern that your Wayunki creates in space and play with it with intention and imagination. You can edit and fine-tune it and even move it within the space. As a result, the pattern can be stored in the place and it is possible that it will remain a permanent part of it and can thus tune the energy flow of the place. We will be glad for any feedback and news about using and working with Wayunki for similar purposes.<\/p>\t\t\t\t\t\t\t\t<\/div>\n\t\t\t\t<\/div>\n\t\t\t\t<\/div>\n\t\t\t\t<div class=\"elementor-element elementor-element-f23903b image-right elementor-widget elementor-widget-image\" data-id=\"f23903b\" data-element_type=\"widget\" data-e-type=\"widget\" data-widget_type=\"image.default\">\n\t\t\t\t<div class=\"elementor-widget-container\">\n\t\t\t\t\t\t\t\t\t\t\t\t\t\t\t<img decoding=\"async\" width=\"768\" height=\"511\" src=\"https:\/\/wayunki.com\/wp-content\/uploads\/2025\/10\/pink_wayunki_photo-768x511.jpg\" class=\"attachment-medium_large size-medium_large wp-image-3395\" alt=\"\" srcset=\"https:\/\/wayunki.com\/wp-content\/uploads\/2025\/10\/pink_wayunki_photo-768x511.jpg 768w, https:\/\/wayunki.com\/wp-content\/uploads\/2025\/10\/pink_wayunki_photo-300x200.jpg 300w, https:\/\/wayunki.com\/wp-content\/uploads\/2025\/10\/pink_wayunki_photo-18x12.jpg 18w, https:\/\/wayunki.com\/wp-content\/uploads\/2025\/10\/pink_wayunki_photo-100x67.jpg 100w, https:\/\/wayunki.com\/wp-content\/uploads\/2025\/10\/pink_wayunki_photo.jpg 1000w\" sizes=\"(max-width: 768px) 100vw, 768px\" \/>\t\t\t\t\t\t\t\t\t\t\t\t\t\t\t<\/div>\n\t\t\t\t<\/div>\n\t\t\t\t\t<\/div>\n\t\t\t\t<\/div>\n\t\t<div class=\"elementor-element elementor-element-9a56e6b e-flex e-con-boxed e-con e-parent\" data-id=\"9a56e6b\" data-element_type=\"container\" data-e-type=\"container\">\n\t\t\t\t\t<div class=\"e-con-inner\">\n\t\t\t\t<div class=\"elementor-element elementor-element-de9596b image-left elementor-widget elementor-widget-image\" data-id=\"de9596b\" data-element_type=\"widget\" data-e-type=\"widget\" data-widget_type=\"image.default\">\n\t\t\t\t<div class=\"elementor-widget-container\">\n\t\t\t\t\t\t\t\t\t\t\t\t\t\t\t<img decoding=\"async\" width=\"768\" height=\"511\" src=\"https:\/\/wayunki.com\/wp-content\/uploads\/2025\/10\/case_wayunki_photo-768x511.jpg\" class=\"attachment-medium_large size-medium_large wp-image-3394\" alt=\"\" srcset=\"https:\/\/wayunki.com\/wp-content\/uploads\/2025\/10\/case_wayunki_photo-768x511.jpg 768w, https:\/\/wayunki.com\/wp-content\/uploads\/2025\/10\/case_wayunki_photo-300x200.jpg 300w, https:\/\/wayunki.com\/wp-content\/uploads\/2025\/10\/case_wayunki_photo-18x12.jpg 18w, https:\/\/wayunki.com\/wp-content\/uploads\/2025\/10\/case_wayunki_photo-100x67.jpg 100w, https:\/\/wayunki.com\/wp-content\/uploads\/2025\/10\/case_wayunki_photo.jpg 1000w\" sizes=\"(max-width: 768px) 100vw, 768px\" \/>\t\t\t\t\t\t\t\t\t\t\t\t\t\t\t<\/div>\n\t\t\t\t<\/div>\n\t\t<div class=\"elementor-element elementor-element-9b0aaa4 e-con-full e-flex e-con e-child\" data-id=\"9b0aaa4\" data-element_type=\"container\" data-e-type=\"container\">\n\t\t\t\t<div class=\"elementor-element elementor-element-8a849e6 elementor-widget elementor-widget-heading\" data-id=\"8a849e6\" data-element_type=\"widget\" data-e-type=\"widget\" data-widget_type=\"heading.default\">\n\t\t\t\t<div class=\"elementor-widget-container\">\n\t\t\t\t\t<h2 class=\"elementor-heading-title elementor-size-default\">Material<\/h2>\t\t\t\t<\/div>\n\t\t\t\t<\/div>\n\t\t\t\t<div class=\"elementor-element elementor-element-3e0c265 elementor-widget elementor-widget-text-editor\" data-id=\"3e0c265\" data-element_type=\"widget\" data-e-type=\"widget\" data-widget_type=\"text-editor.default\">\n\t\t\t\t<div class=\"elementor-widget-container\">\n\t\t\t\t\t\t\t\t\t<p>Wayunki is made out of aluminium. This metal has the best attributes, it is light and easy to manipulate. The sticks\/mallets are made from wood and silicone. All the used materials are chosen in order to be as functional as possible.<\/p><p>The sticks are made of wood and silicone. All materials used are chosen with maximum functionality in mind.<\/p>\t\t\t\t\t\t\t\t<\/div>\n\t\t\t\t<\/div>\n\t\t\t\t<\/div>\n\t\t\t\t\t<\/div>\n\t\t\t\t<\/div>\n\t\t<div class=\"elementor-element elementor-element-d169aa5 e-flex e-con-boxed e-con e-parent\" data-id=\"d169aa5\" data-element_type=\"container\" data-e-type=\"container\">\n\t\t\t\t\t<div class=\"e-con-inner\">\n\t\t\t\t<div class=\"elementor-element elementor-element-a79cf84 elementor-widget elementor-widget-heading\" data-id=\"a79cf84\" data-element_type=\"widget\" data-e-type=\"widget\" data-widget_type=\"heading.default\">\n\t\t\t\t<div class=\"elementor-widget-container\">\n\t\t\t\t\t<h2 class=\"elementor-heading-title elementor-size-default\">Why \u201cWayunki\u201d?<\/h2>\t\t\t\t<\/div>\n\t\t\t\t<\/div>\n\t\t\t\t<div class=\"elementor-element elementor-element-203ba7c elementor-widget elementor-widget-text-editor\" data-id=\"203ba7c\" data-element_type=\"widget\" data-e-type=\"widget\" data-widget_type=\"text-editor.default\">\n\t\t\t\t<div class=\"elementor-widget-container\">\n\t\t\t\t\t\t\t\t\t<p>From the first prototype of Wayunki, I knew that the name of the instrument would sound like this\u2026 Or I could say that the instrument already knew what it was called\u2026 My job was just to put the letters and syllables together to make it fit exactly. The process took me about 10 minutes. The word Wayunki can also express the phonetic transcription of the sound wayuwayuwayu, where the \u201cki\u201d can resemble the initial strike of a stick \u2013 ki <img decoding=\"async\" class=\"emoji\" role=\"img\" draggable=\"false\" src=\"https:\/\/s.w.org\/images\/core\/emoji\/16.0.1\/svg\/1f642.svg\" alt=\"\ud83d\ude42\" \/><\/p>\t\t\t\t\t\t\t\t<\/div>\n\t\t\t\t<\/div>\n\t\t\t\t\t<\/div>\n\t\t\t\t<\/div>\n\t\t<div class=\"elementor-element elementor-element-2e1d78f e-flex e-con-boxed e-con e-parent\" data-id=\"2e1d78f\" data-element_type=\"container\" data-e-type=\"container\">\n\t\t\t\t\t<div class=\"e-con-inner\">\n\t\t\t\t<div class=\"elementor-element elementor-element-18b8d56 elementor-widget elementor-widget-heading\" data-id=\"18b8d56\" data-element_type=\"widget\" data-e-type=\"widget\" data-widget_type=\"heading.default\">\n\t\t\t\t<div class=\"elementor-widget-container\">\n\t\t\t\t\t<h2 class=\"elementor-heading-title elementor-size-default\">Wayunki \u2013 the Ambient chimes<\/h2>\t\t\t\t<\/div>\n\t\t\t\t<\/div>\n\t\t\t\t<div class=\"elementor-element elementor-element-337b400 elementor-widget elementor-widget-text-editor\" data-id=\"337b400\" data-element_type=\"widget\" data-e-type=\"widget\" data-widget_type=\"text-editor.default\">\n\t\t\t\t<div class=\"elementor-widget-container\">\n\t\t\t\t\t\t\t\t\t<p>Due to the shape of Wayunki, the possibility of use as chimes was visible from the beginning. I also wanted to achieve an even softer sound than when playing with a classic sticks. For this purpose, I have developed an add-on that allows you to optionallyexpand the playing capabilities of the instrument. It is an extension that can be screwed into a hole in the mouthpiece and thereby obtain a modified instrument that sounds by swinging or other movement. A special silicone ball suspended in the cavity of the body of the instrument makes the tones sound in a very soft and continuous way. The resulting sound creates moody soundscapes, is very hypnotic, ideal for various ceremonies, meditation and music therapy.<\/p>\t\t\t\t\t\t\t\t<\/div>\n\t\t\t\t<\/div>\n\t\t\t\t<div class=\"elementor-element elementor-element-5b40f63 elementor-widget elementor-widget-shortcode\" data-id=\"5b40f63\" data-element_type=\"widget\" data-e-type=\"widget\" data-widget_type=\"shortcode.default\">\n\t\t\t\t<div class=\"elementor-widget-container\">\n\t\t\t\t\t\t\t<div class=\"elementor-shortcode\"><div style=\"position: relative; padding-top: 56.25%;\"><iframe title=\"Wayunki chimes\" width=\"100%\" height=\"100%\" src=\"https:\/\/video.algaweb.cz\/videos\/embed\/dc88e061-d23c-4fb3-8380-96fac1ecb04d\" frameborder=\"0\" allowfullscreen=\"\" sandbox=\"allow-same-origin allow-scripts allow-popups allow-forms\" style=\"position: absolute; inset: 0px;\"><\/iframe><\/div><\/div>\n\t\t\t\t\t\t<\/div>\n\t\t\t\t<\/div>\n\t\t\t\t\t<\/div>\n\t\t\t\t<\/div>\n\t\t<div class=\"elementor-element elementor-element-c54eeef e-flex e-con-boxed e-con e-parent\" data-id=\"c54eeef\" data-element_type=\"container\" data-e-type=\"container\">\n\t\t\t\t\t<div class=\"e-con-inner\">\n\t\t<div class=\"elementor-element elementor-element-90beeb6 e-con-full e-flex e-con e-child\" data-id=\"90beeb6\" data-element_type=\"container\" data-e-type=\"container\">\n\t\t\t\t<div class=\"elementor-element elementor-element-145eb28 elementor-widget elementor-widget-heading\" data-id=\"145eb28\" data-element_type=\"widget\" data-e-type=\"widget\" data-widget_type=\"heading.default\">\n\t\t\t\t<div class=\"elementor-widget-container\">\n\t\t\t\t\t<h3 class=\"elementor-heading-title elementor-size-default\">Healing and Energy Work with Wayunki<\/h3>\t\t\t\t<\/div>\n\t\t\t\t<\/div>\n\t\t\t\t<div class=\"elementor-element elementor-element-24058b4 elementor-widget elementor-widget-text-editor\" data-id=\"24058b4\" data-element_type=\"widget\" data-e-type=\"widget\" data-widget_type=\"text-editor.default\">\n\t\t\t\t<div class=\"elementor-widget-container\">\n\t\t\t\t\t\t\t\t\t<p>You can try another interesting effect while playing Wayunki in any place. Every sound that sounds through a space creates invisible structures and patterns from sound waves and thus affects the energy flow of the place. If the sound frequencies are harmonic, these patterns will be harmonic as well. For example, they can look like a beautiful radiant mandala. Each space also has its own characteristics and specifics, therefore the figures of the same Wayunki will be different in every space. You can tune in with your inner vision to a specific pattern that your Wayunki creates in space and play with it with intention and imagination. You can edit and fine-tune it and even move it within the space. As a result, the pattern can be stored in the place and it is possible that it will remain a permanent part of it and can thus tune the energy flow of the place. We will be glad for any feedback and news about using and working with Wayunki for similar purposes.<\/p>\t\t\t\t\t\t\t\t<\/div>\n\t\t\t\t<\/div>\n\t\t\t\t<\/div>\n\t\t\t\t<div class=\"elementor-element elementor-element-c14d31b image-right elementor-widget elementor-widget-image\" data-id=\"c14d31b\" data-element_type=\"widget\" data-e-type=\"widget\" data-widget_type=\"image.default\">\n\t\t\t\t<div class=\"elementor-widget-container\">\n\t\t\t\t\t\t\t\t\t\t\t\t\t\t\t<img loading=\"lazy\" decoding=\"async\" width=\"768\" height=\"511\" src=\"https:\/\/wayunki.com\/wp-content\/uploads\/2025\/10\/wayunki_outside_photo-768x511.jpg\" class=\"attachment-medium_large size-medium_large wp-image-3405\" alt=\"\" srcset=\"https:\/\/wayunki.com\/wp-content\/uploads\/2025\/10\/wayunki_outside_photo-768x511.jpg 768w, https:\/\/wayunki.com\/wp-content\/uploads\/2025\/10\/wayunki_outside_photo-300x200.jpg 300w, https:\/\/wayunki.com\/wp-content\/uploads\/2025\/10\/wayunki_outside_photo-18x12.jpg 18w, https:\/\/wayunki.com\/wp-content\/uploads\/2025\/10\/wayunki_outside_photo-100x67.jpg 100w, https:\/\/wayunki.com\/wp-content\/uploads\/2025\/10\/wayunki_outside_photo.jpg 1000w\" sizes=\"(max-width: 768px) 100vw, 768px\" \/>\t\t\t\t\t\t\t\t\t\t\t\t\t\t\t<\/div>\n\t\t\t\t<\/div>\n\t\t\t\t\t<\/div>\n\t\t\t\t<\/div>\n\t\t\t\t<\/div>","protected":false},"excerpt":{"rendered":"<p>Wayunki Z ticha p\u0159ich\u00e1z\u00ed zvuk a s n\u00edm pracujeme. E-shop V roce 2018 se Wayunki zrodily na tento sv\u011bt. P\u0159i\u0161ly z krajiny nev\u011bdom\u00ed, aby sv\u00fdm zvukem proz\u00e1\u0159ily a harmonizovaly prostor v\u011bdom\u00ed. Wayunki nesou novou kvalitu pro\u017e\u00edv\u00e1n\u00ed sebe skrze zvuk. Jejich lib\u00e9 t\u00f3ny p\u0159in\u00e1\u0161\u00ed chv\u00edle spo\u010dinut\u00ed a klidu t\u011bm, kte\u0159\u00ed naslouchaj\u00ed, prchav\u00fd dotek skute\u010dn\u00e9ho domova a [&hellip;]<\/p>\n","protected":false},"author":4,"featured_media":0,"parent":0,"menu_order":0,"comment_status":"closed","ping_status":"closed","template":"","meta":{"footnotes":""},"class_list":["post-3382","page","type-page","status-publish","hentry"],"_links":{"self":[{"href":"https:\/\/wayunki.com\/en\/wp-json\/wp\/v2\/pages\/3382","targetHints":{"allow":["GET"]}}],"collection":[{"href":"https:\/\/wayunki.com\/en\/wp-json\/wp\/v2\/pages"}],"about":[{"href":"https:\/\/wayunki.com\/en\/wp-json\/wp\/v2\/types\/page"}],"author":[{"embeddable":true,"href":"https:\/\/wayunki.com\/en\/wp-json\/wp\/v2\/users\/4"}],"replies":[{"embeddable":true,"href":"https:\/\/wayunki.com\/en\/wp-json\/wp\/v2\/comments?post=3382"}],"version-history":[{"count":117,"href":"https:\/\/wayunki.com\/en\/wp-json\/wp\/v2\/pages\/3382\/revisions"}],"predecessor-version":[{"id":3981,"href":"https:\/\/wayunki.com\/en\/wp-json\/wp\/v2\/pages\/3382\/revisions\/3981"}],"wp:attachment":[{"href":"https:\/\/wayunki.com\/en\/wp-json\/wp\/v2\/media?parent=3382"}],"curies":[{"name":"wp","href":"https:\/\/api.w.org\/{rel}","templated":true}]}}