{"id":1425,"date":"2024-12-02T09:17:47","date_gmt":"2024-12-02T08:17:47","guid":{"rendered":"https:\/\/wayunki.com\/?page_id=1425"},"modified":"2024-12-09T10:50:00","modified_gmt":"2024-12-09T09:50:00","slug":"dodaci-a-platebni-podminky","status":"publish","type":"page","link":"https:\/\/wayunki.com\/en\/dodaci-a-platebni-podminky\/","title":{"rendered":"Delivery and payment terms"},"content":{"rendered":"<div data-elementor-type=\"wp-page\" data-elementor-id=\"1425\" class=\"elementor elementor-1425\" data-elementor-post-type=\"page\">\n\t\t\t\t<div class=\"elementor-element elementor-element-2658575 e-flex e-con-boxed e-con e-parent\" data-id=\"2658575\" data-element_type=\"container\" data-e-type=\"container\">\n\t\t\t\t\t<div class=\"e-con-inner\">\n\t\t\t\t<div class=\"elementor-element elementor-element-c01f5dd elementor-widget elementor-widget-text-editor\" data-id=\"c01f5dd\" data-element_type=\"widget\" data-e-type=\"widget\" data-widget_type=\"text-editor.default\">\n\t\t\t\t<div class=\"elementor-widget-container\">\n\t\t\t\t\t\t\t\t\t<h1>Delivery and payment terms<\/h1><ol><li><b>Basic provisions\u00a0<\/b><\/li><li><span style=\"font-weight: 400;\"> The controller of personal data pursuant to Article 4(7) of Regulation (EU) 2016\/679 of the European Parliament and of the Council on the protection of natural persons with regard to the processing of personal data and on the free movement of such data (hereinafter: \"<\/span><b>GDPR<\/b><span style=\"font-weight: 400;\">\") is\u00a0<\/span><a href=\"https:\/\/www.proindustry.cz\/\"><b>Andrew<\/b><\/a><b> Janousek<\/b><span style=\"font-weight: 400;\">.<\/span><span style=\"font-weight: 400;\">ID:\u00a0<\/span><b>73853518<\/b><span style=\"font-weight: 400;\">with registered office <\/span><b>Filipova 2014\/2, Prague 4 - Chodov<\/b><span style=\"font-weight: 400;\"> (hereinafter: \"<\/span><b>Administrator<\/b><span style=\"font-weight: 400;\">\"). So we as operators <\/span><a href=\"about:blank\"><b>www.wayunki.com<\/b><\/a><\/li><li><span style=\"font-weight: 400;\"> Contact details for us as administrator are:<\/span><\/li><\/ol><p><span style=\"font-weight: 400;\">Address:<\/span><b>\u00a0<\/b><b>Prokopova 14, Prague 3, 130 00<\/b><\/p><p><span style=\"font-weight: 400;\">E-mail:\u00a0<\/span><b>info@wayunki.com<\/b><\/p><p><span style=\"font-weight: 400;\">Phone: <\/span><b>+420\u00a0777 870 609<\/b><\/p><ol start=\"3\"><li><span style=\"font-weight: 400;\"> Personal data means any information about an identified or identifiable natural person; an identifiable natural person is a natural person who can be identified, directly or indirectly, in particular by reference to an identifier such as a name, an identification number, location data, a network identifier or to one or more specific elements of the physical, physiological, genetic, mental, economic, cultural or social identity of that natural person.\u00a0<\/span><\/li><li><span style=\"font-weight: 400;\"> We, as the data controller, have not appointed a data protection officer. Thus, we do not pass the responsibility on to anyone. We just play fair.<\/span><\/li><li><b>Sources and categories of personal data processed<\/b><\/li><li><span style=\"font-weight: 400;\"> We, as the controller, process personal data that you have provided to us or personal data that we have obtained from you as a result of the fulfilment of your order. This means the data necessary for the processing and delivery of your order, such as name, address, e-mail and telephone.<\/span><\/li><li><span style=\"font-weight: 400;\"> We, as the data controller, only process your identification and contact data for the necessary performance of the purchase contract, which is your order with us in our e-shop.<\/span><\/li><\/ol><p><b>III. Lawful basis and purpose of the processing of personal data<\/b><\/p><ol><li><span style=\"font-weight: 400;\"> The lawful basis for processing your personal data is:<\/span><\/li><\/ol><ul><li style=\"font-weight: 400;\" aria-level=\"1\"><span style=\"font-weight: 400;\">the performance of the contract between you and us, i.e. the data controller pursuant to Article 6(1)(b) GDPR,<\/span><\/li><li style=\"font-weight: 400;\" aria-level=\"1\"><span style=\"font-weight: 400;\">the controller's legitimate interest in providing direct marketing (in particular for sending commercial communications and newsletters) pursuant to Article 6(1)(f) GDPR, but only if you want to receive the newsletter and you subscribe to it yourself when ordering goods from us. Otherwise, we will not send you anything and we will not bother you with advertising.\u00a0<\/span><\/li><li style=\"font-weight: 400;\" aria-level=\"1\"><span style=\"font-weight: 400;\">your consent to processing for the purpose of providing direct marketing (in particular for sending commercial communications and newsletters) pursuant to Article 6(1)(a) of the GDPR in conjunction with Section 7(2) of Act No. 480\/2004 Coll., on certain information society services in the absence of an order for goods or services. This means that if you do not order anything from us but only subscribe to our newsletter.<\/span><\/li><\/ul><ol start=\"2\"><li><span style=\"font-weight: 400;\"> The purpose of processing personal data is:<\/span><\/li><\/ol><ul><li style=\"font-weight: 400;\" aria-level=\"1\"><span style=\"font-weight: 400;\">the processing of your order and the exercise of the rights and obligations arising from the contractual relationship between you and us as data controller; when placing an order, the personal data required for our successful processing of your order (name, surname, address and contact details in the form of a telephone number) are required. The provision of personal data is a necessary requirement for the conclusion and performance of the contract - i.e. your order. Without the provision of personal data, it is not possible for us as data controller to conclude or properly execute the contract,<\/span><\/li><li style=\"font-weight: 400;\" aria-level=\"1\"><span style=\"font-weight: 400;\">sending you commercial communications and doing our other marketing activities, but only if you wish to do so. Otherwise we will not send you anything.\u00a0<\/span><\/li><\/ul><ol start=\"3\"><li><span style=\"font-weight: 400;\"> There is no automatic individual decision-making by us as the controller within the meaning of Article 22 GDPR. Again and still we play fair-play.<\/span><\/li><li><b>Data retention period<\/b><\/li><li><span style=\"font-weight: 400;\"> As the controller, we store your personal data:<\/span><\/li><\/ol><ul><li style=\"font-weight: 400;\" aria-level=\"1\"><span style=\"font-weight: 400;\">only for as long as necessary to exercise the rights and obligations arising from our contractual relationship between you and us as data controller and for the exercise of claims arising from that contractual relationship (for a period of 15 years from the end of the contractual relationship, as ordered by the tax authority).\u00a0<\/span><\/li><li style=\"font-weight: 400;\" aria-level=\"1\"><span style=\"font-weight: 400;\">only for as long as your consent to the processing of personal data for marketing purposes is withdrawn and for a maximum of 5 years if the personal data is processed on the basis of your consent.<\/span><\/li><\/ul><ol start=\"2\"><li><span style=\"font-weight: 400;\"> After the retention period has expired, we, as the controller, will irreversibly delete the personal data.\u00a0<\/span><\/li><li><b>Recipients of personal data (our subcontractors and partners)<\/b><\/li><li><span style=\"font-weight: 400;\"> Recipients of personal data are persons:<\/span><\/li><\/ol><ul><li style=\"font-weight: 400;\" aria-level=\"1\"><span style=\"font-weight: 400;\">involved in the delivery of goods, services and the execution of payments under the contract, such as a carrier, bank or payment gateway or payment card provider<\/span><\/li><li style=\"font-weight: 400;\" aria-level=\"1\"><span style=\"font-weight: 400;\">providing e-shop operation services (WordPress as the platform on which the e-shop runs) and other services in connection with the operation of the e-shop (web hosting provider)<\/span><\/li><li style=\"font-weight: 400;\" aria-level=\"1\"><span style=\"font-weight: 400;\">providing marketing services ( for example, Google, Seznam, Heureka and others), but only if you give your consent. Again, we play fair. We won't give anyone your data without your consent to bother you with advertising you don't want.\u00a0\u00a0<\/span><\/li><li style=\"font-weight: 400;\" aria-level=\"1\"><span style=\"font-weight: 400;\">From <\/span><span style=\"font-weight: 400;\">1.12. 2024<\/span><span style=\"font-weight: 400;\"> By using profiling (marketing) cookies, you as a user also give the right to use a new type of data<\/span><\/li><\/ul><ol start=\"2\"><li><span style=\"font-weight: 400;\"> We, as the data controller, do not intend to and will not transfer your personal data to a third country ( non-EU country ) or international organisation.\u00a0<\/span><\/li><li><b> Your rights<\/b><\/li><li><span style=\"font-weight: 400;\"> Under the conditions set out in the GDPR you have:<\/span><\/li><\/ol><ul><li style=\"font-weight: 400;\" aria-level=\"1\"><span style=\"font-weight: 400;\">the right of access to your personal data under Article 15 GDPR,<\/span><\/li><li style=\"font-weight: 400;\" aria-level=\"1\"><span style=\"font-weight: 400;\">the right to rectification of personal data pursuant to Article 16 GDPR or restriction of processing pursuant to Article 18 GDPR.<\/span><\/li><li style=\"font-weight: 400;\" aria-level=\"1\"><span style=\"font-weight: 400;\">the right to erasure of personal data pursuant to Article 17 GDPR.<\/span><\/li><li style=\"font-weight: 400;\" aria-level=\"1\"><span style=\"font-weight: 400;\">the right to object to processing under Article 21 GDPR<\/span><\/li><li style=\"font-weight: 400;\" aria-level=\"1\"><span style=\"font-weight: 400;\">the right to data portability under Article 20 GDPR.<\/span><\/li><li style=\"font-weight: 400;\" aria-level=\"1\"><span style=\"font-weight: 400;\">the right to withdraw consent to processing in writing or electronically to the address or email of the controller referred to in Article I, point 2 of these Terms and Conditions.<\/span><\/li><\/ul><ol start=\"2\"><li><span style=\"font-weight: 400;\"> You also have the right to file a complaint with the Office for Personal Data Protection if you believe that your right to personal data protection has been violated.<\/span><\/li><\/ol><p><b>VII. Personal Data Security Terms and Conditions<\/b><\/p><ol><li><span style=\"font-weight: 400;\"> We, as the controller, declare that we have taken all appropriate technical and organisational measures to secure your personal data.<\/span><\/li><li><span style=\"font-weight: 400;\"> We, as the controller, have taken technical measures to secure data storage and storage of personal data in paper form.<\/span><\/li><li><span style=\"font-weight: 400;\"> We, as the controller, declare that your personal data can only be accessed by persons authorised by us to process your order.<\/span><\/li><\/ol><p><b>VIII. Final Provisions<\/b><\/p><ol><li><span style=\"font-weight: 400;\"> By submitting an order from the online order form - eshop, you confirm that you have read the terms and conditions of personal data protection and that you accept them in their entirety.<\/span><\/li><li><span style=\"font-weight: 400;\"> You agree to these terms and conditions by ticking the consent box via the online form when you place your order. By checking the consent box, you confirm that you have read the privacy policy and accept it in its entirety.<\/span><\/li><li><span style=\"font-weight: 400;\"> We, as the administrator, are entitled to change these terms and conditions. We will post the new version of these privacy policy on our website. We are also obliged to send you the new version of these terms and conditions to the email address you have provided to us as the controller.<\/span><\/li><\/ol><p><span style=\"font-weight: 400;\">\u00a0<\/span><\/p><p><span style=\"font-weight: 400;\">These terms and conditions shall take effect on the date of <\/span><span style=\"font-weight: 400;\">1.12.2024.<\/span><\/p><p><span style=\"font-weight: 400;\">Learn more about the Comgate payment method:\u00a0<\/span><\/p><p>Comgate, Inc.<br \/>Go\u010d\u00e1rova t\u0159\u00edda 1754 \/ 48b, Hradec Kr\u00e1lov\u00e9<br \/>E-mail:\u00a0<a href=\"mailto:platby-podpora@comgate.cz\" target=\"_blank\" rel=\"noopener\">platby-podpora@comgate.cz<\/a><br \/>Tel:\u00a0<a href=\"tel:+420228224267\" target=\"_blank\" rel=\"noopener\">+420 228 224 267<\/a><\/p><p><span style=\"font-weight: 400;\">For more information about the provider and payment methods, please visit:\u00a0<br \/><a href=\"https:\/\/www.comgate.cz\/cz\/platebni-brana\">https:\/\/www.comgate.cz\/cz\/platebni-brana<\/a><br \/><br \/><a href=\"https:\/\/help.comgate.cz\/v1\/docs\/cs\/platby-kartou\">https:\/\/help.comgate.cz\/v1\/docs\/cs\/platby-kartou<\/a><\/span><\/p><p><span style=\"font-weight: 400;\"><a href=\"https:\/\/help.comgate.cz\/docs\/bankovni-prevody\">https:\/\/help.comgate.cz\/docs\/bankovni-prevody<\/a><br \/><\/span><\/p>\t\t\t\t\t\t\t\t<\/div>\n\t\t\t\t<\/div>\n\t\t\t\t\t<\/div>\n\t\t\t\t<\/div>\n\t\t\t\t<\/div>","protected":false},"excerpt":{"rendered":"<p>Dodac\u00ed a platebn\u00ed podm\u00ednky Z\u00e1kladn\u00ed ustanoven\u00ed\u00a0 Spr\u00e1vcem osobn\u00edch \u00fadaj\u016f podle \u010dl. 4 bod 7 na\u0159\u00edzen\u00ed Evropsk\u00e9ho parlamentu a Rady (EU) 2016\/679 o ochran\u011b fyzick\u00fdch osob v souvislosti se zpracov\u00e1n\u00edm osobn\u00edch \u00fadaj\u016f a o voln\u00e9m pohybu t\u011bchto \u00fadaj\u016f (d\u00e1le jen: \u201eGDPR\u201d) je\u00a0Ond\u0159ej Janou\u0161ek.I\u010cO:\u00a073853518se s\u00eddlem Filipova 2014\/2, Praha 4 &#8211; Chodov (d\u00e1le jen: \u201espr\u00e1vce\u201c). Tedy my jako [&hellip;]<\/p>\n","protected":false},"author":4,"featured_media":0,"parent":0,"menu_order":0,"comment_status":"closed","ping_status":"closed","template":"","meta":{"footnotes":""},"class_list":["post-1425","page","type-page","status-publish","hentry"],"_links":{"self":[{"href":"https:\/\/wayunki.com\/en\/wp-json\/wp\/v2\/pages\/1425","targetHints":{"allow":["GET"]}}],"collection":[{"href":"https:\/\/wayunki.com\/en\/wp-json\/wp\/v2\/pages"}],"about":[{"href":"https:\/\/wayunki.com\/en\/wp-json\/wp\/v2\/types\/page"}],"author":[{"embeddable":true,"href":"https:\/\/wayunki.com\/en\/wp-json\/wp\/v2\/users\/4"}],"replies":[{"embeddable":true,"href":"https:\/\/wayunki.com\/en\/wp-json\/wp\/v2\/comments?post=1425"}],"version-history":[{"count":5,"href":"https:\/\/wayunki.com\/en\/wp-json\/wp\/v2\/pages\/1425\/revisions"}],"predecessor-version":[{"id":1768,"href":"https:\/\/wayunki.com\/en\/wp-json\/wp\/v2\/pages\/1425\/revisions\/1768"}],"wp:attachment":[{"href":"https:\/\/wayunki.com\/en\/wp-json\/wp\/v2\/media?parent=1425"}],"curies":[{"name":"wp","href":"https:\/\/api.w.org\/{rel}","templated":true}]}}