{"id":14,"date":"2024-11-08T12:29:18","date_gmt":"2024-11-08T11:29:18","guid":{"rendered":"https:\/\/wayunki.com\/?page_id=14"},"modified":"2024-12-02T09:11:06","modified_gmt":"2024-12-02T08:11:06","slug":"reklamacni-podminky","status":"publish","type":"page","link":"https:\/\/wayunki.com\/en\/reklamacni-podminky\/","title":{"rendered":"Complaints policy"},"content":{"rendered":"<div data-elementor-type=\"wp-page\" data-elementor-id=\"14\" class=\"elementor elementor-14\" data-elementor-post-type=\"page\">\n\t\t\t\t<div class=\"elementor-element elementor-element-7b792bae e-flex e-con-boxed e-con e-parent\" data-id=\"7b792bae\" data-element_type=\"container\" data-e-type=\"container\">\n\t\t\t\t\t<div class=\"e-con-inner\">\n\t\t\t\t<div class=\"elementor-element elementor-element-57b5aa50 elementor-widget elementor-widget-text-editor\" data-id=\"57b5aa50\" data-element_type=\"widget\" data-e-type=\"widget\" data-widget_type=\"text-editor.default\">\n\t\t\t\t<div class=\"elementor-widget-container\">\n\t\t\t\t\t\t\t\t\t<p><\/p>\n<h1><b>Complaints policy<\/b><\/h1>\n<p><b>Information for clients and non-clients on how to,<\/b><b><br><\/b><b>claim or return the product purchased in our shop.<\/b><\/p>\n<p><b>Return of goods<\/b><\/p>\n<p><span style=\"font-weight: 400;\">If you find that there are any problems with the goods delivered and you are not satisfied with them, please let us know in writing, by phone, email or SMS within 14 days of delivery.<\/span><\/p>\n<p><span style=\"font-weight: 400;\">If the goods do not suit you, you can return them and get a refund of the amount paid in addition to the shipping costs.<\/span><\/p>\n<p><span style=\"font-weight: 400;\">We cannot take back the goods after use or wear and the customer is obliged to keep the goods.<\/span><\/p>\n<p><span style=\"font-weight: 400;\">If you receive a damaged parcel, please contact the carrier,&nbsp;<\/span><b>WAYUNKI is not responsible for the quality of the transport.<\/b><\/p>\n<p><span style=\"font-weight: 400;\">The customer is responsible for any incorrect ordering of the product and the associated costs.<\/span><\/p>\n<p><span style=\"font-weight: 400;\">In case of agreed refund: the refund will be made immediately. It may take up to 28 days to appear on your statement.<\/span><\/p>\n<p><b>Complaints<\/b><\/p>\n<p><b>Sending a complaint<\/b><span style=\"font-weight: 400;\"><br><\/span><span style=\"font-weight: 400;\">If you send your goods by post or by a shipping company, the package must be clearly marked with the word RECLAMATION.<\/span><\/p>\n<p><span style=\"font-weight: 400;\">If there is more than one claim in one package, it is necessary to&nbsp;<\/span><b>clearly mark the goods complained of<\/b><span style=\"font-weight: 400;\">&nbsp;inside the package.<\/span><span style=\"font-weight: 400;\"><br><\/span><span style=\"font-weight: 400;\">You must enclose proof of purchase and a cover letter with a precise description of the defect and valid contact details.<\/span><\/p>\n<p><b>Complaint process<\/b><span style=\"font-weight: 400;\"><br><\/span><span style=\"font-weight: 400;\">You will be informed about the progress of the claim by automatic emails, which will notify you that your claim has been received by us in the system, that it has been processed, that it has been sent to you or that you have the opportunity to collect it.<\/span><\/p>\n<p><b>Contacts:<\/b><span style=\"font-weight: 400;\"><br><\/span><span style=\"font-weight: 400;\">The contact information below is for any communication you may need regarding your problem or inquiry about the complaint process.<\/span><\/p>\n<p><b>Martin Cold<\/b><span style=\"font-weight: 400;\"><br><\/span><span style=\"font-weight: 400;\">Prokopova 14, <\/span><span style=\"font-weight: 400;\"><br><\/span><span style=\"font-weight: 400;\">130 00 Prague 3<\/span><span style=\"font-weight: 400;\"><br><\/span><span style=\"font-weight: 400;\">Tel: <\/span><b>+420 777 870 609<\/b><span style=\"font-weight: 400;\"><br><\/span><span style=\"font-weight: 400;\">Email:&nbsp;info@wayunki.com<\/span><\/p>\n<p><\/p>\n<p><\/p>\t\t\t\t\t\t\t\t<\/div>\n\t\t\t\t<\/div>\n\t\t\t\t\t<\/div>\n\t\t\t\t<\/div>\n\t\t\t\t<\/div>","protected":false},"excerpt":{"rendered":"<p>Reklama\u010dn\u00ed podm\u00ednky Informace pro klienty i neklienty o tom, jak\u00fdm zp\u016fsobem,reklamovat nebo vr\u00e1tit zakoupen\u00fd produkt v na\u0161em eshopu. Vr\u00e1cen\u00ed zbo\u017e\u00ed Pokud zjist\u00edte, \u017ee s dodan\u00fdm zbo\u017e\u00edm jsou jak\u00e9koliv probl\u00e9my a nejste s nim spokojeni, dejte n\u00e1m to pros\u00edm v\u011bd\u011bt p\u00edsemn\u011b, telefonicky, emailem nebo pomoc\u00ed SMS nejpozd\u011bji do 14 dn\u016f od doru\u010den\u00ed zbo\u017e\u00ed. Pokud v\u00e1m zbo\u017e\u00ed [&hellip;]<\/p>\n","protected":false},"author":4,"featured_media":0,"parent":0,"menu_order":0,"comment_status":"closed","ping_status":"closed","template":"","meta":{"footnotes":""},"class_list":["post-14","page","type-page","status-publish","hentry"],"_links":{"self":[{"href":"https:\/\/wayunki.com\/en\/wp-json\/wp\/v2\/pages\/14","targetHints":{"allow":["GET"]}}],"collection":[{"href":"https:\/\/wayunki.com\/en\/wp-json\/wp\/v2\/pages"}],"about":[{"href":"https:\/\/wayunki.com\/en\/wp-json\/wp\/v2\/types\/page"}],"author":[{"embeddable":true,"href":"https:\/\/wayunki.com\/en\/wp-json\/wp\/v2\/users\/4"}],"replies":[{"embeddable":true,"href":"https:\/\/wayunki.com\/en\/wp-json\/wp\/v2\/comments?post=14"}],"version-history":[{"count":5,"href":"https:\/\/wayunki.com\/en\/wp-json\/wp\/v2\/pages\/14\/revisions"}],"predecessor-version":[{"id":1416,"href":"https:\/\/wayunki.com\/en\/wp-json\/wp\/v2\/pages\/14\/revisions\/1416"}],"wp:attachment":[{"href":"https:\/\/wayunki.com\/en\/wp-json\/wp\/v2\/media?parent=14"}],"curies":[{"name":"wp","href":"https:\/\/api.w.org\/{rel}","templated":true}]}}